{"id":3651,"date":"2024-10-23T15:12:38","date_gmt":"2024-10-23T13:12:38","guid":{"rendered":"http:\/\/billigtrikots.com\/?post_type=product&#038;p=3651"},"modified":"2024-10-23T15:14:48","modified_gmt":"2024-10-23T13:14:48","slug":"fc-liverpool-2022-gray-goalkeeper-shirt-shorts-with-a-becker-1-printing","status":"publish","type":"product","link":"https:\/\/www.billigtrikotde.com\/es\/fc-liverpool-2022-gray-goalkeeper-shirt-shorts-with-a-becker-1-printing\/","title":{"rendered":"FC Liverpool 2022 Camiseta gris de portero + Pantal\u00f3n corto con estampado A.BECKER 1"},"content":{"rendered":"<p>Para verdaderos aficionados del FC Liverpool, una mejora imprescindible: la camiseta deportiva en dise\u00f1o original. Recomendamos este modelo ligero, muy c\u00f3modo, transpirable y de absorci\u00f3n de sudor, con una agradable sensaci\u00f3n al llevarlo. Destaca visualmente por un escudo del club en el pecho. Con esta camiseta estar\u00e1s preparado para cualquier entrenamiento y partido. Haz que este top deportivo dark green con patr\u00f3n de cuadros se convierta en tu fiel acompa\u00f1ante.<\/p>\n<p>Consejos para la impresi\u00f3n: Si el nombre y el n\u00famero que aparecen en la imagen son exactamente los que desea, no es necesario que los vuelva a introducir. En caso contrario, deber\u00e1 introducir el nombre y el n\u00famero que desee.<\/p>\n<p>Consejos de lavado: Se recomienda lavar las camisetas de f\u00fatbol a mano. Si desea utilizar la lavadora, recuerde poner las camisetas de f\u00fatbol del rev\u00e9s y luego lavarlas. Llena la lavadora con agua fr\u00eda y utiliza un ciclo delicado para proteger mejor los colores.<\/p>","protected":false},"excerpt":{"rendered":"<p>Para verdaderos aficionados del FC Liverpool, una mejora imprescindible: la camiseta deportiva en dise\u00f1o original. Recomendamos este modelo ligero, muy c\u00f3modo, transpirable y de absorci\u00f3n de sudor, con una agradable sensaci\u00f3n al llevarlo. Destaca visualmente por un escudo del club en el pecho. Con esta camiseta estar\u00e1s preparado para cualquier entrenamiento y partido. Haz que este top deportivo dark green con patr\u00f3n de cuadros se convierta en tu fiel acompa\u00f1ante.<\/p>","protected":false},"featured_media":3695,"comment_status":"open","ping_status":"closed","template":"","meta":[],"product_brand":[],"product_cat":[176],"product_tag":[20,35,21,23,24,155],"class_list":{"0":"post-3651","1":"product","2":"type-product","3":"status-publish","4":"has-post-thumbnail","6":"product_cat-liverpool-fc","7":"product_tag-coole-fussballtrikots","8":"product_tag-fussball-torwarttrikots","9":"product_tag-fussballtrikot-fuer-herren","10":"product_tag-fussballtrikot-kurzarm","11":"product_tag-guenstiges-fussballtrikot","12":"product_tag-liverpool-torwarttrikot","14":"first","15":"instock","16":"shipping-taxable","17":"purchasable","18":"product-type-variable"},"_links":{"self":[{"href":"https:\/\/www.billigtrikotde.com\/es\/wp-json\/wp\/v2\/product\/3651","targetHints":{"allow":["GET"]}}],"collection":[{"href":"https:\/\/www.billigtrikotde.com\/es\/wp-json\/wp\/v2\/product"}],"about":[{"href":"https:\/\/www.billigtrikotde.com\/es\/wp-json\/wp\/v2\/types\/product"}],"replies":[{"embeddable":true,"href":"https:\/\/www.billigtrikotde.com\/es\/wp-json\/wp\/v2\/comments?post=3651"}],"wp:featuredmedia":[{"embeddable":true,"href":"https:\/\/www.billigtrikotde.com\/es\/wp-json\/wp\/v2\/media\/3695"}],"wp:attachment":[{"href":"https:\/\/www.billigtrikotde.com\/es\/wp-json\/wp\/v2\/media?parent=3651"}],"wp:term":[{"taxonomy":"product_brand","embeddable":true,"href":"https:\/\/www.billigtrikotde.com\/es\/wp-json\/wp\/v2\/product_brand?post=3651"},{"taxonomy":"product_cat","embeddable":true,"href":"https:\/\/www.billigtrikotde.com\/es\/wp-json\/wp\/v2\/product_cat?post=3651"},{"taxonomy":"product_tag","embeddable":true,"href":"https:\/\/www.billigtrikotde.com\/es\/wp-json\/wp\/v2\/product_tag?post=3651"}],"curies":[{"name":"wp","href":"https:\/\/api.w.org\/{rel}","templated":true}]}}