{"id":3631,"date":"2024-10-23T15:11:34","date_gmt":"2024-10-23T13:11:34","guid":{"rendered":"http:\/\/billigtrikots.com\/?post_type=product&#038;p=3631"},"modified":"2024-10-23T15:13:43","modified_gmt":"2024-10-23T13:13:43","slug":"fc-bayern-muenchen-3rd-herren-trikot-21-22-ausweichtrikot-weiss-mit-aufdruck-tolisso-24","status":"publish","type":"product","link":"https:\/\/www.billigtrikotde.com\/es\/fc-bayern-muenchen-3rd-herren-trikot-21-22-ausweichtrikot-weiss-mit-aufdruck-tolisso-24\/","title":{"rendered":"FC Bayern Munich 3\u00aa camiseta hombre 21\/22 away kit blanco con estampado Tolisso 24"},"content":{"rendered":"<p>Las monta\u00f1as no est\u00e1n lejos de M\u00fanich. No es de extra\u00f1ar que la equipaci\u00f3n visitante adidas FC Bayern M\u00fcnchen est\u00e9 inspirada en los Alpes. La camiseta de aficionado viene con tecnolog\u00eda AEROREADY que absorbe la humedad para un ajuste c\u00f3modo. Por supuesto, no puede faltar la inscripci\u00f3n \"Mia san mia\" en la nuca.<\/p>\n<p>Consejos para la impresi\u00f3n: Si el nombre y el n\u00famero que aparecen en la imagen son exactamente los que desea, no es necesario que los vuelva a introducir. En caso contrario, deber\u00e1 introducir el nombre y el n\u00famero que desee.<\/p>\n<p>Consejos de lavado: Se recomienda lavar las camisetas de f\u00fatbol a mano. Si desea utilizar la lavadora, recuerde poner las camisetas de f\u00fatbol del rev\u00e9s y luego lavarlas. Llena la lavadora con agua fr\u00eda y utiliza un ciclo delicado para proteger mejor los colores.<\/p>","protected":false},"excerpt":{"rendered":"<p>Desde M\u00fanich no est\u00e1n lejos las monta\u00f1as. No es de extra\u00f1ar que el equipo de credenciales de adidas FC Bayern M\u00fcnchen est\u00e9 inspirado en los Alpes. La camiseta de fans viene con la tecnolog\u00eda AEROREADY que absorbe la humedad para una sensaci\u00f3n de uso c\u00f3moda. Por supuesto, tampoco puede faltar el lema \u00abMia san mia\u00bb en la zona del cuello. Consejos para imprimir: si el nombre y el n\u00famero en el [\u2026]<\/p>","protected":false},"featured_media":3671,"comment_status":"open","ping_status":"closed","template":"","meta":[],"product_brand":[],"product_cat":[175],"product_tag":[139,137,20,21,22,23,24],"class_list":{"0":"post-3631","1":"product","2":"type-product","3":"status-publish","4":"has-post-thumbnail","6":"product_cat-bayern-munich","7":"product_tag-bayern-muenchen-ausweichtrikot","8":"product_tag-bayern-muenchen-trikots","9":"product_tag-coole-fussballtrikots","10":"product_tag-fussballtrikot-fuer-herren","11":"product_tag-fussballtrikot-guenstig-kaufen","12":"product_tag-fussballtrikot-kurzarm","13":"product_tag-guenstiges-fussballtrikot","15":"first","16":"instock","17":"shipping-taxable","18":"purchasable","19":"product-type-variable"},"_links":{"self":[{"href":"https:\/\/www.billigtrikotde.com\/es\/wp-json\/wp\/v2\/product\/3631","targetHints":{"allow":["GET"]}}],"collection":[{"href":"https:\/\/www.billigtrikotde.com\/es\/wp-json\/wp\/v2\/product"}],"about":[{"href":"https:\/\/www.billigtrikotde.com\/es\/wp-json\/wp\/v2\/types\/product"}],"replies":[{"embeddable":true,"href":"https:\/\/www.billigtrikotde.com\/es\/wp-json\/wp\/v2\/comments?post=3631"}],"wp:featuredmedia":[{"embeddable":true,"href":"https:\/\/www.billigtrikotde.com\/es\/wp-json\/wp\/v2\/media\/3671"}],"wp:attachment":[{"href":"https:\/\/www.billigtrikotde.com\/es\/wp-json\/wp\/v2\/media?parent=3631"}],"wp:term":[{"taxonomy":"product_brand","embeddable":true,"href":"https:\/\/www.billigtrikotde.com\/es\/wp-json\/wp\/v2\/product_brand?post=3631"},{"taxonomy":"product_cat","embeddable":true,"href":"https:\/\/www.billigtrikotde.com\/es\/wp-json\/wp\/v2\/product_cat?post=3631"},{"taxonomy":"product_tag","embeddable":true,"href":"https:\/\/www.billigtrikotde.com\/es\/wp-json\/wp\/v2\/product_tag?post=3631"}],"curies":[{"name":"wp","href":"https:\/\/api.w.org\/{rel}","templated":true}]}}