{"id":3563,"date":"2024-10-23T15:08:44","date_gmt":"2024-10-23T13:08:44","guid":{"rendered":"http:\/\/billigtrikots.com\/?post_type=product&#038;p=3563"},"modified":"2024-10-23T15:10:49","modified_gmt":"2024-10-23T13:10:49","slug":"fc-arsenal-heimtrikot-2022-fuer-kinder-weiss-rot-mit-lacazette-9-aufdruck","status":"publish","type":"product","link":"https:\/\/www.billigtrikotde.com\/es\/fc-arsenal-heimtrikot-2022-fuer-kinder-weiss-rot-mit-lacazette-9-aufdruck\/","title":{"rendered":"FC Arsenal camiseta de casa 2022 para ni\u00f1os blanco\/rojo con Lacazette 9 impresi\u00f3n"},"content":{"rendered":"<p>La nueva camiseta del Arsenal de adidas luce los t\u00edpicos colores rojo y blanco y est\u00e1 adornada con detalles que enorgullecen al equipo, como el logotipo original del club. Adem\u00e1s, el logotipo de adidas y la marca del patrocinador completan la camiseta.<\/p>\n<p>La nueva camiseta para ni\u00f1os del Arsenal, confeccionada con Aeroready, un material que absorbe la humedad, te ofrece un confort seco y fresco. La camiseta de casa tambi\u00e9n est\u00e1 hecha de fibras de poli\u00e9ster reciclado 100% (Primegreen), lo que la hace no s\u00f3lo dimensionalmente estable y duradera, sino tambi\u00e9n sostenible. Con un corte ligeramente m\u00e1s ancho que la camiseta de los jugadores, tambi\u00e9n garantiza un ajuste de primera clase y una \u00f3ptima libertad de movimiento en todas las direcciones.<\/p>\n<p>Como aut\u00e9ntico fan, \u00a1debes tener la camiseta adidas FC Arsenal Home Jersey 2021\/22 para ni\u00f1o! \u00a1Cons\u00edguela hoy mismo!<\/p>\n<p>Consejos para la impresi\u00f3n: Si el nombre y el n\u00famero que aparecen en la imagen son exactamente los que desea, no es necesario que los vuelva a introducir. En caso contrario, deber\u00e1 introducir el nombre y el n\u00famero que desee.<\/p>\n<p>Consejos de lavado: Se recomienda lavar las camisetas de f\u00fatbol a mano. Si desea utilizar la lavadora, recuerde poner las camisetas de f\u00fatbol del rev\u00e9s y luego lavarlas. Llena la lavadora con agua fr\u00eda y utiliza un ciclo delicado para proteger mejor los colores.<\/p>","protected":false},"excerpt":{"rendered":"<p>Das neue Arsenal Heim Trikot von adidas kommt in typischer rot-wei\u00dfer Heimfarbe und ist mit stolzen Teamdetails, wie dem originalen Clublogo geschm\u00fcckt. Au\u00dferdem f\u00fcgen sich das adidas Logo, sowie Sponsorenbrandings passend ein und machen das Trikot komplett. Gefertigt aus feuchtigkeitsableitendem Aeroready Material, bietet dir das neue Arsenal Kinder Trikot einen trockenen, k\u00fchlen Tragekomfort. Zudem besteht [&hellip;]<\/p>","protected":false},"featured_media":3598,"comment_status":"open","ping_status":"closed","template":"","meta":[],"product_brand":[],"product_cat":[167],"product_tag":[20,56,57,168,94],"class_list":{"0":"post-3563","1":"product","2":"type-product","3":"status-publish","4":"has-post-thumbnail","6":"product_cat-arsenal-kindertrikot","7":"product_tag-coole-fussballtrikots","8":"product_tag-fc-arsenal-heimtrikot","9":"product_tag-fc-arsenal-trikots","10":"product_tag-fc-arsenal-trikotsatz-fuer-kinder","11":"product_tag-kinder-fussball-trikotsatz","13":"first","14":"instock","15":"shipping-taxable","16":"purchasable","17":"product-type-variable"},"_links":{"self":[{"href":"https:\/\/www.billigtrikotde.com\/es\/wp-json\/wp\/v2\/product\/3563","targetHints":{"allow":["GET"]}}],"collection":[{"href":"https:\/\/www.billigtrikotde.com\/es\/wp-json\/wp\/v2\/product"}],"about":[{"href":"https:\/\/www.billigtrikotde.com\/es\/wp-json\/wp\/v2\/types\/product"}],"replies":[{"embeddable":true,"href":"https:\/\/www.billigtrikotde.com\/es\/wp-json\/wp\/v2\/comments?post=3563"}],"wp:featuredmedia":[{"embeddable":true,"href":"https:\/\/www.billigtrikotde.com\/es\/wp-json\/wp\/v2\/media\/3598"}],"wp:attachment":[{"href":"https:\/\/www.billigtrikotde.com\/es\/wp-json\/wp\/v2\/media?parent=3563"}],"wp:term":[{"taxonomy":"product_brand","embeddable":true,"href":"https:\/\/www.billigtrikotde.com\/es\/wp-json\/wp\/v2\/product_brand?post=3563"},{"taxonomy":"product_cat","embeddable":true,"href":"https:\/\/www.billigtrikotde.com\/es\/wp-json\/wp\/v2\/product_cat?post=3563"},{"taxonomy":"product_tag","embeddable":true,"href":"https:\/\/www.billigtrikotde.com\/es\/wp-json\/wp\/v2\/product_tag?post=3563"}],"curies":[{"name":"wp","href":"https:\/\/api.w.org\/{rel}","templated":true}]}}