{"id":3540,"date":"2024-10-23T15:07:39","date_gmt":"2024-10-23T13:07:39","guid":{"rendered":"http:\/\/billigtrikots.com\/?post_type=product&#038;p=3540"},"modified":"2024-10-23T15:09:44","modified_gmt":"2024-10-23T13:09:44","slug":"fc-arsenal-london-trikot-3rd-2021-2022-kids-blau-mit-iwobi-17-aufdruck","status":"publish","type":"product","link":"https:\/\/www.billigtrikotde.com\/es\/fc-arsenal-london-trikot-3rd-2021-2022-kids-blau-mit-iwobi-17-aufdruck\/","title":{"rendered":"FC Arsenal London Jersey 3rd 2021\/2022 Azul Ni\u00f1o con Impresi\u00f3n IWOBI 17"},"content":{"rendered":"<p>Con el modelo super c\u00f3modo en azul, incluso los fans m\u00e1s j\u00f3venes muestran su cari\u00f1o a su equipo favorito. Con la camiseta infantil de la casa adidas realmente no hay nada que hacer mal. Demuestra tu entusiasmo: con esta camiseta de suplencia del FC Arsenal London ampl\u00edas tu colecci\u00f3n de fans con una prenda en dise\u00f1o original, como la que llevan los jugadores en la Premier League. Recomendamos este modelo transpirable y s\u00faper c\u00f3modo con la agradable sensaci\u00f3n de uso. El punto culminante es el escudo del club en el pecho. Con esta camiseta deportiva est\u00e1s perfectamente equipado para cada sesi\u00f3n.<\/p>\n<p>Consejos para la impresi\u00f3n: Si el nombre y el n\u00famero que aparecen en la imagen son exactamente los que desea, no es necesario que los vuelva a introducir. En caso contrario, deber\u00e1 introducir el nombre y el n\u00famero que desee.<\/p>\n<p>Consejos de lavado: Se recomienda lavar las camisetas de f\u00fatbol a mano. Si desea utilizar la lavadora, recuerde poner las camisetas de f\u00fatbol del rev\u00e9s y luego lavarlas. Llena la lavadora con agua fr\u00eda y utiliza un ciclo delicado para proteger mejor los colores.<\/p>","protected":false},"excerpt":{"rendered":"<p>Mit dem super bequemen Modell in Blau zeigen auch die j\u00fcngsten Fans ihre Zuneigung zu ihrem Lieblingsverein. Mit dem Kinder-Shirt aus dem Hause adidas kann man wirklich nichts falsch machen. Zeige deine Begeisterung \u2013 mit diesem FC Arsenal London-Ausweich-Shirt erweiterst du deine Fan-Sammlung um ein Kleidungsst\u00fcck im Original-Design, wie es die Spieler in der Premier [&hellip;]<\/p>","protected":false},"featured_media":3583,"comment_status":"open","ping_status":"closed","template":"","meta":[],"product_brand":[],"product_cat":[167],"product_tag":[20,169,57,168,94],"class_list":{"0":"post-3540","1":"product","2":"type-product","3":"status-publish","4":"has-post-thumbnail","6":"product_cat-arsenal-kindertrikot","7":"product_tag-coole-fussballtrikots","8":"product_tag-fc-arsenal-ausweichtrikot","9":"product_tag-fc-arsenal-trikots","10":"product_tag-fc-arsenal-trikotsatz-fuer-kinder","11":"product_tag-kinder-fussball-trikotsatz","13":"first","14":"instock","15":"shipping-taxable","16":"purchasable","17":"product-type-variable"},"_links":{"self":[{"href":"https:\/\/www.billigtrikotde.com\/es\/wp-json\/wp\/v2\/product\/3540","targetHints":{"allow":["GET"]}}],"collection":[{"href":"https:\/\/www.billigtrikotde.com\/es\/wp-json\/wp\/v2\/product"}],"about":[{"href":"https:\/\/www.billigtrikotde.com\/es\/wp-json\/wp\/v2\/types\/product"}],"replies":[{"embeddable":true,"href":"https:\/\/www.billigtrikotde.com\/es\/wp-json\/wp\/v2\/comments?post=3540"}],"wp:featuredmedia":[{"embeddable":true,"href":"https:\/\/www.billigtrikotde.com\/es\/wp-json\/wp\/v2\/media\/3583"}],"wp:attachment":[{"href":"https:\/\/www.billigtrikotde.com\/es\/wp-json\/wp\/v2\/media?parent=3540"}],"wp:term":[{"taxonomy":"product_brand","embeddable":true,"href":"https:\/\/www.billigtrikotde.com\/es\/wp-json\/wp\/v2\/product_brand?post=3540"},{"taxonomy":"product_cat","embeddable":true,"href":"https:\/\/www.billigtrikotde.com\/es\/wp-json\/wp\/v2\/product_cat?post=3540"},{"taxonomy":"product_tag","embeddable":true,"href":"https:\/\/www.billigtrikotde.com\/es\/wp-json\/wp\/v2\/product_tag?post=3540"}],"curies":[{"name":"wp","href":"https:\/\/api.w.org\/{rel}","templated":true}]}}