{"id":3532,"date":"2024-10-23T15:07:06","date_gmt":"2024-10-23T13:07:06","guid":{"rendered":"http:\/\/billigtrikots.com\/?post_type=product&#038;p=3532"},"modified":"2024-10-23T15:09:13","modified_gmt":"2024-10-23T13:09:13","slug":"fc-arsenal-london-trikot-3rd-2021-2022-blau-fuer-kinder-mit-torreira-11-aufdruck","status":"publish","type":"product","link":"https:\/\/www.billigtrikotde.com\/es\/fc-arsenal-london-trikot-3rd-2021-2022-blau-fuer-kinder-mit-torreira-11-aufdruck\/","title":{"rendered":"FC Arsenal London Jersey 3rd 2021\/2022 Azul para ni\u00f1os con Torreira 11 Imprimir"},"content":{"rendered":"<p>El modelo transpirable en azul permite a los j\u00f3venes aficionados mostrar su lealtad a su equipo favorito. No puedes equivocarte con esta camiseta deportiva para ni\u00f1os de adidas. En la colecci\u00f3n de cualquier aficionado no puede faltar esta camiseta deportiva FC Arsenal London dodger, tal y como la llevan los jugadores de la Premier League. Este modelo, c\u00f3modo y transpirable, es todo un \u00e9xito. Presenta un llamativo escudo del club en el pecho. Esta camiseta ha sido creada para llevar tu rendimiento al siguiente nivel.<\/p>\n<p>Consejos para la impresi\u00f3n: Si el nombre y el n\u00famero que aparecen en la imagen son exactamente los que desea, no es necesario que los vuelva a introducir. En caso contrario, deber\u00e1 introducir el nombre y el n\u00famero que desee.<\/p>\n<p>Consejos de lavado: Se recomienda lavar las camisetas de f\u00fatbol a mano. Si desea utilizar la lavadora, recuerde poner las camisetas de f\u00fatbol del rev\u00e9s y luego lavarlas. Llena la lavadora con agua fr\u00eda y utiliza un ciclo delicado para proteger mejor los colores.<\/p>","protected":false},"excerpt":{"rendered":"<p>Das atmungsaktive Modell in Blau l\u00e4sst auch junge Fans ihre Zugeh\u00f6rigkeit zum Lieblingsteam zeigen. Mit dem Kinder-Sporttop aus dem Hause adidas kann man wirklich nichts falsch machen. In keiner Fan-Kollektion darf dieses FC Arsenal London-Ausweich-Sporttop, wie es die Spieler in der Premier League tragen, fehlen. Das bequeme und atmungsaktive Modell \u00fcberzeugt auf ganzer Linie. Optisch [&hellip;]<\/p>","protected":false},"featured_media":3573,"comment_status":"open","ping_status":"closed","template":"","meta":[],"product_brand":[],"product_cat":[167],"product_tag":[20,169,57,168,94],"class_list":{"0":"post-3532","1":"product","2":"type-product","3":"status-publish","4":"has-post-thumbnail","6":"product_cat-arsenal-kindertrikot","7":"product_tag-coole-fussballtrikots","8":"product_tag-fc-arsenal-ausweichtrikot","9":"product_tag-fc-arsenal-trikots","10":"product_tag-fc-arsenal-trikotsatz-fuer-kinder","11":"product_tag-kinder-fussball-trikotsatz","13":"first","14":"instock","15":"shipping-taxable","16":"purchasable","17":"product-type-variable"},"_links":{"self":[{"href":"https:\/\/www.billigtrikotde.com\/es\/wp-json\/wp\/v2\/product\/3532","targetHints":{"allow":["GET"]}}],"collection":[{"href":"https:\/\/www.billigtrikotde.com\/es\/wp-json\/wp\/v2\/product"}],"about":[{"href":"https:\/\/www.billigtrikotde.com\/es\/wp-json\/wp\/v2\/types\/product"}],"replies":[{"embeddable":true,"href":"https:\/\/www.billigtrikotde.com\/es\/wp-json\/wp\/v2\/comments?post=3532"}],"wp:featuredmedia":[{"embeddable":true,"href":"https:\/\/www.billigtrikotde.com\/es\/wp-json\/wp\/v2\/media\/3573"}],"wp:attachment":[{"href":"https:\/\/www.billigtrikotde.com\/es\/wp-json\/wp\/v2\/media?parent=3532"}],"wp:term":[{"taxonomy":"product_brand","embeddable":true,"href":"https:\/\/www.billigtrikotde.com\/es\/wp-json\/wp\/v2\/product_brand?post=3532"},{"taxonomy":"product_cat","embeddable":true,"href":"https:\/\/www.billigtrikotde.com\/es\/wp-json\/wp\/v2\/product_cat?post=3532"},{"taxonomy":"product_tag","embeddable":true,"href":"https:\/\/www.billigtrikotde.com\/es\/wp-json\/wp\/v2\/product_tag?post=3532"}],"curies":[{"name":"wp","href":"https:\/\/api.w.org\/{rel}","templated":true}]}}