{"id":3530,"date":"2024-10-23T15:07:04","date_gmt":"2024-10-23T13:07:04","guid":{"rendered":"http:\/\/billigtrikots.com\/?post_type=product&#038;p=3530"},"modified":"2024-10-23T15:09:12","modified_gmt":"2024-10-23T13:09:12","slug":"arsenal-fc-auswaerts-trikot-2021-22-away-shirt-fuer-kinder-gelb","status":"publish","type":"product","link":"https:\/\/www.billigtrikotde.com\/es\/arsenal-fc-auswaerts-trikot-2021-22-away-shirt-fuer-kinder-gelb\/","title":{"rendered":"Arsenal FC Away Shirt 2021\/22 Away Shirt for Kids Amarillo"},"content":{"rendered":"<p>Desde la conquista del doblete en 1971 hasta el legendario t\u00edtulo de 1989, algunos de los mayores \u00e9xitos del Arsenal FC se lograron de amarillo. As\u00ed que no es de extra\u00f1ar que volvamos a este color con esta versi\u00f3n para ni\u00f1os de la camiseta de visitante, con gr\u00e1ficos de ca\u00f1ones tejidos para un estilo retro perfecto del club. El suave material y la tecnolog\u00eda AEROREADY que absorbe la humedad garantizan una agradable sensaci\u00f3n de sequedad.Este producto es Primegreen: fabricado con diversos materiales reciclados funcionales.<\/p>\n<p>Consejos para la impresi\u00f3n: Si el nombre y el n\u00famero que aparecen en la imagen son exactamente los que desea, no es necesario que los vuelva a introducir. En caso contrario, deber\u00e1 introducir el nombre y el n\u00famero que desee.<\/p>\n<p>Consejos de lavado: Se recomienda lavar las camisetas de f\u00fatbol a mano. Si desea utilizar la lavadora, recuerde poner las camisetas de f\u00fatbol del rev\u00e9s y luego lavarlas. Llena la lavadora con agua fr\u00eda y utiliza un ciclo delicado para proteger mejor los colores.<\/p>","protected":false},"excerpt":{"rendered":"<p>Vom Gewinn des Doubles im Jahr 1971 bis zum legend\u00e4ren Titelgewinn 1989 \u2013 einige der gr\u00f6\u00dften Erfolge des FC Arsenal wurden in Gelb eingefahren. Kein Wunder, dass wir diese Farbe bei diesem Ausw\u00e4rtstrikot in der Version f\u00fcr Kinder wieder ins Spiel bringen, inklusive gewebter Kanonengrafik f\u00fcr den perfekten Retro-Vereinsstyle. Das weiche Material und die feuchtigkeitsabsorbierende [&hellip;]<\/p>","protected":false},"featured_media":3571,"comment_status":"open","ping_status":"closed","template":"","meta":[],"product_brand":[],"product_cat":[167],"product_tag":[20,58,57,168,94],"class_list":{"0":"post-3530","1":"product","2":"type-product","3":"status-publish","4":"has-post-thumbnail","6":"product_cat-arsenal-kindertrikot","7":"product_tag-coole-fussballtrikots","8":"product_tag-fc-arsenal-auswaertstrikot","9":"product_tag-fc-arsenal-trikots","10":"product_tag-fc-arsenal-trikotsatz-fuer-kinder","11":"product_tag-kinder-fussball-trikotsatz","13":"first","14":"instock","15":"shipping-taxable","16":"purchasable","17":"product-type-variable"},"_links":{"self":[{"href":"https:\/\/www.billigtrikotde.com\/es\/wp-json\/wp\/v2\/product\/3530","targetHints":{"allow":["GET"]}}],"collection":[{"href":"https:\/\/www.billigtrikotde.com\/es\/wp-json\/wp\/v2\/product"}],"about":[{"href":"https:\/\/www.billigtrikotde.com\/es\/wp-json\/wp\/v2\/types\/product"}],"replies":[{"embeddable":true,"href":"https:\/\/www.billigtrikotde.com\/es\/wp-json\/wp\/v2\/comments?post=3530"}],"wp:featuredmedia":[{"embeddable":true,"href":"https:\/\/www.billigtrikotde.com\/es\/wp-json\/wp\/v2\/media\/3571"}],"wp:attachment":[{"href":"https:\/\/www.billigtrikotde.com\/es\/wp-json\/wp\/v2\/media?parent=3530"}],"wp:term":[{"taxonomy":"product_brand","embeddable":true,"href":"https:\/\/www.billigtrikotde.com\/es\/wp-json\/wp\/v2\/product_brand?post=3530"},{"taxonomy":"product_cat","embeddable":true,"href":"https:\/\/www.billigtrikotde.com\/es\/wp-json\/wp\/v2\/product_cat?post=3530"},{"taxonomy":"product_tag","embeddable":true,"href":"https:\/\/www.billigtrikotde.com\/es\/wp-json\/wp\/v2\/product_tag?post=3530"}],"curies":[{"name":"wp","href":"https:\/\/api.w.org\/{rel}","templated":true}]}}