{"id":3493,"date":"2024-10-23T15:05:20","date_gmt":"2024-10-23T13:05:20","guid":{"rendered":"http:\/\/billigtrikots.com\/?post_type=product&#038;p=3493"},"modified":"2025-10-16T16:04:45","modified_gmt":"2025-10-16T14:04:45","slug":"kinder-real-madrid-2021-22-heimtrikot-weiss-blau-mit-aufdruck-odriozola-19","status":"publish","type":"product","link":"https:\/\/www.billigtrikotde.com\/es\/kinder-real-madrid-2021-22-heimtrikot-weiss-blau-mit-aufdruck-odriozola-19\/","title":{"rendered":"Ni\u00f1os Real Madrid 2021\/22 Home Jersey blanco azul con la impresi\u00f3n Odriozola 19"},"content":{"rendered":"<p>La camiseta local del Real Madrid para la temporada 2021\/22 de adidas Performance presenta un dise\u00f1o actualizado inspirado en la Plaza de Cibeles, el lugar donde el Real Madrid celebra sus t\u00edtulos junto a los aficionados. Gracias a las caracter\u00edsticas funcionales de primera clase, la camiseta gana puntos para el deporte y el ocio con una sensaci\u00f3n agradablemente seca y un clima corporal ideal.<\/p>\n<p>Consejos para la impresi\u00f3n: Si el nombre y el n\u00famero que aparecen en la imagen son exactamente los que desea, no es necesario que los vuelva a introducir. En caso contrario, deber\u00e1 introducir el nombre y el n\u00famero que desee.<\/p>\n<p>Consejos de lavado: Se recomienda lavar las camisetas de f\u00fatbol a mano. Si desea utilizar la lavadora, recuerde poner las camisetas de f\u00fatbol del rev\u00e9s y luego lavarlas. Llena la lavadora con agua fr\u00eda y utiliza un ciclo delicado para proteger mejor los colores.<\/p>","protected":false},"excerpt":{"rendered":"<p>La camiseta local del Real Madrid para la temporada 2021\/22 de adidas Performance presenta un dise\u00f1o actualizado inspirado en la Plaza de Cibeles, el lugar donde el Real Madrid celebra sus t\u00edtulos junto a los aficionados. Gracias a las caracter\u00edsticas funcionales de primera clase, la camiseta gana puntos para el deporte y el ocio con una sensaci\u00f3n agradablemente seca y un clima corporal ideal.<\/p>","protected":false},"featured_media":3533,"comment_status":"open","ping_status":"closed","template":"","meta":[],"product_brand":[],"product_cat":[165],"product_tag":[20,21,22,23,24,94,46,47,166],"class_list":{"0":"post-3493","1":"product","2":"type-product","3":"status-publish","4":"has-post-thumbnail","6":"product_cat-real-madrid-kindertrikot","7":"product_tag-coole-fussballtrikots","8":"product_tag-fussballtrikot-fuer-herren","9":"product_tag-fussballtrikot-guenstig-kaufen","10":"product_tag-fussballtrikot-kurzarm","11":"product_tag-guenstiges-fussballtrikot","12":"product_tag-kinder-fussball-trikotsatz","13":"product_tag-real-madrid-heimtrikot","14":"product_tag-real-madrid-trikots","15":"product_tag-real-madrid-trikotsatz-fuer-kinder","17":"first","18":"instock","19":"shipping-taxable","20":"purchasable","21":"product-type-variable"},"_links":{"self":[{"href":"https:\/\/www.billigtrikotde.com\/es\/wp-json\/wp\/v2\/product\/3493","targetHints":{"allow":["GET"]}}],"collection":[{"href":"https:\/\/www.billigtrikotde.com\/es\/wp-json\/wp\/v2\/product"}],"about":[{"href":"https:\/\/www.billigtrikotde.com\/es\/wp-json\/wp\/v2\/types\/product"}],"replies":[{"embeddable":true,"href":"https:\/\/www.billigtrikotde.com\/es\/wp-json\/wp\/v2\/comments?post=3493"}],"wp:featuredmedia":[{"embeddable":true,"href":"https:\/\/www.billigtrikotde.com\/es\/wp-json\/wp\/v2\/media\/3533"}],"wp:attachment":[{"href":"https:\/\/www.billigtrikotde.com\/es\/wp-json\/wp\/v2\/media?parent=3493"}],"wp:term":[{"taxonomy":"product_brand","embeddable":true,"href":"https:\/\/www.billigtrikotde.com\/es\/wp-json\/wp\/v2\/product_brand?post=3493"},{"taxonomy":"product_cat","embeddable":true,"href":"https:\/\/www.billigtrikotde.com\/es\/wp-json\/wp\/v2\/product_cat?post=3493"},{"taxonomy":"product_tag","embeddable":true,"href":"https:\/\/www.billigtrikotde.com\/es\/wp-json\/wp\/v2\/product_tag?post=3493"}],"curies":[{"name":"wp","href":"https:\/\/api.w.org\/{rel}","templated":true}]}}