{"id":3481,"date":"2024-10-23T15:04:43","date_gmt":"2024-10-23T13:04:43","guid":{"rendered":"http:\/\/billigtrikots.com\/?post_type=product&#038;p=3481"},"modified":"2025-10-16T16:04:49","modified_gmt":"2025-10-16T14:04:49","slug":"kinder-junior-fussballtrikot-real-madrid-2021-22-heimtrikot-weiss-blau-mit-aufdruck-marcelo-12","status":"publish","type":"product","link":"https:\/\/www.billigtrikotde.com\/es\/kinder-junior-fussballtrikot-real-madrid-2021-22-heimtrikot-weiss-blau-mit-aufdruck-marcelo-12\/","title":{"rendered":"Camiseta F\u00fatbol Ni\u00f1o Real Madrid 2021\/22 Home Camiseta blanco azul con estampado Marcelo 12"},"content":{"rendered":"<p>Ganan en el campo.<\/p>\n<p>Pero en la Plaza de Cibeles celebran con su familia futbol\u00edstica.<\/p>\n<p>Los c\u00edrculos conc\u00e9ntricos y el dise\u00f1o en espiral de la fuente en la famosa Plaza de Madrid inspiraron el dise\u00f1o de estas camisetas de Real Madrid para j\u00f3venes de adidas.<\/p>\n<p>Esta camiseta fue hecha para fans y ofrece comodidad con material suave y AEROREADY de absorci\u00f3n de humedad.<\/p>\n<p>Este producto est\u00e1 hecho de Primegreen, una serie de materiales reciclados de alto rendimiento.<\/p>\n<p>Consejos para la impresi\u00f3n: Si el nombre y el n\u00famero que aparecen en la imagen son exactamente los que desea, no es necesario que los vuelva a introducir. En caso contrario, deber\u00e1 introducir el nombre y el n\u00famero que desee.<\/p>\n<p>Consejos de lavado: Se recomienda lavar las camisetas de f\u00fatbol a mano. Si desea utilizar la lavadora, recuerde poner las camisetas de f\u00fatbol del rev\u00e9s y luego lavarlas. Llena la lavadora con agua fr\u00eda y utiliza un ciclo delicado para proteger mejor los colores.<\/p>","protected":false},"excerpt":{"rendered":"<p>Sie gewinnen auf dem Platz. Aber auf der Plaza de Cibeles feiern sie mit ihrer Fu\u00dfballfamilie. Die konzentrischen Kreise und das spiralf\u00f6rmige Muster des Brunnens in Madrids ber\u00fchmtem Quadrat haben das Design dieses adidas Real Madrid Trikots f\u00fcr Junioren inspiriert. Dieses Shirt wurde f\u00fcr Fans gemacht und sorgt mit weichem Material und feuchtigkeitstransportierendem AEROREADY f\u00fcr [\u2026]<\/p>","protected":false},"featured_media":3522,"comment_status":"open","ping_status":"closed","template":"","meta":[],"product_brand":[],"product_cat":[165],"product_tag":[20,21,22,23,24,94,46,47,166],"class_list":{"0":"post-3481","1":"product","2":"type-product","3":"status-publish","4":"has-post-thumbnail","6":"product_cat-real-madrid-kindertrikot","7":"product_tag-coole-fussballtrikots","8":"product_tag-fussballtrikot-fuer-herren","9":"product_tag-fussballtrikot-guenstig-kaufen","10":"product_tag-fussballtrikot-kurzarm","11":"product_tag-guenstiges-fussballtrikot","12":"product_tag-kinder-fussball-trikotsatz","13":"product_tag-real-madrid-heimtrikot","14":"product_tag-real-madrid-trikots","15":"product_tag-real-madrid-trikotsatz-fuer-kinder","17":"first","18":"instock","19":"shipping-taxable","20":"purchasable","21":"product-type-variable"},"_links":{"self":[{"href":"https:\/\/www.billigtrikotde.com\/es\/wp-json\/wp\/v2\/product\/3481","targetHints":{"allow":["GET"]}}],"collection":[{"href":"https:\/\/www.billigtrikotde.com\/es\/wp-json\/wp\/v2\/product"}],"about":[{"href":"https:\/\/www.billigtrikotde.com\/es\/wp-json\/wp\/v2\/types\/product"}],"replies":[{"embeddable":true,"href":"https:\/\/www.billigtrikotde.com\/es\/wp-json\/wp\/v2\/comments?post=3481"}],"wp:featuredmedia":[{"embeddable":true,"href":"https:\/\/www.billigtrikotde.com\/es\/wp-json\/wp\/v2\/media\/3522"}],"wp:attachment":[{"href":"https:\/\/www.billigtrikotde.com\/es\/wp-json\/wp\/v2\/media?parent=3481"}],"wp:term":[{"taxonomy":"product_brand","embeddable":true,"href":"https:\/\/www.billigtrikotde.com\/es\/wp-json\/wp\/v2\/product_brand?post=3481"},{"taxonomy":"product_cat","embeddable":true,"href":"https:\/\/www.billigtrikotde.com\/es\/wp-json\/wp\/v2\/product_cat?post=3481"},{"taxonomy":"product_tag","embeddable":true,"href":"https:\/\/www.billigtrikotde.com\/es\/wp-json\/wp\/v2\/product_tag?post=3481"}],"curies":[{"name":"wp","href":"https:\/\/api.w.org\/{rel}","templated":true}]}}