{"id":3462,"date":"2024-10-23T15:03:33","date_gmt":"2024-10-23T13:03:33","guid":{"rendered":"http:\/\/billigtrikots.com\/?post_type=product&#038;p=3462"},"modified":"2025-10-16T16:04:51","modified_gmt":"2025-10-16T14:04:51","slug":"ronaldo-7-real-madrid-2021-22-heimtrikot-kinder-junior-weiss-blau-trikotsatz-kurzarm-kurze-hosen","status":"publish","type":"product","link":"https:\/\/www.billigtrikotde.com\/es\/ronaldo-7-real-madrid-2021-22-heimtrikot-kinder-junior-weiss-blau-trikotsatz-kurzarm-kurze-hosen\/","title":{"rendered":"Ronaldo 7 Real Madrid 2021\/22 Home Shirt Kids Junior blanco azul Shorts + Shorts Kit"},"content":{"rendered":"<p>El equipo gana y alcanza el \u00e9xito en el terreno de juego. Se celebran en la Plaza de Cibeles ante la algarab\u00eda de los aficionados. No es de extra\u00f1ar que esta camiseta adidas del Real Madrid en versi\u00f3n para ni\u00f1os y adolescentes, con su estampado de c\u00edrculos y espirales, est\u00e9 inspirada en este lugar y sus fuentes. El dise\u00f1o para hinchas est\u00e1 confeccionado en material suave con tecnolog\u00eda AEROREADY que absorbe la humedad y garantiza una sensaci\u00f3n agradablemente seca y c\u00f3moda. Una camiseta para que los aficionados celebren. Logotipo del club Real Madrid tejido. Cuello redondo acanalado. Pu\u00f1os de canal\u00e9. Absorbe la humedad. Corte normal. Este producto es Primegreen: fabricado con diversos materiales reciclados funcionales. Material: poli\u00e9ster 100%.<\/p>\n<p>Consejos para la impresi\u00f3n: Si el nombre y el n\u00famero que aparecen en la imagen son exactamente los que desea, no es necesario que los vuelva a introducir. En caso contrario, deber\u00e1 introducir el nombre y el n\u00famero que desee.<\/p>\n<p>Consejos de lavado: Se recomienda lavar las camisetas de f\u00fatbol a mano. Si desea utilizar la lavadora, recuerde poner las camisetas de f\u00fatbol del rev\u00e9s y luego lavarlas. Llena la lavadora con agua fr\u00eda y utiliza un ciclo delicado para proteger mejor los colores.<\/p>","protected":false},"excerpt":{"rendered":"<p>Die Siege und Erfolge f\u00e4hrt die Mannschaft auf dem Spielfeld ein. Gefeiert werden sie auf dem Plaza de Cibeles vor den jubelnden Fans. Kein Wunder, dass dieses adidas Real Madrid Trikot in der Version f\u00fcr Kinder und Teens mit seinem Kreis- und Spiralmuster von diesem Ort und seinen Brunnenfont\u00e4nen inspiriert ist. Das Design f\u00fcr Fans [&hellip;]<\/p>","protected":false},"featured_media":3502,"comment_status":"open","ping_status":"closed","template":"","meta":[],"product_brand":[],"product_cat":[165],"product_tag":[20,21,22,23,24,94,46,47,166],"class_list":{"0":"post-3462","1":"product","2":"type-product","3":"status-publish","4":"has-post-thumbnail","6":"product_cat-real-madrid-kindertrikot","7":"product_tag-coole-fussballtrikots","8":"product_tag-fussballtrikot-fuer-herren","9":"product_tag-fussballtrikot-guenstig-kaufen","10":"product_tag-fussballtrikot-kurzarm","11":"product_tag-guenstiges-fussballtrikot","12":"product_tag-kinder-fussball-trikotsatz","13":"product_tag-real-madrid-heimtrikot","14":"product_tag-real-madrid-trikots","15":"product_tag-real-madrid-trikotsatz-fuer-kinder","17":"first","18":"instock","19":"shipping-taxable","20":"purchasable","21":"product-type-variable"},"_links":{"self":[{"href":"https:\/\/www.billigtrikotde.com\/es\/wp-json\/wp\/v2\/product\/3462","targetHints":{"allow":["GET"]}}],"collection":[{"href":"https:\/\/www.billigtrikotde.com\/es\/wp-json\/wp\/v2\/product"}],"about":[{"href":"https:\/\/www.billigtrikotde.com\/es\/wp-json\/wp\/v2\/types\/product"}],"replies":[{"embeddable":true,"href":"https:\/\/www.billigtrikotde.com\/es\/wp-json\/wp\/v2\/comments?post=3462"}],"wp:featuredmedia":[{"embeddable":true,"href":"https:\/\/www.billigtrikotde.com\/es\/wp-json\/wp\/v2\/media\/3502"}],"wp:attachment":[{"href":"https:\/\/www.billigtrikotde.com\/es\/wp-json\/wp\/v2\/media?parent=3462"}],"wp:term":[{"taxonomy":"product_brand","embeddable":true,"href":"https:\/\/www.billigtrikotde.com\/es\/wp-json\/wp\/v2\/product_brand?post=3462"},{"taxonomy":"product_cat","embeddable":true,"href":"https:\/\/www.billigtrikotde.com\/es\/wp-json\/wp\/v2\/product_cat?post=3462"},{"taxonomy":"product_tag","embeddable":true,"href":"https:\/\/www.billigtrikotde.com\/es\/wp-json\/wp\/v2\/product_tag?post=3462"}],"curies":[{"name":"wp","href":"https:\/\/api.w.org\/{rel}","templated":true}]}}