{"id":3416,"date":"2024-10-23T15:01:20","date_gmt":"2024-10-23T13:01:20","guid":{"rendered":"http:\/\/billigtrikots.com\/?post_type=product&#038;p=3416"},"modified":"2025-10-16T16:04:58","modified_gmt":"2025-10-16T14:04:58","slug":"real-madrid-auswaertstrikot-set-blau-2021-22-away-trikot-fuer-kinder-mit-aufdruck-hazard-7","status":"publish","type":"product","link":"https:\/\/www.billigtrikotde.com\/es\/real-madrid-auswaertstrikot-set-blau-2021-22-away-trikot-fuer-kinder-mit-aufdruck-hazard-7\/","title":{"rendered":"Real Madrid away jersey set azul 2021\/22 Camiseta de ni\u00f1o con estampado Hazard 7"},"content":{"rendered":"<p>No s\u00f3lo los profesionales del Real Madrid hacen m\u00e1s colorida la vida en la capital espa\u00f1ola. Esta camiseta de f\u00fatbol adidas en versi\u00f3n para ni\u00f1os y adolescentes est\u00e1 inspirada en los grafitis de la escena art\u00edstica callejera de Madrid. Los sutiles detalles -uno de ellos en la zona del cuello- son prueba de ello. El suave material tambi\u00e9n est\u00e1 equipado con la tecnolog\u00eda AEROREADY que absorbe la humedad para una sensaci\u00f3n c\u00f3moda y seca.Este producto es Primegreen: fabricado con diversos materiales reciclados funcionales.<\/p>\n<p>Consejos para la impresi\u00f3n: Si el nombre y el n\u00famero que aparecen en la imagen son exactamente los que desea, no es necesario que los vuelva a introducir. En caso contrario, deber\u00e1 introducir el nombre y el n\u00famero que desee.<\/p>\n<p>Consejos de lavado: Se recomienda lavar las camisetas de f\u00fatbol a mano. Si desea utilizar la lavadora, recuerde poner las camisetas de f\u00fatbol del rev\u00e9s y luego lavarlas. Llena la lavadora con agua fr\u00eda y utiliza un ciclo delicado para proteger mejor los colores.<\/p>","protected":false},"excerpt":{"rendered":"<p>Nicht nur die Profis von Real Madrid machen das Leben in der spanischen Hauptstadt bunter. Dieses adidas Fu\u00dfballtrikot in der Version f\u00fcr Kinder und Teens ist von den Graffitis der Streetartszene in Madrid inspiriert. Das beweisen auch die dezenten Details \u2013 eins davon im Nackenbereich. F\u00fcr ein bequemes und trockenes Tragegef\u00fchl ist das weiche Material [&hellip;]<\/p>","protected":false},"featured_media":3455,"comment_status":"open","ping_status":"closed","template":"","meta":[],"product_brand":[],"product_cat":[165],"product_tag":[20,21,22,23,24,94,49,47,166],"class_list":{"0":"post-3416","1":"product","2":"type-product","3":"status-publish","4":"has-post-thumbnail","6":"product_cat-real-madrid-kindertrikot","7":"product_tag-coole-fussballtrikots","8":"product_tag-fussballtrikot-fuer-herren","9":"product_tag-fussballtrikot-guenstig-kaufen","10":"product_tag-fussballtrikot-kurzarm","11":"product_tag-guenstiges-fussballtrikot","12":"product_tag-kinder-fussball-trikotsatz","13":"product_tag-real-madrid-auswaertstrikot","14":"product_tag-real-madrid-trikots","15":"product_tag-real-madrid-trikotsatz-fuer-kinder","17":"first","18":"instock","19":"shipping-taxable","20":"purchasable","21":"product-type-variable"},"_links":{"self":[{"href":"https:\/\/www.billigtrikotde.com\/es\/wp-json\/wp\/v2\/product\/3416","targetHints":{"allow":["GET"]}}],"collection":[{"href":"https:\/\/www.billigtrikotde.com\/es\/wp-json\/wp\/v2\/product"}],"about":[{"href":"https:\/\/www.billigtrikotde.com\/es\/wp-json\/wp\/v2\/types\/product"}],"replies":[{"embeddable":true,"href":"https:\/\/www.billigtrikotde.com\/es\/wp-json\/wp\/v2\/comments?post=3416"}],"wp:featuredmedia":[{"embeddable":true,"href":"https:\/\/www.billigtrikotde.com\/es\/wp-json\/wp\/v2\/media\/3455"}],"wp:attachment":[{"href":"https:\/\/www.billigtrikotde.com\/es\/wp-json\/wp\/v2\/media?parent=3416"}],"wp:term":[{"taxonomy":"product_brand","embeddable":true,"href":"https:\/\/www.billigtrikotde.com\/es\/wp-json\/wp\/v2\/product_brand?post=3416"},{"taxonomy":"product_cat","embeddable":true,"href":"https:\/\/www.billigtrikotde.com\/es\/wp-json\/wp\/v2\/product_cat?post=3416"},{"taxonomy":"product_tag","embeddable":true,"href":"https:\/\/www.billigtrikotde.com\/es\/wp-json\/wp\/v2\/product_tag?post=3416"}],"curies":[{"name":"wp","href":"https:\/\/api.w.org\/{rel}","templated":true}]}}