{"id":3389,"date":"2024-10-23T15:00:06","date_gmt":"2024-10-23T13:00:06","guid":{"rendered":"http:\/\/billigtrikots.com\/?post_type=product&#038;p=3389"},"modified":"2024-10-23T15:02:20","modified_gmt":"2024-10-23T13:02:20","slug":"guenstige-chelsea-auswaertstrikot-2021-22-kinder-in-gelb-mit-aufdruck-ziyech-22","status":"publish","type":"product","link":"https:\/\/www.billigtrikotde.com\/es\/guenstige-chelsea-auswaertstrikot-2021-22-kinder-in-gelb-mit-aufdruck-ziyech-22\/","title":{"rendered":"Camiseta visitante Chelsea 2021\/22 barata para ni\u00f1o en amarillo con estampado Ziyech 22"},"content":{"rendered":"<p>Apoya al FC Chelsea en la temporada 2021\/2022 y muestra tu orgullo con la camiseta de r\u00e9plica oficial de Nike para visitante. El dise\u00f1o aut\u00e9ntico de la camiseta visitante para ni\u00f1os se basa en las camisetas de juego de los profesionales. El material funcional ligero con tecnolog\u00eda Dri-FIT es especialmente transpirable y proporciona una sensaci\u00f3n de frescura al llevarla. El escudo del club en el pecho muestra tu entusiasmo por tu equipo, ya sea en el campo o en la calle.<\/p>\n<p>Consejos para la impresi\u00f3n: Si el nombre y el n\u00famero que aparecen en la imagen son exactamente los que desea, no es necesario que los vuelva a introducir. En caso contrario, deber\u00e1 introducir el nombre y el n\u00famero que desee.<\/p>\n<p>Consejos de lavado: Se recomienda lavar las camisetas de f\u00fatbol a mano. Si desea utilizar la lavadora, recuerde poner las camisetas de f\u00fatbol del rev\u00e9s y luego lavarlas. Llena la lavadora con agua fr\u00eda y utiliza un ciclo delicado para proteger mejor los colores.<\/p>","protected":false},"excerpt":{"rendered":"<p>Unterst\u00fctze den FC Chelsea in der Saison 2021\/2022 und zeige deinen Stolz im offiziellen Nike Replica Ausw\u00e4rtstrikot. Das authentische Design des Away Jerseys f\u00fcr Kinder basiert auf den Spieltrikots der Profis. Das leichte Funktionsmaterial mit Dri-FIT-Technologie ist besonders atmungsaktiv und sorgt f\u00fcr ein k\u00fchles Tragegef\u00fchl. Das Vereinswappen auf der Brust zeigt deine Begeisterung f\u00fcr dein [&hellip;]<\/p>","protected":false},"featured_media":3430,"comment_status":"open","ping_status":"closed","template":"","meta":[],"product_brand":[],"product_cat":[162],"product_tag":[20,76,73,163,21,22,23,24,94],"class_list":{"0":"post-3389","1":"product","2":"type-product","3":"status-publish","4":"has-post-thumbnail","6":"product_cat-chelsea-kindertrikot","7":"product_tag-coole-fussballtrikots","8":"product_tag-chelsea-auswaertstrikot","9":"product_tag-chelsea-trikots","10":"product_tag-chelsea-trikotsatz-fuer-kinder","11":"product_tag-fussballtrikot-fuer-herren","12":"product_tag-fussballtrikot-guenstig-kaufen","13":"product_tag-fussballtrikot-kurzarm","14":"product_tag-guenstiges-fussballtrikot","15":"product_tag-kinder-fussball-trikotsatz","17":"first","18":"instock","19":"shipping-taxable","20":"purchasable","21":"product-type-variable"},"_links":{"self":[{"href":"https:\/\/www.billigtrikotde.com\/es\/wp-json\/wp\/v2\/product\/3389","targetHints":{"allow":["GET"]}}],"collection":[{"href":"https:\/\/www.billigtrikotde.com\/es\/wp-json\/wp\/v2\/product"}],"about":[{"href":"https:\/\/www.billigtrikotde.com\/es\/wp-json\/wp\/v2\/types\/product"}],"replies":[{"embeddable":true,"href":"https:\/\/www.billigtrikotde.com\/es\/wp-json\/wp\/v2\/comments?post=3389"}],"wp:featuredmedia":[{"embeddable":true,"href":"https:\/\/www.billigtrikotde.com\/es\/wp-json\/wp\/v2\/media\/3430"}],"wp:attachment":[{"href":"https:\/\/www.billigtrikotde.com\/es\/wp-json\/wp\/v2\/media?parent=3389"}],"wp:term":[{"taxonomy":"product_brand","embeddable":true,"href":"https:\/\/www.billigtrikotde.com\/es\/wp-json\/wp\/v2\/product_brand?post=3389"},{"taxonomy":"product_cat","embeddable":true,"href":"https:\/\/www.billigtrikotde.com\/es\/wp-json\/wp\/v2\/product_cat?post=3389"},{"taxonomy":"product_tag","embeddable":true,"href":"https:\/\/www.billigtrikotde.com\/es\/wp-json\/wp\/v2\/product_tag?post=3389"}],"curies":[{"name":"wp","href":"https:\/\/api.w.org\/{rel}","templated":true}]}}