{"id":3357,"date":"2024-10-23T14:58:30","date_gmt":"2024-10-23T12:58:30","guid":{"rendered":"http:\/\/billigtrikots.com\/?post_type=product&#038;p=3357"},"modified":"2024-10-23T15:01:09","modified_gmt":"2024-10-23T13:01:09","slug":"paris-saint-germain-stadium-heimtrikot-kinder-2021-22-blau","status":"publish","type":"product","link":"https:\/\/www.billigtrikotde.com\/es\/paris-saint-germain-stadium-heimtrikot-kinder-2021-22-blau\/","title":{"rendered":"Par\u00eds Saint Germain Stadium Home Jersey Ni\u00f1o 2021\/22 - azul"},"content":{"rendered":"<p>Los j\u00f3venes aficionados muestran su pertenencia a su club con el modelo c\u00f3modo en azul. La camiseta infantil de Nike es la elecci\u00f3n perfecta. Ama a tu equipo \u2013 con la camiseta de local del Paris Saint-Germain, que incluso llevan los jugadores en la Ligue 1, demuestras a qui\u00e9n le late tu coraz\u00f3n. Recomendamos este modelo c\u00f3modo, transpirable, que absorbe el sudor y ligero, con una sensaci\u00f3n agradable al llevarlo. As\u00ed podr\u00e1s mostrar a todos que eres el mejor en el campo. Con esta camiseta puedes confiar en el escudo del club en el pecho.<\/p>\n<p>Consejos para la impresi\u00f3n: Si el nombre y el n\u00famero que aparecen en la imagen son exactamente los que desea, no es necesario que los vuelva a introducir. En caso contrario, deber\u00e1 introducir el nombre y el n\u00famero que desee.<\/p>\n<p>Consejos de lavado: Se recomienda lavar las camisetas de f\u00fatbol a mano. Si desea utilizar la lavadora, recuerde poner las camisetas de f\u00fatbol del rev\u00e9s y luego lavarlas. Llena la lavadora con agua fr\u00eda y utiliza un ciclo delicado para proteger mejor los colores.<\/p>","protected":false},"excerpt":{"rendered":"<p>Junge Fans zeigen die Zugeh\u00f6rigkeit zu ihrem Verein mit dem bequemen Modell in Blau. Das Nike Kinder-Shirt ist die perfekte Wahl. Liebe deine Mannschaft \u2013 mit dem Heim-Shirt des Paris Saint-Germain, das sogar von den Spielern in der Ligue 1 getragen wird, zeigst du, f\u00fcr wen dein Herz schl\u00e4gt. Wir empfehlen dieses bequeme, atmungsaktive, schwei\u00dfableitende [&hellip;]<\/p>","protected":false},"featured_media":3395,"comment_status":"open","ping_status":"closed","template":"","meta":[],"product_brand":[],"product_cat":[160],"product_tag":[20,21,22,23,24,94,161,41,159],"class_list":{"0":"post-3357","1":"product","2":"type-product","3":"status-publish","4":"has-post-thumbnail","6":"product_cat-paris-saint-germain-kindertrikot","7":"product_tag-coole-fussballtrikots","8":"product_tag-fussballtrikot-fuer-herren","9":"product_tag-fussballtrikot-guenstig-kaufen","10":"product_tag-fussballtrikot-kurzarm","11":"product_tag-guenstiges-fussballtrikot","12":"product_tag-kinder-fussball-trikotsatz","13":"product_tag-paris-saint-germain-heimtrikot","14":"product_tag-paris-saint-germain-trikots","15":"product_tag-psg-trikotsatz-fuer-kinder","17":"first","18":"instock","19":"shipping-taxable","20":"purchasable","21":"product-type-variable"},"_links":{"self":[{"href":"https:\/\/www.billigtrikotde.com\/es\/wp-json\/wp\/v2\/product\/3357","targetHints":{"allow":["GET"]}}],"collection":[{"href":"https:\/\/www.billigtrikotde.com\/es\/wp-json\/wp\/v2\/product"}],"about":[{"href":"https:\/\/www.billigtrikotde.com\/es\/wp-json\/wp\/v2\/types\/product"}],"replies":[{"embeddable":true,"href":"https:\/\/www.billigtrikotde.com\/es\/wp-json\/wp\/v2\/comments?post=3357"}],"wp:featuredmedia":[{"embeddable":true,"href":"https:\/\/www.billigtrikotde.com\/es\/wp-json\/wp\/v2\/media\/3395"}],"wp:attachment":[{"href":"https:\/\/www.billigtrikotde.com\/es\/wp-json\/wp\/v2\/media?parent=3357"}],"wp:term":[{"taxonomy":"product_brand","embeddable":true,"href":"https:\/\/www.billigtrikotde.com\/es\/wp-json\/wp\/v2\/product_brand?post=3357"},{"taxonomy":"product_cat","embeddable":true,"href":"https:\/\/www.billigtrikotde.com\/es\/wp-json\/wp\/v2\/product_cat?post=3357"},{"taxonomy":"product_tag","embeddable":true,"href":"https:\/\/www.billigtrikotde.com\/es\/wp-json\/wp\/v2\/product_tag?post=3357"}],"curies":[{"name":"wp","href":"https:\/\/api.w.org\/{rel}","templated":true}]}}