{"id":329,"date":"2024-10-23T12:14:27","date_gmt":"2024-10-23T10:14:27","guid":{"rendered":"http:\/\/billigtrikots.com\/?post_type=product&#038;p=329"},"modified":"2024-10-23T12:16:53","modified_gmt":"2024-10-23T10:16:53","slug":"fc-barcelona-herren-auswaerts-trikot-2021-22-fussballtrikot-lila-gelb","status":"publish","type":"product","link":"https:\/\/www.billigtrikotde.com\/es\/fc-barcelona-herren-auswaerts-trikot-2021-22-fussballtrikot-lila-gelb\/","title":{"rendered":"FC Barcelona Camiseta de F\u00fatbol 2021\/22 Fuera de Casa morado\/amarillo"},"content":{"rendered":"<p>Representa a tu equipo con la camiseta de visitante del FC Barcelona Stadium. El tejido altamente transpirable capilariza el sudor de la piel para que te mantengas fresco, ya sea animando a los aficionados en la grada o jugando en el campo. Dise\u00f1o DryLa tecnolog\u00eda Nike Dri-FIT capilariza el sudor de la piel para una evaporaci\u00f3n m\u00e1s r\u00e1pida, manteni\u00e9ndote seco y c\u00f3modo. Comodidad frescaEl tejido Nike Breathe es altamente transpirable para ayudarte a mantenerte fresco. Inspiraci\u00f3n de nivel profesionalEl dise\u00f1o replica lo que los profesionales visten en el campo.<\/p>\n<p>Consejos para la impresi\u00f3n: Si el nombre y el n\u00famero que aparecen en la imagen son exactamente los que desea, no es necesario que los vuelva a introducir. En caso contrario, deber\u00e1 introducir el nombre y el n\u00famero que desee.<\/p>\n<p>Consejos de lavado: Se recomienda lavar las camisetas de f\u00fatbol a mano. Si desea utilizar la lavadora, recuerde poner las camisetas de f\u00fatbol del rev\u00e9s y luego lavarlas. Llena la lavadora con agua fr\u00eda y utiliza un ciclo delicado para proteger mejor los colores.<\/p>","protected":false},"excerpt":{"rendered":"<p>Repr\u00e4sentieren Sie Ihr Team mit dem FC Barcelona Stadium Away Jersey. Das hoch atmungsaktive Gewebe leitet Schwei\u00df von der Haut weg, so dass Sie k\u00fchl bleiben, ob Sie auf der Trib\u00fcne die Fans anfeuern oder auf dem Feld spielen.Dry designThe Nike Dri-FIT-Technologie leitet Schwei\u00df von der Haut weg f\u00fcr eine schnellere Verdunstung, halten Sie trocken [&hellip;]<\/p>","protected":false},"featured_media":384,"comment_status":"open","ping_status":"closed","template":"","meta":[],"product_brand":[],"product_cat":[31],"product_tag":[36,20,33,21,22,23,24],"class_list":{"0":"post-329","1":"product","2":"type-product","3":"status-publish","4":"has-post-thumbnail","6":"product_cat-fc-barcelona","7":"product_tag-barcelona-auswaertstrikot","8":"product_tag-coole-fussballtrikots","9":"product_tag-fc-barcelona-trikots","10":"product_tag-fussballtrikot-fuer-herren","11":"product_tag-fussballtrikot-guenstig-kaufen","12":"product_tag-fussballtrikot-kurzarm","13":"product_tag-guenstiges-fussballtrikot","15":"first","16":"instock","17":"shipping-taxable","18":"purchasable","19":"product-type-variable"},"_links":{"self":[{"href":"https:\/\/www.billigtrikotde.com\/es\/wp-json\/wp\/v2\/product\/329","targetHints":{"allow":["GET"]}}],"collection":[{"href":"https:\/\/www.billigtrikotde.com\/es\/wp-json\/wp\/v2\/product"}],"about":[{"href":"https:\/\/www.billigtrikotde.com\/es\/wp-json\/wp\/v2\/types\/product"}],"replies":[{"embeddable":true,"href":"https:\/\/www.billigtrikotde.com\/es\/wp-json\/wp\/v2\/comments?post=329"}],"wp:featuredmedia":[{"embeddable":true,"href":"https:\/\/www.billigtrikotde.com\/es\/wp-json\/wp\/v2\/media\/384"}],"wp:attachment":[{"href":"https:\/\/www.billigtrikotde.com\/es\/wp-json\/wp\/v2\/media?parent=329"}],"wp:term":[{"taxonomy":"product_brand","embeddable":true,"href":"https:\/\/www.billigtrikotde.com\/es\/wp-json\/wp\/v2\/product_brand?post=329"},{"taxonomy":"product_cat","embeddable":true,"href":"https:\/\/www.billigtrikotde.com\/es\/wp-json\/wp\/v2\/product_cat?post=329"},{"taxonomy":"product_tag","embeddable":true,"href":"https:\/\/www.billigtrikotde.com\/es\/wp-json\/wp\/v2\/product_tag?post=329"}],"curies":[{"name":"wp","href":"https:\/\/api.w.org\/{rel}","templated":true}]}}