{"id":3271,"date":"2024-10-23T14:54:29","date_gmt":"2024-10-23T12:54:29","guid":{"rendered":"http:\/\/billigtrikots.com\/?post_type=product&#038;p=3271"},"modified":"2024-10-23T14:56:45","modified_gmt":"2024-10-23T12:56:45","slug":"atletico-de-madrid-heimtrikot-in-rot-2021-2022-fuer-kinder-mit-aufdruck-saul-8","status":"publish","type":"product","link":"https:\/\/www.billigtrikotde.com\/es\/atletico-de-madrid-heimtrikot-in-rot-2021-2022-fuer-kinder-mit-aufdruck-saul-8\/","title":{"rendered":"Camiseta de local del Atl\u00e9tico de Madrid en rojo 2021\/2022 para ni\u00f1o con estampado Sa\u00fal 8"},"content":{"rendered":"<p>Con este ligero modelo en rojo, incluso los aficionados m\u00e1s j\u00f3venes pueden mostrar su afecto por su club favorito. La camiseta Nike para ni\u00f1os es la elecci\u00f3n correcta. Una prenda imprescindible para los verdaderos aficionados del Atl\u00e9tico de Madrid: la camiseta local con el dise\u00f1o original que llevaban los jugadores en Primera Divisi\u00f3n. S\u00faper c\u00f3moda, transpirable, ligera y transpirable, seguro que te impresionar\u00e1. Equipado con esta camiseta, podr\u00e1s mostrar tu esp\u00edritu de equipo y lucir una figura deportiva all\u00e1 donde vayas.<\/p>\n<p>Consejos para la impresi\u00f3n: Si el nombre y el n\u00famero que aparecen en la imagen son exactamente los que desea, no es necesario que los vuelva a introducir. En caso contrario, deber\u00e1 introducir el nombre y el n\u00famero que desee.<\/p>\n<p>Consejos de lavado: Se recomienda lavar las camisetas de f\u00fatbol a mano. Si desea utilizar la lavadora, recuerde poner las camisetas de f\u00fatbol del rev\u00e9s y luego lavarlas. Llena la lavadora con agua fr\u00eda y utiliza un ciclo delicado para proteger mejor los colores.<\/p>","protected":false},"excerpt":{"rendered":"<p>Mit dem leichten Modell in Rot zeigen auch die j\u00fcngsten Fans ihre Zuneigung zu ihrem Lieblingsverein. Das Nike Kinder-Shirt ist die richtige Wahl. F\u00fcr wahre Atletico Madrid-Fans ein Must-Have: das Heim-Shirt im Originaldesign, wie es die Spieler in der Primera Division tragen. Die super bequeme, atmungsaktive, leichte und schwei\u00dfableitende Funktionsweise l\u00e4sst es \u00fcberzeugen. Mit diesem [&hellip;]<\/p>","protected":false},"featured_media":3306,"comment_status":"open","ping_status":"closed","template":"","meta":[],"product_brand":[],"product_cat":[157],"product_tag":[89,90,158,20,21,22,23,24,94],"class_list":{"0":"post-3271","1":"product","2":"type-product","3":"status-publish","4":"has-post-thumbnail","6":"product_cat-atletico-madrid-kindertrikot","7":"product_tag-atletico-madrid-heimtrikot","8":"product_tag-atletico-madrid-trikots","9":"product_tag-atletico-madrid-trikotsatz-fuer-kinder","10":"product_tag-coole-fussballtrikots","11":"product_tag-fussballtrikot-fuer-herren","12":"product_tag-fussballtrikot-guenstig-kaufen","13":"product_tag-fussballtrikot-kurzarm","14":"product_tag-guenstiges-fussballtrikot","15":"product_tag-kinder-fussball-trikotsatz","17":"first","18":"instock","19":"shipping-taxable","20":"purchasable","21":"product-type-variable"},"_links":{"self":[{"href":"https:\/\/www.billigtrikotde.com\/es\/wp-json\/wp\/v2\/product\/3271","targetHints":{"allow":["GET"]}}],"collection":[{"href":"https:\/\/www.billigtrikotde.com\/es\/wp-json\/wp\/v2\/product"}],"about":[{"href":"https:\/\/www.billigtrikotde.com\/es\/wp-json\/wp\/v2\/types\/product"}],"replies":[{"embeddable":true,"href":"https:\/\/www.billigtrikotde.com\/es\/wp-json\/wp\/v2\/comments?post=3271"}],"wp:featuredmedia":[{"embeddable":true,"href":"https:\/\/www.billigtrikotde.com\/es\/wp-json\/wp\/v2\/media\/3306"}],"wp:attachment":[{"href":"https:\/\/www.billigtrikotde.com\/es\/wp-json\/wp\/v2\/media?parent=3271"}],"wp:term":[{"taxonomy":"product_brand","embeddable":true,"href":"https:\/\/www.billigtrikotde.com\/es\/wp-json\/wp\/v2\/product_brand?post=3271"},{"taxonomy":"product_cat","embeddable":true,"href":"https:\/\/www.billigtrikotde.com\/es\/wp-json\/wp\/v2\/product_cat?post=3271"},{"taxonomy":"product_tag","embeddable":true,"href":"https:\/\/www.billigtrikotde.com\/es\/wp-json\/wp\/v2\/product_tag?post=3271"}],"curies":[{"name":"wp","href":"https:\/\/api.w.org\/{rel}","templated":true}]}}