{"id":3254,"date":"2024-10-23T14:53:29","date_gmt":"2024-10-23T12:53:29","guid":{"rendered":"http:\/\/billigtrikots.com\/?post_type=product&#038;p=3254"},"modified":"2024-10-23T14:56:09","modified_gmt":"2024-10-23T12:56:09","slug":"fussball-trikot-liverpool-fc-2021-22-stadium-trikot-home-fuer-kinder-alexander-arnold-66","status":"publish","type":"product","link":"https:\/\/www.billigtrikotde.com\/es\/fussball-trikot-liverpool-fc-2021-22-stadium-trikot-home-fuer-kinder-alexander-arnold-66\/","title":{"rendered":"Liverpool FC Camiseta de F\u00fatbol 2021\/22 Camiseta de Estadio Home para Ni\u00f1os Alexander-Arnold 66"},"content":{"rendered":"<p>Apoya al FC Liverpool en la temporada 2021\/2022 y muestra tu orgullo con la camiseta oficial de r\u00e9plica de Nike para el hogar. El dise\u00f1o aut\u00e9ntico de la camiseta de local para ni\u00f1os se basa en las camisetas de juego de los profesionales. El material funcional reciclado al 100% con tecnolog\u00eda Dri-FIT es especialmente transpirable y proporciona una sensaci\u00f3n de frescura al llevarla. El escudo del club en el pecho muestra tu entusiasmo por tu equipo, ya sea en el campo o en la calle.<\/p>\n<p>Consejos para la impresi\u00f3n: Si el nombre y el n\u00famero que aparecen en la imagen son exactamente los que desea, no es necesario que los vuelva a introducir. En caso contrario, deber\u00e1 introducir el nombre y el n\u00famero que desee.<\/p>\n<p>Consejos de lavado: Se recomienda lavar las camisetas de f\u00fatbol a mano. Si desea utilizar la lavadora, recuerde poner las camisetas de f\u00fatbol del rev\u00e9s y luego lavarlas. Llena la lavadora con agua fr\u00eda y utiliza un ciclo delicado para proteger mejor los colores.<\/p>","protected":false},"excerpt":{"rendered":"<p>Unterst\u00fctze den FC Liverpool in der Saison 2021\/2022 und zeige deinen Stolz im offiziellen Nike Replica Heimtrikot. Das authentische Design des Home Jerseys f\u00fcr Kinder basiert auf den Spieltrikots der Profis. Das zu 100 % recycelte Funktionsmaterial mit Dri-FIT-Technologie ist besonders atmungsaktiv und sorgt f\u00fcr ein k\u00fchles Tragegef\u00fchl. Das Vereinswappen auf der Brust zeigt deine [&hellip;]<\/p>","protected":false},"featured_media":3293,"comment_status":"open","ping_status":"closed","template":"","meta":[],"product_brand":[],"product_cat":[151],"product_tag":[20,21,22,23,24,94,152,153,154],"class_list":{"0":"post-3254","1":"product","2":"type-product","3":"status-publish","4":"has-post-thumbnail","6":"product_cat-liverpool-kindertrikot","7":"product_tag-coole-fussballtrikots","8":"product_tag-fussballtrikot-fuer-herren","9":"product_tag-fussballtrikot-guenstig-kaufen","10":"product_tag-fussballtrikot-kurzarm","11":"product_tag-guenstiges-fussballtrikot","12":"product_tag-kinder-fussball-trikotsatz","13":"product_tag-liverpool-heimtrikot","14":"product_tag-liverpool-trikots","15":"product_tag-liverpool-trikotsatz-fuer-kinder","17":"first","18":"instock","19":"shipping-taxable","20":"purchasable","21":"product-type-variable"},"_links":{"self":[{"href":"https:\/\/www.billigtrikotde.com\/es\/wp-json\/wp\/v2\/product\/3254","targetHints":{"allow":["GET"]}}],"collection":[{"href":"https:\/\/www.billigtrikotde.com\/es\/wp-json\/wp\/v2\/product"}],"about":[{"href":"https:\/\/www.billigtrikotde.com\/es\/wp-json\/wp\/v2\/types\/product"}],"replies":[{"embeddable":true,"href":"https:\/\/www.billigtrikotde.com\/es\/wp-json\/wp\/v2\/comments?post=3254"}],"wp:featuredmedia":[{"embeddable":true,"href":"https:\/\/www.billigtrikotde.com\/es\/wp-json\/wp\/v2\/media\/3293"}],"wp:attachment":[{"href":"https:\/\/www.billigtrikotde.com\/es\/wp-json\/wp\/v2\/media?parent=3254"}],"wp:term":[{"taxonomy":"product_brand","embeddable":true,"href":"https:\/\/www.billigtrikotde.com\/es\/wp-json\/wp\/v2\/product_brand?post=3254"},{"taxonomy":"product_cat","embeddable":true,"href":"https:\/\/www.billigtrikotde.com\/es\/wp-json\/wp\/v2\/product_cat?post=3254"},{"taxonomy":"product_tag","embeddable":true,"href":"https:\/\/www.billigtrikotde.com\/es\/wp-json\/wp\/v2\/product_tag?post=3254"}],"curies":[{"name":"wp","href":"https:\/\/api.w.org\/{rel}","templated":true}]}}