{"id":3248,"date":"2024-10-23T14:53:24","date_gmt":"2024-10-23T12:53:24","guid":{"rendered":"http:\/\/billigtrikots.com\/?post_type=product&#038;p=3248"},"modified":"2024-10-23T14:55:34","modified_gmt":"2024-10-23T12:55:34","slug":"fussball-trikot-liverpool-fc-2021-22-heimtrikot-rot-fuer-kinder-henderson-14","status":"publish","type":"product","link":"https:\/\/www.billigtrikotde.com\/es\/fussball-trikot-liverpool-fc-2021-22-heimtrikot-rot-fuer-kinder-henderson-14\/","title":{"rendered":"Camiseta de f\u00fatbol Liverpool FC 2021\/22 Home Shirt rojo para ni\u00f1os HENDERSON 14"},"content":{"rendered":"<p>Camiseta de f\u00fatbol para ni\u00f1os, con el dise\u00f1o de la equipaci\u00f3n local del Liverpool FC para la temporada 2021\/22; tecnolog\u00eda Dri-FIT para un transporte \u00f3ptimo de la humedad; cuello redondo; varios detalles de la marca, el club y el patrocinador; material 100% poli\u00e9ster.<\/p>\n<p>Consejos para la impresi\u00f3n: Si el nombre y el n\u00famero que aparecen en la imagen son exactamente los que desea, no es necesario que los vuelva a introducir. En caso contrario, deber\u00e1 introducir el nombre y el n\u00famero que desee.<\/p>\n<p>Consejos de lavado: Se recomienda lavar las camisetas de f\u00fatbol a mano. Si desea utilizar la lavadora, recuerde poner las camisetas de f\u00fatbol del rev\u00e9s y luego lavarlas. Llena la lavadora con agua fr\u00eda y utiliza un ciclo delicado para proteger mejor los colores.<\/p>","protected":false},"excerpt":{"rendered":"<p>Fu\u00dfballtrikot f\u00fcr Kinder, im Heimoutfit-Design des FC Liverpools f\u00fcr die Saison 2021\/22; Dri-FIT-Technologie f\u00fcr einen optimalen Feuchtigkeitstransport; Rundhalsausschnitt; diverse Marken-, Vereins- und Sponsorendetails; Material 100% Polyester. Tipps zum Drucken: Wenn der Name und die Nummer auf dem Bild genau Ihren W\u00fcnschen entsprechen, m\u00fcssen Sie sie nicht erneut eingeben. Wenn nicht, sollten Sie Ihren gew\u00fcnschten Namen [&hellip;]<\/p>","protected":false},"featured_media":3290,"comment_status":"open","ping_status":"closed","template":"","meta":[],"product_brand":[],"product_cat":[151],"product_tag":[20,21,22,23,24,94,152,153,154],"class_list":{"0":"post-3248","1":"product","2":"type-product","3":"status-publish","4":"has-post-thumbnail","6":"product_cat-liverpool-kindertrikot","7":"product_tag-coole-fussballtrikots","8":"product_tag-fussballtrikot-fuer-herren","9":"product_tag-fussballtrikot-guenstig-kaufen","10":"product_tag-fussballtrikot-kurzarm","11":"product_tag-guenstiges-fussballtrikot","12":"product_tag-kinder-fussball-trikotsatz","13":"product_tag-liverpool-heimtrikot","14":"product_tag-liverpool-trikots","15":"product_tag-liverpool-trikotsatz-fuer-kinder","17":"first","18":"instock","19":"shipping-taxable","20":"purchasable","21":"product-type-variable"},"_links":{"self":[{"href":"https:\/\/www.billigtrikotde.com\/es\/wp-json\/wp\/v2\/product\/3248","targetHints":{"allow":["GET"]}}],"collection":[{"href":"https:\/\/www.billigtrikotde.com\/es\/wp-json\/wp\/v2\/product"}],"about":[{"href":"https:\/\/www.billigtrikotde.com\/es\/wp-json\/wp\/v2\/types\/product"}],"replies":[{"embeddable":true,"href":"https:\/\/www.billigtrikotde.com\/es\/wp-json\/wp\/v2\/comments?post=3248"}],"wp:featuredmedia":[{"embeddable":true,"href":"https:\/\/www.billigtrikotde.com\/es\/wp-json\/wp\/v2\/media\/3290"}],"wp:attachment":[{"href":"https:\/\/www.billigtrikotde.com\/es\/wp-json\/wp\/v2\/media?parent=3248"}],"wp:term":[{"taxonomy":"product_brand","embeddable":true,"href":"https:\/\/www.billigtrikotde.com\/es\/wp-json\/wp\/v2\/product_brand?post=3248"},{"taxonomy":"product_cat","embeddable":true,"href":"https:\/\/www.billigtrikotde.com\/es\/wp-json\/wp\/v2\/product_cat?post=3248"},{"taxonomy":"product_tag","embeddable":true,"href":"https:\/\/www.billigtrikotde.com\/es\/wp-json\/wp\/v2\/product_tag?post=3248"}],"curies":[{"name":"wp","href":"https:\/\/api.w.org\/{rel}","templated":true}]}}