{"id":3226,"date":"2024-10-23T14:52:19","date_gmt":"2024-10-23T12:52:19","guid":{"rendered":"http:\/\/billigtrikots.com\/?post_type=product&#038;p=3226"},"modified":"2024-10-23T14:54:25","modified_gmt":"2024-10-23T12:54:25","slug":"kinder-fussball-trikot-liverpool-fc-stadium-away-2021-22-mit-aufdruck-alexander-arnold-66","status":"publish","type":"product","link":"https:\/\/www.billigtrikotde.com\/es\/kinder-fussball-trikot-liverpool-fc-stadium-away-2021-22-mit-aufdruck-alexander-arnold-66\/","title":{"rendered":"Camiseta de f\u00fatbol para ni\u00f1o Liverpool FC Stadium Away 2021\/22 con estampado Alexander-Arnold 66"},"content":{"rendered":"<p>Con el modelo que absorbe el sudor en beige, incluso los aficionados m\u00e1s j\u00f3venes muestran su afecto por su club favorito. La camiseta de ni\u00f1o de Nike es la elecci\u00f3n perfecta. Como verdadero fan de FC Liverpool necesitas esta camiseta de visitante, que los jugadores llevan en la Premier League. El modelo ligero, que absorbe el sudor, transpirable y c\u00f3modo convence en todos los sentidos. As\u00ed eres a\u00fan m\u00e1s capaz y puedes darlo todo en cada entrenamiento. Se subraya la fant\u00e1stica apariencia de la camiseta gracias al escudo del club en el pecho.<\/p>\n<p>Consejos para la impresi\u00f3n: Si el nombre y el n\u00famero que aparecen en la imagen son exactamente los que desea, no es necesario que los vuelva a introducir. En caso contrario, deber\u00e1 introducir el nombre y el n\u00famero que desee.<\/p>\n<p>Consejos de lavado: Se recomienda lavar las camisetas de f\u00fatbol a mano. Si desea utilizar la lavadora, recuerde poner las camisetas de f\u00fatbol del rev\u00e9s y luego lavarlas. Llena la lavadora con agua fr\u00eda y utiliza un ciclo delicado para proteger mejor los colores.<\/p>","protected":false},"excerpt":{"rendered":"<p>Mit dem schwei\u00dfableitenden Modell in Beige zeigen auch die j\u00fcngsten Fans ihre Zuneigung zu ihrem Lieblingsverein. Das Nike Kinder-Shirt ist die perfekte Wahl. Als echter FC Liverpool-Fan brauchst du dieses Ausw\u00e4rts-Shirt, das die Spieler in der Premier League tragen. Das leichte, schwei\u00dfableitende, atmungsaktive und bequeme Modell \u00fcberzeugt auf ganzer Linie. So bist du noch leistungsf\u00e4higer [&hellip;]<\/p>","protected":false},"featured_media":3267,"comment_status":"open","ping_status":"closed","template":"","meta":[],"product_brand":[],"product_cat":[151],"product_tag":[20,21,22,23,24,94,156,153,154],"class_list":{"0":"post-3226","1":"product","2":"type-product","3":"status-publish","4":"has-post-thumbnail","6":"product_cat-liverpool-kindertrikot","7":"product_tag-coole-fussballtrikots","8":"product_tag-fussballtrikot-fuer-herren","9":"product_tag-fussballtrikot-guenstig-kaufen","10":"product_tag-fussballtrikot-kurzarm","11":"product_tag-guenstiges-fussballtrikot","12":"product_tag-kinder-fussball-trikotsatz","13":"product_tag-liverpool-auswaertstrikot","14":"product_tag-liverpool-trikots","15":"product_tag-liverpool-trikotsatz-fuer-kinder","17":"first","18":"instock","19":"shipping-taxable","20":"purchasable","21":"product-type-variable"},"_links":{"self":[{"href":"https:\/\/www.billigtrikotde.com\/es\/wp-json\/wp\/v2\/product\/3226","targetHints":{"allow":["GET"]}}],"collection":[{"href":"https:\/\/www.billigtrikotde.com\/es\/wp-json\/wp\/v2\/product"}],"about":[{"href":"https:\/\/www.billigtrikotde.com\/es\/wp-json\/wp\/v2\/types\/product"}],"replies":[{"embeddable":true,"href":"https:\/\/www.billigtrikotde.com\/es\/wp-json\/wp\/v2\/comments?post=3226"}],"wp:featuredmedia":[{"embeddable":true,"href":"https:\/\/www.billigtrikotde.com\/es\/wp-json\/wp\/v2\/media\/3267"}],"wp:attachment":[{"href":"https:\/\/www.billigtrikotde.com\/es\/wp-json\/wp\/v2\/media?parent=3226"}],"wp:term":[{"taxonomy":"product_brand","embeddable":true,"href":"https:\/\/www.billigtrikotde.com\/es\/wp-json\/wp\/v2\/product_brand?post=3226"},{"taxonomy":"product_cat","embeddable":true,"href":"https:\/\/www.billigtrikotde.com\/es\/wp-json\/wp\/v2\/product_cat?post=3226"},{"taxonomy":"product_tag","embeddable":true,"href":"https:\/\/www.billigtrikotde.com\/es\/wp-json\/wp\/v2\/product_tag?post=3226"}],"curies":[{"name":"wp","href":"https:\/\/api.w.org\/{rel}","templated":true}]}}