{"id":3224,"date":"2024-10-23T14:52:18","date_gmt":"2024-10-23T12:52:18","guid":{"rendered":"http:\/\/billigtrikots.com\/?post_type=product&#038;p=3224"},"modified":"2024-10-23T14:54:25","modified_gmt":"2024-10-23T12:54:25","slug":"personalisierbar-fussball-trikot-fc-liverpool-torwarttrikot-orange-fuer-kinder","status":"publish","type":"product","link":"https:\/\/www.billigtrikotde.com\/es\/personalisierbar-fussball-trikot-fc-liverpool-torwarttrikot-orange-fuer-kinder\/","title":{"rendered":"Camiseta de f\u00fatbol personalizable Camiseta de portero del Liverpool FC naranja para ni\u00f1o"},"content":{"rendered":"<p>Aqu\u00ed viene la camiseta Nike en naranja, que te ayuda a apoyar a tu equipo favorito en cualquier situaci\u00f3n y a mostrar de qu\u00e9 lado est\u00e1 tu coraz\u00f3n. Para los verdaderos fans del FC Liverpool es imprescindible: la camiseta con el dise\u00f1o original. Es transpirable, c\u00f3moda y ligera. Con esta camiseta est\u00e1s perfectamente equipado para cualquier sesi\u00f3n. En esta camiseta puedes contar visualmente con el emblema del club en el pecho.<\/p>\n<p>Consejos para la impresi\u00f3n: Si el nombre y el n\u00famero que aparecen en la imagen son exactamente los que desea, no es necesario que los vuelva a introducir. En caso contrario, deber\u00e1 introducir el nombre y el n\u00famero que desee.<\/p>\n<p>Consejos de lavado: Se recomienda lavar las camisetas de f\u00fatbol a mano. Si desea utilizar la lavadora, recuerde poner las camisetas de f\u00fatbol del rev\u00e9s y luego lavarlas. Llena la lavadora con agua fr\u00eda y utiliza un ciclo delicado para proteger mejor los colores.<\/p>","protected":false},"excerpt":{"rendered":"<p>Aqu\u00ed llega la camiseta Nike en naranja, que te ayuda a apoyar a tu club favorito en cualquier situaci\u00f3n y a mostrar para qu\u00e9 late tu coraz\u00f3n. Para verdaderos aficionados del FC Liverpool, una necesidad: la camiseta en el dise\u00f1o original. Es transpirable, c\u00f3moda y ligera. Con esta camiseta est\u00e1s bien equipado para cada sesi\u00f3n. En esta camiseta puedes \u2026<\/p>","protected":false},"featured_media":3266,"comment_status":"open","ping_status":"closed","template":"","meta":[],"product_brand":[],"product_cat":[151],"product_tag":[20,35,21,23,24,94,155,153,154],"class_list":{"0":"post-3224","1":"product","2":"type-product","3":"status-publish","4":"has-post-thumbnail","6":"product_cat-liverpool-kindertrikot","7":"product_tag-coole-fussballtrikots","8":"product_tag-fussball-torwarttrikots","9":"product_tag-fussballtrikot-fuer-herren","10":"product_tag-fussballtrikot-kurzarm","11":"product_tag-guenstiges-fussballtrikot","12":"product_tag-kinder-fussball-trikotsatz","13":"product_tag-liverpool-torwarttrikot","14":"product_tag-liverpool-trikots","15":"product_tag-liverpool-trikotsatz-fuer-kinder","17":"first","18":"instock","19":"shipping-taxable","20":"purchasable","21":"product-type-variable"},"_links":{"self":[{"href":"https:\/\/www.billigtrikotde.com\/es\/wp-json\/wp\/v2\/product\/3224","targetHints":{"allow":["GET"]}}],"collection":[{"href":"https:\/\/www.billigtrikotde.com\/es\/wp-json\/wp\/v2\/product"}],"about":[{"href":"https:\/\/www.billigtrikotde.com\/es\/wp-json\/wp\/v2\/types\/product"}],"replies":[{"embeddable":true,"href":"https:\/\/www.billigtrikotde.com\/es\/wp-json\/wp\/v2\/comments?post=3224"}],"wp:featuredmedia":[{"embeddable":true,"href":"https:\/\/www.billigtrikotde.com\/es\/wp-json\/wp\/v2\/media\/3266"}],"wp:attachment":[{"href":"https:\/\/www.billigtrikotde.com\/es\/wp-json\/wp\/v2\/media?parent=3224"}],"wp:term":[{"taxonomy":"product_brand","embeddable":true,"href":"https:\/\/www.billigtrikotde.com\/es\/wp-json\/wp\/v2\/product_brand?post=3224"},{"taxonomy":"product_cat","embeddable":true,"href":"https:\/\/www.billigtrikotde.com\/es\/wp-json\/wp\/v2\/product_cat?post=3224"},{"taxonomy":"product_tag","embeddable":true,"href":"https:\/\/www.billigtrikotde.com\/es\/wp-json\/wp\/v2\/product_tag?post=3224"}],"curies":[{"name":"wp","href":"https:\/\/api.w.org\/{rel}","templated":true}]}}