{"id":3187,"date":"2024-10-23T14:50:41","date_gmt":"2024-10-23T12:50:41","guid":{"rendered":"http:\/\/billigtrikots.com\/?post_type=product&#038;p=3187"},"modified":"2024-10-23T14:52:45","modified_gmt":"2024-10-23T12:52:45","slug":"juventus-kinder-torwart-trikot-21-22-schwarz-trikotsatz-fussball-fan-trikots","status":"publish","type":"product","link":"https:\/\/www.billigtrikotde.com\/es\/juventus-kinder-torwart-trikot-21-22-schwarz-trikotsatz-fussball-fan-trikots\/","title":{"rendered":"Juventus Camiseta de portero para ni\u00f1os 21\/22 Juego de camisetas Schwarz Trikotsatz F\u00fatbol-Fan-Trikots"},"content":{"rendered":"<p>La camiseta infantil de a-didas en verde te permite llevar los colores de tu club y mostrar a todos para qu\u00e9 late tu coraz\u00f3n. La camiseta entusiasma a los verdaderos aficionados del FC Juventus de Turin. Su funcionamiento c\u00f3modo, que absorbe el sudor, ligero y transpirable, convence. Destaca visualmente con un escudo del club en el pecho. As\u00ed puedes demostrar a todos que eres el mejor en el campo.<\/p>\n<p>Consejos para la impresi\u00f3n: Si el nombre y el n\u00famero que aparecen en la imagen son exactamente los que desea, no es necesario que los vuelva a introducir. En caso contrario, deber\u00e1 introducir el nombre y el n\u00famero que desee.<\/p>\n<p>Consejos de lavado: Se recomienda lavar las camisetas de f\u00fatbol a mano. Si desea utilizar la lavadora, recuerde poner las camisetas de f\u00fatbol del rev\u00e9s y luego lavarlas. Llena la lavadora con agua fr\u00eda y utiliza un ciclo delicado para proteger mejor los colores.<\/p>","protected":false},"excerpt":{"rendered":"<p>La camiseta infantil de a-didas en verde te permite llevar los colores de tu club y mostrar a todos para qu\u00e9 late tu coraz\u00f3n. La camiseta entusiasma a los verdaderos aficionados del FC Juventus de Turin. Su funcionamiento c\u00f3modo, que absorbe el sudor, ligero y transpirable, convence. Destaca visualmente con un escudo del club en el pecho. As\u00ed puedes demostrar a todos que eres el mejor en el campo.<\/p>","protected":false},"featured_media":3222,"comment_status":"open","ping_status":"closed","template":"","meta":[],"product_brand":[],"product_cat":[148],"product_tag":[20,38,24,149,94],"class_list":{"0":"post-3187","1":"product","2":"type-product","3":"status-publish","4":"has-post-thumbnail","6":"product_cat-juventus-kindertrikot","7":"product_tag-coole-fussballtrikots","8":"product_tag-fussball-trikot-langarm","9":"product_tag-guenstiges-fussballtrikot","10":"product_tag-juventus-trikotsatz-fuer-kinder","11":"product_tag-kinder-fussball-trikotsatz","13":"first","14":"instock","15":"shipping-taxable","16":"purchasable","17":"product-type-variable"},"_links":{"self":[{"href":"https:\/\/www.billigtrikotde.com\/es\/wp-json\/wp\/v2\/product\/3187","targetHints":{"allow":["GET"]}}],"collection":[{"href":"https:\/\/www.billigtrikotde.com\/es\/wp-json\/wp\/v2\/product"}],"about":[{"href":"https:\/\/www.billigtrikotde.com\/es\/wp-json\/wp\/v2\/types\/product"}],"replies":[{"embeddable":true,"href":"https:\/\/www.billigtrikotde.com\/es\/wp-json\/wp\/v2\/comments?post=3187"}],"wp:featuredmedia":[{"embeddable":true,"href":"https:\/\/www.billigtrikotde.com\/es\/wp-json\/wp\/v2\/media\/3222"}],"wp:attachment":[{"href":"https:\/\/www.billigtrikotde.com\/es\/wp-json\/wp\/v2\/media?parent=3187"}],"wp:term":[{"taxonomy":"product_brand","embeddable":true,"href":"https:\/\/www.billigtrikotde.com\/es\/wp-json\/wp\/v2\/product_brand?post=3187"},{"taxonomy":"product_cat","embeddable":true,"href":"https:\/\/www.billigtrikotde.com\/es\/wp-json\/wp\/v2\/product_cat?post=3187"},{"taxonomy":"product_tag","embeddable":true,"href":"https:\/\/www.billigtrikotde.com\/es\/wp-json\/wp\/v2\/product_tag?post=3187"}],"curies":[{"name":"wp","href":"https:\/\/api.w.org\/{rel}","templated":true}]}}