{"id":3181,"date":"2024-10-23T14:50:14","date_gmt":"2024-10-23T12:50:14","guid":{"rendered":"http:\/\/billigtrikots.com\/?post_type=product&#038;p=3181"},"modified":"2025-06-16T16:03:56","modified_gmt":"2025-06-16T14:03:56","slug":"kinder-home-fussball-trikot-juventus-turin-heimtrikot-2021-22-weiss-schwarz","status":"publish","type":"product","link":"https:\/\/www.billigtrikotde.com\/es\/kinder-home-fussball-trikot-juventus-turin-heimtrikot-2021-22-weiss-schwarz\/","title":{"rendered":"Camiseta de f\u00fatbol para ni\u00f1os Juventus Turin Home Shirt 2021\/22 Blanco\/Negro"},"content":{"rendered":"<p>adidas Camiseta de f\u00fatbol para ni\u00f1os Juventus Tur\u00edn Local 2021\/22. Un homenaje al estadio local. Esta camiseta para ni\u00f1os y adolescentes celebra el d\u00e9cimo aniversario del legendario Estadio Allianz. Las llamativas estrellas del edificio se reflejan en el dise\u00f1o y aportan un toque especial al aspecto cl\u00e1sico con las rayas negras. El material suave y la tecnolog\u00eda absorbente de humedad AEROREADY garantizan una sensaci\u00f3n de comodidad seca. Una camiseta de aficionado con cualidades de estrella. Logotipo del club tejido de Juventus Tur\u00edn. Corte regular. Cuello en V acanalado. Absorbente de humedad. Pu\u00f1os acanalados. Este producto es Primegreen: fabricado con diversos materiales reciclados funcionales. Material: 100% Poli\u00e9ster.<\/p>\n<p>Consejos para la impresi\u00f3n: Si el nombre y el n\u00famero que aparecen en la imagen son exactamente los que desea, no es necesario que los vuelva a introducir. En caso contrario, deber\u00e1 introducir el nombre y el n\u00famero que desee.<\/p>\n<p>Consejos de lavado: Se recomienda lavar las camisetas de f\u00fatbol a mano. Si desea utilizar la lavadora, recuerde poner las camisetas de f\u00fatbol del rev\u00e9s y luego lavarlas. Llena la lavadora con agua fr\u00eda y utiliza un ciclo delicado para proteger mejor los colores.<\/p>","protected":false},"excerpt":{"rendered":"<p>adidas Kinder Juventus Turin Home Trikot 2021\/22. Eine Hommage an das Heimstadion. Dieses Trikot f\u00fcr Kinder und Teens feiert das 10-j\u00e4hrige Jubil\u00e4um des legend\u00e4ren Allianz Stadiums. Die auff\u00e4lligen Sterne des Geb\u00e4udes finden sich auf dem Design wieder und verleihen dem klassischen Look mit den schwarzen Streifen einen besonderen Touch. Das weiche Material und die feuchtigkeitsabsorbierende [&hellip;]<\/p>","protected":false},"featured_media":3221,"comment_status":"open","ping_status":"closed","template":"","meta":[],"product_brand":[],"product_cat":[148],"product_tag":[20,60,61,149,94],"class_list":{"0":"post-3181","1":"product","2":"type-product","3":"status-publish","4":"has-post-thumbnail","6":"product_cat-juventus-kindertrikot","7":"product_tag-coole-fussballtrikots","8":"product_tag-juventus-heimtrikot","9":"product_tag-juventus-trikots","10":"product_tag-juventus-trikotsatz-fuer-kinder","11":"product_tag-kinder-fussball-trikotsatz","13":"first","14":"instock","15":"shipping-taxable","16":"purchasable","17":"product-type-variable"},"_links":{"self":[{"href":"https:\/\/www.billigtrikotde.com\/es\/wp-json\/wp\/v2\/product\/3181","targetHints":{"allow":["GET"]}}],"collection":[{"href":"https:\/\/www.billigtrikotde.com\/es\/wp-json\/wp\/v2\/product"}],"about":[{"href":"https:\/\/www.billigtrikotde.com\/es\/wp-json\/wp\/v2\/types\/product"}],"replies":[{"embeddable":true,"href":"https:\/\/www.billigtrikotde.com\/es\/wp-json\/wp\/v2\/comments?post=3181"}],"wp:featuredmedia":[{"embeddable":true,"href":"https:\/\/www.billigtrikotde.com\/es\/wp-json\/wp\/v2\/media\/3221"}],"wp:attachment":[{"href":"https:\/\/www.billigtrikotde.com\/es\/wp-json\/wp\/v2\/media?parent=3181"}],"wp:term":[{"taxonomy":"product_brand","embeddable":true,"href":"https:\/\/www.billigtrikotde.com\/es\/wp-json\/wp\/v2\/product_brand?post=3181"},{"taxonomy":"product_cat","embeddable":true,"href":"https:\/\/www.billigtrikotde.com\/es\/wp-json\/wp\/v2\/product_cat?post=3181"},{"taxonomy":"product_tag","embeddable":true,"href":"https:\/\/www.billigtrikotde.com\/es\/wp-json\/wp\/v2\/product_tag?post=3181"}],"curies":[{"name":"wp","href":"https:\/\/api.w.org\/{rel}","templated":true}]}}