{"id":3157,"date":"2024-10-23T14:49:05","date_gmt":"2024-10-23T12:49:05","guid":{"rendered":"http:\/\/billigtrikots.com\/?post_type=product&#038;p=3157"},"modified":"2025-06-16T16:04:07","modified_gmt":"2025-06-16T14:04:07","slug":"fussball-trikotsatz-juventus-turin-auswaertstrikot-2021-22-kinder-schwarz","status":"publish","type":"product","link":"https:\/\/www.billigtrikotde.com\/es\/fussball-trikotsatz-juventus-turin-auswaertstrikot-2021-22-kinder-schwarz\/","title":{"rendered":"Juventus Turin football away kit 2021\/22 ni\u00f1o negro"},"content":{"rendered":"<p>Muestra tu orgullo por el equipo y apoya a la Juventus de Tur\u00edn en la temporada 2021\/2022 con la camiseta de visitante oficial de adidas. La versi\u00f3n para fans de la camiseta de visitante para ni\u00f1os se parece al modelo que llevan los profesionales de la Juve en el campo. El dise\u00f1o con detalles coloridos y las 3 franjas con degradado de color est\u00e1 inspirado en la escena el\u00e9ctrica llena de energ\u00eda de Tur\u00edn. El material sostenible Primegreen est\u00e1 hecho de poli\u00e9ster reciclado y, gracias a la tecnolog\u00eda de absorci\u00f3n de humedad AEROREADY, proporciona una sensaci\u00f3n de comodidad y sequedad. Detalles aut\u00e9nticos del equipo, como el escudo del club en el pecho, muestran tu conexi\u00f3n con la 'Vecchia Signora'.<\/p>\n<p>Consejos para la impresi\u00f3n: Si el nombre y el n\u00famero que aparecen en la imagen son exactamente los que desea, no es necesario que los vuelva a introducir. En caso contrario, deber\u00e1 introducir el nombre y el n\u00famero que desee.<\/p>\n<p>Consejos de lavado: Se recomienda lavar las camisetas de f\u00fatbol a mano. Si desea utilizar la lavadora, recuerde poner las camisetas de f\u00fatbol del rev\u00e9s y luego lavarlas. Llena la lavadora con agua fr\u00eda y utiliza un ciclo delicado para proteger mejor los colores.<\/p>","protected":false},"excerpt":{"rendered":"<p>Zeige deinen Teamstolz und unterst\u00fctze Juventus Turin in der Saison 2021\/2022 im offiziellen adidas Ausw\u00e4rtstrikot. Die Fan-Version des Away Jerseys f\u00fcr Kinder sieht aus wie das Modell, das die Juve-Profis auf dem Platz tragen. Das Design mit bunten Details und den 3-Streifen mit Farbverlauf ist von der energiegeladenen Elektro-Szene Turins inspiriert. Das nachhaltige Primegreen-Material besteht [&hellip;]<\/p>","protected":false},"featured_media":3196,"comment_status":"open","ping_status":"closed","template":"","meta":[],"product_brand":[],"product_cat":[148],"product_tag":[20,150,61,149,94],"class_list":{"0":"post-3157","1":"product","2":"type-product","3":"status-publish","4":"has-post-thumbnail","6":"product_cat-juventus-kindertrikot","7":"product_tag-coole-fussballtrikots","8":"product_tag-juventus-auswaertstrikot","9":"product_tag-juventus-trikots","10":"product_tag-juventus-trikotsatz-fuer-kinder","11":"product_tag-kinder-fussball-trikotsatz","13":"first","14":"instock","15":"shipping-taxable","16":"purchasable","17":"product-type-variable"},"_links":{"self":[{"href":"https:\/\/www.billigtrikotde.com\/es\/wp-json\/wp\/v2\/product\/3157","targetHints":{"allow":["GET"]}}],"collection":[{"href":"https:\/\/www.billigtrikotde.com\/es\/wp-json\/wp\/v2\/product"}],"about":[{"href":"https:\/\/www.billigtrikotde.com\/es\/wp-json\/wp\/v2\/types\/product"}],"replies":[{"embeddable":true,"href":"https:\/\/www.billigtrikotde.com\/es\/wp-json\/wp\/v2\/comments?post=3157"}],"wp:featuredmedia":[{"embeddable":true,"href":"https:\/\/www.billigtrikotde.com\/es\/wp-json\/wp\/v2\/media\/3196"}],"wp:attachment":[{"href":"https:\/\/www.billigtrikotde.com\/es\/wp-json\/wp\/v2\/media?parent=3157"}],"wp:term":[{"taxonomy":"product_brand","embeddable":true,"href":"https:\/\/www.billigtrikotde.com\/es\/wp-json\/wp\/v2\/product_brand?post=3157"},{"taxonomy":"product_cat","embeddable":true,"href":"https:\/\/www.billigtrikotde.com\/es\/wp-json\/wp\/v2\/product_cat?post=3157"},{"taxonomy":"product_tag","embeddable":true,"href":"https:\/\/www.billigtrikotde.com\/es\/wp-json\/wp\/v2\/product_tag?post=3157"}],"curies":[{"name":"wp","href":"https:\/\/api.w.org\/{rel}","templated":true}]}}