{"id":3133,"date":"2024-10-23T14:47:58","date_gmt":"2024-10-23T12:47:58","guid":{"rendered":"http:\/\/billigtrikots.com\/?post_type=product&#038;p=3133"},"modified":"2025-06-16T16:04:08","modified_gmt":"2025-06-16T14:04:08","slug":"juventus-turin-auswaertstrikot-2021-22-fuer-kinder-schwarz-mit-aufdruck-chiellini-3","status":"publish","type":"product","link":"https:\/\/www.billigtrikotde.com\/es\/juventus-turin-auswaertstrikot-2021-22-fuer-kinder-schwarz-mit-aufdruck-chiellini-3\/","title":{"rendered":"Equipaci\u00f3n oficial 2021\/22 del Juventus de Tur\u00edn para ni\u00f1o negra con estampado Chiellini 3"},"content":{"rendered":"<p>Incluso los partidos fuera de casa no sacan a los profesionales de la Juventus de Tur\u00edn de su ritmo. Los detalles coloridos y las tres rayas con degradado en esta camiseta de f\u00fatbol para ni\u00f1os y adolescentes est\u00e1n inspirados en la escena el\u00e9ctrica llena de energ\u00eda de Tur\u00edn. El material suave con tecnolog\u00eda AEROREADY que absorbe la humedad garantiza una sensaci\u00f3n de comodidad y sequedad. Y el logotipo del escudo tejido muestra a todos para qu\u00e9 equipo late tu coraz\u00f3n. Este producto es Primegreen: fabricado con diversos materiales reciclados y funcionales.<\/p>\n<p>Consejos para la impresi\u00f3n: Si el nombre y el n\u00famero que aparecen en la imagen son exactamente los que desea, no es necesario que los vuelva a introducir. En caso contrario, deber\u00e1 introducir el nombre y el n\u00famero que desee.<\/p>\n<p>Consejos de lavado: Se recomienda lavar las camisetas de f\u00fatbol a mano. Si desea utilizar la lavadora, recuerde poner las camisetas de f\u00fatbol del rev\u00e9s y luego lavarlas. Llena la lavadora con agua fr\u00eda y utiliza un ciclo delicado para proteger mejor los colores.<\/p>","protected":false},"excerpt":{"rendered":"<p>Auch Ausw\u00e4rtsspiele bringen die Profis von Juventus Turin nicht aus dem Rhythmus. Die bunten Details und die 3-Streifen mit Farbverlauf auf diesem Fu\u00dfballtrikot f\u00fcr Kinder und Teens sind von der energiegeladenen Elektro-Szene Turins inspiriert. Das weiche Material mit feuchtigkeitsabsorbierender AEROREADY Technologie garantiert ein angenehm trockenes Tragegef\u00fchl. Und das gewebte Verbandslogo zeigt jedem, f\u00fcr welches Team [&hellip;]<\/p>","protected":false},"featured_media":3172,"comment_status":"open","ping_status":"closed","template":"","meta":[],"product_brand":[],"product_cat":[148],"product_tag":[20,150,61,149,94],"class_list":{"0":"post-3133","1":"product","2":"type-product","3":"status-publish","4":"has-post-thumbnail","6":"product_cat-juventus-kindertrikot","7":"product_tag-coole-fussballtrikots","8":"product_tag-juventus-auswaertstrikot","9":"product_tag-juventus-trikots","10":"product_tag-juventus-trikotsatz-fuer-kinder","11":"product_tag-kinder-fussball-trikotsatz","13":"first","14":"instock","15":"shipping-taxable","16":"purchasable","17":"product-type-variable"},"_links":{"self":[{"href":"https:\/\/www.billigtrikotde.com\/es\/wp-json\/wp\/v2\/product\/3133","targetHints":{"allow":["GET"]}}],"collection":[{"href":"https:\/\/www.billigtrikotde.com\/es\/wp-json\/wp\/v2\/product"}],"about":[{"href":"https:\/\/www.billigtrikotde.com\/es\/wp-json\/wp\/v2\/types\/product"}],"replies":[{"embeddable":true,"href":"https:\/\/www.billigtrikotde.com\/es\/wp-json\/wp\/v2\/comments?post=3133"}],"wp:featuredmedia":[{"embeddable":true,"href":"https:\/\/www.billigtrikotde.com\/es\/wp-json\/wp\/v2\/media\/3172"}],"wp:attachment":[{"href":"https:\/\/www.billigtrikotde.com\/es\/wp-json\/wp\/v2\/media?parent=3133"}],"wp:term":[{"taxonomy":"product_brand","embeddable":true,"href":"https:\/\/www.billigtrikotde.com\/es\/wp-json\/wp\/v2\/product_brand?post=3133"},{"taxonomy":"product_cat","embeddable":true,"href":"https:\/\/www.billigtrikotde.com\/es\/wp-json\/wp\/v2\/product_cat?post=3133"},{"taxonomy":"product_tag","embeddable":true,"href":"https:\/\/www.billigtrikotde.com\/es\/wp-json\/wp\/v2\/product_tag?post=3133"}],"curies":[{"name":"wp","href":"https:\/\/api.w.org\/{rel}","templated":true}]}}