{"id":3106,"date":"2024-10-23T14:46:48","date_gmt":"2024-10-23T12:46:48","guid":{"rendered":"http:\/\/billigtrikots.com\/?post_type=product&#038;p=3106"},"modified":"2024-10-23T14:48:55","modified_gmt":"2024-10-23T12:48:55","slug":"kindertrikot-fc-barcelona-2021-22-heim-trikotsatz-blau-rot-mit-aufdruck-neto-13","status":"publish","type":"product","link":"https:\/\/www.billigtrikotde.com\/es\/kindertrikot-fc-barcelona-2021-22-heim-trikotsatz-blau-rot-mit-aufdruck-neto-13\/","title":{"rendered":"Camiseta ni\u00f1o FC Barcelona 2021\/22 home kit azul rojo con estampado NETO 13"},"content":{"rendered":"<p>La camiseta para ni\u00f1os de Nike en azul te permite lucir los colores de tu club y mostrar a todo el mundo por qu\u00e9 late tu coraz\u00f3n. Ampl\u00eda tu colecci\u00f3n del FC Barcelona con la camiseta local que visten los jugadores de Primera Divisi\u00f3n. Te recomendamos este modelo ligero, c\u00f3modo, transpirable y transpirable al tacto. Se trata de una camiseta deportiva que te garantiza impresionar con el escudo del club en el pecho. Esto te har\u00e1 a\u00fan m\u00e1s eficiente y te permitir\u00e1 darlo todo en cada sesi\u00f3n. El estupendo modelo azul con estampado de rayas es sencillamente genial.<\/p>\n<p>Consejos para la impresi\u00f3n: Si el nombre y el n\u00famero que aparecen en la imagen son exactamente los que desea, no es necesario que los vuelva a introducir. En caso contrario, deber\u00e1 introducir el nombre y el n\u00famero que desee.<\/p>\n<p>Consejos de lavado: Se recomienda lavar las camisetas de f\u00fatbol a mano. Si desea utilizar la lavadora, recuerde poner las camisetas de f\u00fatbol del rev\u00e9s y luego lavarlas. Llena la lavadora con agua fr\u00eda y utiliza un ciclo delicado para proteger mejor los colores.<\/p>","protected":false},"excerpt":{"rendered":"<p>Das Kinder-Trikot von Nike in Blau l\u00e4sst dich die Farben deines Vereins tragen und allen zeigen, wof\u00fcr dein Herz schl\u00e4gt. Erweitere deine FC Barcelona-Kollektion mit dem Heim-Trikot, das auch die Spieler in der Primera Division tragen. Wir empfehlen dieses leichte, bequeme, atmungsaktive und schwei\u00dfableitende Modell mit dem angenehmen Tragegef\u00fchl. Dies ist ein Sportshirt, das durch [&hellip;]<\/p>","protected":false},"featured_media":3146,"comment_status":"open","ping_status":"closed","template":"","meta":[],"product_brand":[],"product_cat":[146],"product_tag":[32,147,20,33,21,22,23,24,94],"class_list":{"0":"post-3106","1":"product","2":"type-product","3":"status-publish","4":"has-post-thumbnail","6":"product_cat-barcelona-kindertrikot","7":"product_tag-barcelona-heimtrikot","8":"product_tag-barcelona-trikotsatz-fuer-kinder","9":"product_tag-coole-fussballtrikots","10":"product_tag-fc-barcelona-trikots","11":"product_tag-fussballtrikot-fuer-herren","12":"product_tag-fussballtrikot-guenstig-kaufen","13":"product_tag-fussballtrikot-kurzarm","14":"product_tag-guenstiges-fussballtrikot","15":"product_tag-kinder-fussball-trikotsatz","17":"first","18":"instock","19":"shipping-taxable","20":"purchasable","21":"product-type-variable"},"_links":{"self":[{"href":"https:\/\/www.billigtrikotde.com\/es\/wp-json\/wp\/v2\/product\/3106","targetHints":{"allow":["GET"]}}],"collection":[{"href":"https:\/\/www.billigtrikotde.com\/es\/wp-json\/wp\/v2\/product"}],"about":[{"href":"https:\/\/www.billigtrikotde.com\/es\/wp-json\/wp\/v2\/types\/product"}],"replies":[{"embeddable":true,"href":"https:\/\/www.billigtrikotde.com\/es\/wp-json\/wp\/v2\/comments?post=3106"}],"wp:featuredmedia":[{"embeddable":true,"href":"https:\/\/www.billigtrikotde.com\/es\/wp-json\/wp\/v2\/media\/3146"}],"wp:attachment":[{"href":"https:\/\/www.billigtrikotde.com\/es\/wp-json\/wp\/v2\/media?parent=3106"}],"wp:term":[{"taxonomy":"product_brand","embeddable":true,"href":"https:\/\/www.billigtrikotde.com\/es\/wp-json\/wp\/v2\/product_brand?post=3106"},{"taxonomy":"product_cat","embeddable":true,"href":"https:\/\/www.billigtrikotde.com\/es\/wp-json\/wp\/v2\/product_cat?post=3106"},{"taxonomy":"product_tag","embeddable":true,"href":"https:\/\/www.billigtrikotde.com\/es\/wp-json\/wp\/v2\/product_tag?post=3106"}],"curies":[{"name":"wp","href":"https:\/\/api.w.org\/{rel}","templated":true}]}}