{"id":3061,"date":"2024-10-23T14:44:31","date_gmt":"2024-10-23T12:44:31","guid":{"rendered":"http:\/\/billigtrikots.com\/?post_type=product&#038;p=3061"},"modified":"2024-10-23T14:46:44","modified_gmt":"2024-10-23T12:46:44","slug":"kinder-fussballtrikot-fc-barcelona-2021-22-stadium-away-mit-aufdruck-kun-agueero-19","status":"publish","type":"product","link":"https:\/\/www.billigtrikotde.com\/es\/kinder-fussballtrikot-fc-barcelona-2021-22-stadium-away-mit-aufdruck-kun-agueero-19\/","title":{"rendered":"Camiseta F\u00fatbol Ni\u00f1o FC Barcelona 2021\/22 Stadium Away con estampado Kun Ag\u00fcero 19"},"content":{"rendered":"<p>Como edici\u00f3n oficial de aficionados de la actual camiseta visitante del FC Barcelona, la Stadium Away de 2021\/22 de Nike brilla en un dise\u00f1o aut\u00e9ntico con detalles de club y logotipo fieles. \u00a1Un imprescindible para todos aquellos cuyo coraz\u00f3n de aficionado late por el FCB de Catalu\u00f1a!<\/p>\n<p>Consejos para la impresi\u00f3n: Si el nombre y el n\u00famero que aparecen en la imagen son exactamente los que desea, no es necesario que los vuelva a introducir. En caso contrario, deber\u00e1 introducir el nombre y el n\u00famero que desee.<\/p>\n<p>Consejos de lavado: Se recomienda lavar las camisetas de f\u00fatbol a mano. Si desea utilizar la lavadora, recuerde poner las camisetas de f\u00fatbol del rev\u00e9s y luego lavarlas. Llena la lavadora con agua fr\u00eda y utiliza un ciclo delicado para proteger mejor los colores.<\/p>","protected":false},"excerpt":{"rendered":"<p>Como edici\u00f3n oficial para fans del actual uniforme visitante del FC Barcelona, el uniforme Stadium Away 2021\/22 de Nike brilla en un dise\u00f1o aut\u00e9ntico con detalles del club y logotipos fieles. \u00a1Un imprescindible para todos aquellos cuyo coraz\u00f3n de aficionado late por el FCB de Catalu\u00f1a! Consejos de impresi\u00f3n: si el nombre y el n\u00famero en la imagen coinciden exactamente con sus deseos, debe usted [\u2026]<\/p>","protected":false},"featured_media":3102,"comment_status":"open","ping_status":"closed","template":"","meta":[],"product_brand":[],"product_cat":[146],"product_tag":[36,147,20,33,21,22,23,24,94],"class_list":{"0":"post-3061","1":"product","2":"type-product","3":"status-publish","4":"has-post-thumbnail","6":"product_cat-barcelona-kindertrikot","7":"product_tag-barcelona-auswaertstrikot","8":"product_tag-barcelona-trikotsatz-fuer-kinder","9":"product_tag-coole-fussballtrikots","10":"product_tag-fc-barcelona-trikots","11":"product_tag-fussballtrikot-fuer-herren","12":"product_tag-fussballtrikot-guenstig-kaufen","13":"product_tag-fussballtrikot-kurzarm","14":"product_tag-guenstiges-fussballtrikot","15":"product_tag-kinder-fussball-trikotsatz","17":"first","18":"instock","19":"shipping-taxable","20":"purchasable","21":"product-type-variable"},"_links":{"self":[{"href":"https:\/\/www.billigtrikotde.com\/es\/wp-json\/wp\/v2\/product\/3061","targetHints":{"allow":["GET"]}}],"collection":[{"href":"https:\/\/www.billigtrikotde.com\/es\/wp-json\/wp\/v2\/product"}],"about":[{"href":"https:\/\/www.billigtrikotde.com\/es\/wp-json\/wp\/v2\/types\/product"}],"replies":[{"embeddable":true,"href":"https:\/\/www.billigtrikotde.com\/es\/wp-json\/wp\/v2\/comments?post=3061"}],"wp:featuredmedia":[{"embeddable":true,"href":"https:\/\/www.billigtrikotde.com\/es\/wp-json\/wp\/v2\/media\/3102"}],"wp:attachment":[{"href":"https:\/\/www.billigtrikotde.com\/es\/wp-json\/wp\/v2\/media?parent=3061"}],"wp:term":[{"taxonomy":"product_brand","embeddable":true,"href":"https:\/\/www.billigtrikotde.com\/es\/wp-json\/wp\/v2\/product_brand?post=3061"},{"taxonomy":"product_cat","embeddable":true,"href":"https:\/\/www.billigtrikotde.com\/es\/wp-json\/wp\/v2\/product_cat?post=3061"},{"taxonomy":"product_tag","embeddable":true,"href":"https:\/\/www.billigtrikotde.com\/es\/wp-json\/wp\/v2\/product_tag?post=3061"}],"curies":[{"name":"wp","href":"https:\/\/api.w.org\/{rel}","templated":true}]}}