{"id":3035,"date":"2024-10-23T14:43:27","date_gmt":"2024-10-23T12:43:27","guid":{"rendered":"http:\/\/billigtrikots.com\/?post_type=product&#038;p=3035"},"modified":"2024-10-23T14:45:31","modified_gmt":"2024-10-23T12:45:31","slug":"fc-barcelona-torwarttrikot-in-schwarz-kinder-trikotsatz-kurzarm-kurze-hosen","status":"publish","type":"product","link":"https:\/\/www.billigtrikotde.com\/es\/fc-barcelona-torwarttrikot-in-schwarz-kinder-trikotsatz-kurzarm-kurze-hosen\/","title":{"rendered":"FC Barcelona camiseta de portero en negro ni\u00f1os camiseta manga corta + pantalones cortos"},"content":{"rendered":"<p>Representa a tu equipo en la camiseta de portero del FC Barcelona en el estadio.<\/p>\n<p>Material de alta transpirabilidad mantiene el sudor lejos de tu piel para que permanezcas fresco, ya sea animando desde las gradas o jugando en la cancha.<\/p>\n<p>La tecnolog\u00eda Nike Dri FIT dirige el sudor para una evaporaci\u00f3n m\u00e1s r\u00e1pida desde la piel, para que est\u00e9s seco y c\u00f3modo.<\/p>\n<p>El material Nike Breathe ofrece una construcci\u00f3n de alta transpirabilidad para que te mantengas fresco.<\/p>\n<p>El dise\u00f1o r\u00e9plica est\u00e1 inspirado en la vestimenta de los profesionales en el campo.<\/p>\n<p>100% Polyester.<\/p>\n<p>Consejos para la impresi\u00f3n: Si el nombre y el n\u00famero que aparecen en la imagen son exactamente los que desea, no es necesario que los vuelva a introducir. En caso contrario, deber\u00e1 introducir el nombre y el n\u00famero que desee.<\/p>\n<p>Consejos de lavado: Se recomienda lavar las camisetas de f\u00fatbol a mano. Si desea utilizar la lavadora, recuerde poner las camisetas de f\u00fatbol del rev\u00e9s y luego lavarlas. Llena la lavadora con agua fr\u00eda y utiliza un ciclo delicado para proteger mejor los colores.<\/p>","protected":false},"excerpt":{"rendered":"<p>Repr\u00e4sentiere dein Team im FC Barcelona Stadion Torwarttrikot. Hoch atmungsaktives Material h\u00e4lt Schwei\u00df von deiner Haut fern, sodass du cool bleibst, egal ob du auf der Trib\u00fcne jubelst oder auf dem Platz spielst. Die Nike Dri FIT-Technologie leitet Schwei\u00df f\u00fcr eine schnellere Verdunstung von deiner Haut ab \u2013 damit du trocken und bequem bleibst. Das [&hellip;]<\/p>","protected":false},"featured_media":3077,"comment_status":"open","ping_status":"closed","template":"","meta":[],"product_brand":[],"product_cat":[146],"product_tag":[147,20,34,33,35,21,22,23,24,94],"class_list":{"0":"post-3035","1":"product","2":"type-product","3":"status-publish","4":"has-post-thumbnail","6":"product_cat-barcelona-kindertrikot","7":"product_tag-barcelona-trikotsatz-fuer-kinder","8":"product_tag-coole-fussballtrikots","9":"product_tag-fc-barcelona-torwarttrikot","10":"product_tag-fc-barcelona-trikots","11":"product_tag-fussball-torwarttrikots","12":"product_tag-fussballtrikot-fuer-herren","13":"product_tag-fussballtrikot-guenstig-kaufen","14":"product_tag-fussballtrikot-kurzarm","15":"product_tag-guenstiges-fussballtrikot","16":"product_tag-kinder-fussball-trikotsatz","18":"first","19":"instock","20":"shipping-taxable","21":"purchasable","22":"product-type-variable"},"_links":{"self":[{"href":"https:\/\/www.billigtrikotde.com\/es\/wp-json\/wp\/v2\/product\/3035","targetHints":{"allow":["GET"]}}],"collection":[{"href":"https:\/\/www.billigtrikotde.com\/es\/wp-json\/wp\/v2\/product"}],"about":[{"href":"https:\/\/www.billigtrikotde.com\/es\/wp-json\/wp\/v2\/types\/product"}],"replies":[{"embeddable":true,"href":"https:\/\/www.billigtrikotde.com\/es\/wp-json\/wp\/v2\/comments?post=3035"}],"wp:featuredmedia":[{"embeddable":true,"href":"https:\/\/www.billigtrikotde.com\/es\/wp-json\/wp\/v2\/media\/3077"}],"wp:attachment":[{"href":"https:\/\/www.billigtrikotde.com\/es\/wp-json\/wp\/v2\/media?parent=3035"}],"wp:term":[{"taxonomy":"product_brand","embeddable":true,"href":"https:\/\/www.billigtrikotde.com\/es\/wp-json\/wp\/v2\/product_brand?post=3035"},{"taxonomy":"product_cat","embeddable":true,"href":"https:\/\/www.billigtrikotde.com\/es\/wp-json\/wp\/v2\/product_cat?post=3035"},{"taxonomy":"product_tag","embeddable":true,"href":"https:\/\/www.billigtrikotde.com\/es\/wp-json\/wp\/v2\/product_tag?post=3035"}],"curies":[{"name":"wp","href":"https:\/\/api.w.org\/{rel}","templated":true}]}}