{"id":3033,"date":"2024-10-23T14:43:26","date_gmt":"2024-10-23T12:43:26","guid":{"rendered":"http:\/\/billigtrikots.com\/?post_type=product&#038;p=3033"},"modified":"2024-10-23T14:45:30","modified_gmt":"2024-10-23T12:45:30","slug":"manchester-city-auswaertstrikot-replica-2022-fuer-kinder","status":"publish","type":"product","link":"https:\/\/www.billigtrikotde.com\/es\/manchester-city-auswaertstrikot-replica-2022-fuer-kinder\/","title":{"rendered":"Camiseta visitante del Manchester City r\u00e9plica 2022 para ni\u00f1os"},"content":{"rendered":"<p>Una prenda imprescindible para los aficionados del Manchester City. Esta destacada camiseta de f\u00fatbol es una r\u00e9plica aut\u00e9ntica de la camiseta que llevan los jugadores estrella del equipo en los partidos fuera de casa. Lo mejor de todo es que la tecnolog\u00eda de transporte de humedad dryCELL de PUMA te mantiene seco y la camiseta est\u00e1 fabricada con fibras recicladas, para que puedas mostrar tu apoyo con orgullo y conciencia.<\/p>\n<p>Consejos para la impresi\u00f3n: Si el nombre y el n\u00famero que aparecen en la imagen son exactamente los que desea, no es necesario que los vuelva a introducir. En caso contrario, deber\u00e1 introducir el nombre y el n\u00famero que desee.<\/p>\n<p>Consejos de lavado: Se recomienda lavar las camisetas de f\u00fatbol a mano. Si desea utilizar la lavadora, recuerde poner las camisetas de f\u00fatbol del rev\u00e9s y luego lavarlas. Llena la lavadora con agua fr\u00eda y utiliza un ciclo delicado para proteger mejor los colores.<\/p>","protected":false},"excerpt":{"rendered":"<p>Una prenda imprescindible para los aficionados del Manchester City. Esta destacada camiseta de f\u00fatbol es una r\u00e9plica aut\u00e9ntica de la camiseta que llevan los jugadores estrella del equipo en los partidos fuera de casa. Lo mejor de todo es que la tecnolog\u00eda de transporte de humedad dryCELL de PUMA te mantiene seco y la camiseta est\u00e1 fabricada con fibras recicladas, para que puedas mostrar tu apoyo con orgullo y conciencia.<\/p>","protected":false},"featured_media":3067,"comment_status":"open","ping_status":"closed","template":"","meta":[],"product_brand":[],"product_cat":[144],"product_tag":[20,94,83,84,145],"class_list":{"0":"post-3033","1":"product","2":"type-product","3":"status-publish","4":"has-post-thumbnail","6":"product_cat-manchester-city-kindertrikot","7":"product_tag-coole-fussballtrikots","8":"product_tag-kinder-fussball-trikotsatz","9":"product_tag-manchester-city-auswaertstrikot","10":"product_tag-manchester-city-trikots","11":"product_tag-manchester-city-trikotsatz-fuer-kinder","13":"first","14":"instock","15":"shipping-taxable","16":"purchasable","17":"product-type-variable"},"_links":{"self":[{"href":"https:\/\/www.billigtrikotde.com\/es\/wp-json\/wp\/v2\/product\/3033","targetHints":{"allow":["GET"]}}],"collection":[{"href":"https:\/\/www.billigtrikotde.com\/es\/wp-json\/wp\/v2\/product"}],"about":[{"href":"https:\/\/www.billigtrikotde.com\/es\/wp-json\/wp\/v2\/types\/product"}],"replies":[{"embeddable":true,"href":"https:\/\/www.billigtrikotde.com\/es\/wp-json\/wp\/v2\/comments?post=3033"}],"wp:featuredmedia":[{"embeddable":true,"href":"https:\/\/www.billigtrikotde.com\/es\/wp-json\/wp\/v2\/media\/3067"}],"wp:attachment":[{"href":"https:\/\/www.billigtrikotde.com\/es\/wp-json\/wp\/v2\/media?parent=3033"}],"wp:term":[{"taxonomy":"product_brand","embeddable":true,"href":"https:\/\/www.billigtrikotde.com\/es\/wp-json\/wp\/v2\/product_brand?post=3033"},{"taxonomy":"product_cat","embeddable":true,"href":"https:\/\/www.billigtrikotde.com\/es\/wp-json\/wp\/v2\/product_cat?post=3033"},{"taxonomy":"product_tag","embeddable":true,"href":"https:\/\/www.billigtrikotde.com\/es\/wp-json\/wp\/v2\/product_tag?post=3033"}],"curies":[{"name":"wp","href":"https:\/\/api.w.org\/{rel}","templated":true}]}}