{"id":3026,"date":"2024-10-23T14:42:58","date_gmt":"2024-10-23T12:42:58","guid":{"rendered":"http:\/\/billigtrikots.com\/?post_type=product&#038;p=3026"},"modified":"2024-10-23T14:44:57","modified_gmt":"2024-10-23T12:44:57","slug":"manchester-city-auswaertstrikot-2022-fuer-kinder-mit-mahrez-26-aufdruck","status":"publish","type":"product","link":"https:\/\/www.billigtrikotde.com\/es\/manchester-city-auswaertstrikot-2022-fuer-kinder-mit-mahrez-26-aufdruck\/","title":{"rendered":"Manchester City Away Jersey 2022 para ni\u00f1os con Mahrez 26 Imprimir"},"content":{"rendered":"<p>Puedes demostrar tu lealtad y pertenencia a tu club mejor con la camiseta PUMA en blanco. En ninguna colecci\u00f3n de fans debe faltar esta camiseta visitante de Manchester City, tal como la llevan los jugadores en la Premier League. Es transpirable, c\u00f3moda y ligera. Esta es una camiseta deportiva que, gracias al escudo del club en el pecho, garantiza presumir. No importa cu\u00e1n duro sea el entrenamiento o el partido, con este modelo siempre ir\u00e1s bien vestido.<\/p>\n<p>Consejos para la impresi\u00f3n: Si el nombre y el n\u00famero que aparecen en la imagen son exactamente los que desea, no es necesario que los vuelva a introducir. En caso contrario, deber\u00e1 introducir el nombre y el n\u00famero que desee.<\/p>\n<p>Consejos de lavado: Se recomienda lavar las camisetas de f\u00fatbol a mano. Si desea utilizar la lavadora, recuerde poner las camisetas de f\u00fatbol del rev\u00e9s y luego lavarlas. Llena la lavadora con agua fr\u00eda y utiliza un ciclo delicado para proteger mejor los colores.<\/p>","protected":false},"excerpt":{"rendered":"<p>Du kannst deine Treue und Zugeh\u00f6rigkeit zu deinem Verein am besten mit dem PUMA Trikot in Wei\u00df zeigen. In keiner Fan-Sammlung darf dieses Manchester City-Ausw\u00e4rts-Trikot, wie es die Spieler in der Premier League tragen, fehlen. Es ist atmungsaktiv, bequem und leicht. Dies ist ein Sportshirt, das durch das Vereinswappen auf der Brust garantiert trumpfen kann. [&hellip;]<\/p>","protected":false},"featured_media":3066,"comment_status":"open","ping_status":"closed","template":"","meta":[],"product_brand":[],"product_cat":[144],"product_tag":[20,94,83,84,145],"class_list":{"0":"post-3026","1":"product","2":"type-product","3":"status-publish","4":"has-post-thumbnail","6":"product_cat-manchester-city-kindertrikot","7":"product_tag-coole-fussballtrikots","8":"product_tag-kinder-fussball-trikotsatz","9":"product_tag-manchester-city-auswaertstrikot","10":"product_tag-manchester-city-trikots","11":"product_tag-manchester-city-trikotsatz-fuer-kinder","13":"first","14":"instock","15":"shipping-taxable","16":"purchasable","17":"product-type-variable"},"_links":{"self":[{"href":"https:\/\/www.billigtrikotde.com\/es\/wp-json\/wp\/v2\/product\/3026","targetHints":{"allow":["GET"]}}],"collection":[{"href":"https:\/\/www.billigtrikotde.com\/es\/wp-json\/wp\/v2\/product"}],"about":[{"href":"https:\/\/www.billigtrikotde.com\/es\/wp-json\/wp\/v2\/types\/product"}],"replies":[{"embeddable":true,"href":"https:\/\/www.billigtrikotde.com\/es\/wp-json\/wp\/v2\/comments?post=3026"}],"wp:featuredmedia":[{"embeddable":true,"href":"https:\/\/www.billigtrikotde.com\/es\/wp-json\/wp\/v2\/media\/3066"}],"wp:attachment":[{"href":"https:\/\/www.billigtrikotde.com\/es\/wp-json\/wp\/v2\/media?parent=3026"}],"wp:term":[{"taxonomy":"product_brand","embeddable":true,"href":"https:\/\/www.billigtrikotde.com\/es\/wp-json\/wp\/v2\/product_brand?post=3026"},{"taxonomy":"product_cat","embeddable":true,"href":"https:\/\/www.billigtrikotde.com\/es\/wp-json\/wp\/v2\/product_cat?post=3026"},{"taxonomy":"product_tag","embeddable":true,"href":"https:\/\/www.billigtrikotde.com\/es\/wp-json\/wp\/v2\/product_tag?post=3026"}],"curies":[{"name":"wp","href":"https:\/\/api.w.org\/{rel}","templated":true}]}}