{"id":2997,"date":"2024-10-23T14:41:49","date_gmt":"2024-10-23T12:41:49","guid":{"rendered":"http:\/\/billigtrikots.com\/?post_type=product&#038;p=2997"},"modified":"2024-10-23T14:43:53","modified_gmt":"2024-10-23T12:43:53","slug":"kindertrikot-manchester-city-2022-auswaertstrikot-weiss-fuer-kinder-walker-2","status":"publish","type":"product","link":"https:\/\/www.billigtrikotde.com\/es\/kindertrikot-manchester-city-2022-auswaertstrikot-weiss-fuer-kinder-walker-2\/","title":{"rendered":"Equipaci\u00f3n infantil Manchester City 2022 away blanca para ni\u00f1o Walker 2"},"content":{"rendered":"<p>El modelo transpirable en blanco tambi\u00e9n permite que los j\u00f3venes aficionados muestren su pertenencia al equipo favorito. PUMA lanza con la camiseta deportiva infantil un producto realmente \u00fanico. Cada verdadero seguidor del Manchester City necesita esta camiseta de visitante, ya que tambi\u00e9n los jugadores la llevan en la Premier League. Recomendamos este modelo ligero, c\u00f3modo, transpirable y que absorbe el sudor, con una sensaci\u00f3n de uso muy agradable. Destaca visualmente con un escudo del club en el pecho. Con esta camiseta estar\u00e1s perfectamente preparado para cada entrenamiento y partido.<\/p>\n<p>Consejos para la impresi\u00f3n: Si el nombre y el n\u00famero que aparecen en la imagen son exactamente los que desea, no es necesario que los vuelva a introducir. En caso contrario, deber\u00e1 introducir el nombre y el n\u00famero que desee.<\/p>\n<p>Consejos de lavado: Se recomienda lavar las camisetas de f\u00fatbol a mano. Si desea utilizar la lavadora, recuerde poner las camisetas de f\u00fatbol del rev\u00e9s y luego lavarlas. Llena la lavadora con agua fr\u00eda y utiliza un ciclo delicado para proteger mejor los colores.<\/p>","protected":false},"excerpt":{"rendered":"<p>Das atmungsaktive Modell in Wei\u00df l\u00e4sst auch junge Fans ihre Zugeh\u00f6rigkeit zum Lieblingsteam zeigen. PUMA ver\u00f6ffentlicht mit dem Kinder-Sportshirt ein wirklich einmaliges Produkt. Jeder wahre Manchester City-Supporter ben\u00f6tigt dieses Ausw\u00e4rts-Sportshirt, denn auch die Spieler tragen es in der Premier League. Wir empfehlen dieses leichte, bequeme, atmungsaktive und schwei\u00dfableitende Modell mit dem angenehmen Tragegef\u00fchl. Es besticht [&hellip;]<\/p>","protected":false},"featured_media":3040,"comment_status":"open","ping_status":"closed","template":"","meta":[],"product_brand":[],"product_cat":[144],"product_tag":[20,94,83,84,145],"class_list":{"0":"post-2997","1":"product","2":"type-product","3":"status-publish","4":"has-post-thumbnail","6":"product_cat-manchester-city-kindertrikot","7":"product_tag-coole-fussballtrikots","8":"product_tag-kinder-fussball-trikotsatz","9":"product_tag-manchester-city-auswaertstrikot","10":"product_tag-manchester-city-trikots","11":"product_tag-manchester-city-trikotsatz-fuer-kinder","13":"first","14":"instock","15":"shipping-taxable","16":"purchasable","17":"product-type-variable"},"_links":{"self":[{"href":"https:\/\/www.billigtrikotde.com\/es\/wp-json\/wp\/v2\/product\/2997","targetHints":{"allow":["GET"]}}],"collection":[{"href":"https:\/\/www.billigtrikotde.com\/es\/wp-json\/wp\/v2\/product"}],"about":[{"href":"https:\/\/www.billigtrikotde.com\/es\/wp-json\/wp\/v2\/types\/product"}],"replies":[{"embeddable":true,"href":"https:\/\/www.billigtrikotde.com\/es\/wp-json\/wp\/v2\/comments?post=2997"}],"wp:featuredmedia":[{"embeddable":true,"href":"https:\/\/www.billigtrikotde.com\/es\/wp-json\/wp\/v2\/media\/3040"}],"wp:attachment":[{"href":"https:\/\/www.billigtrikotde.com\/es\/wp-json\/wp\/v2\/media?parent=2997"}],"wp:term":[{"taxonomy":"product_brand","embeddable":true,"href":"https:\/\/www.billigtrikotde.com\/es\/wp-json\/wp\/v2\/product_brand?post=2997"},{"taxonomy":"product_cat","embeddable":true,"href":"https:\/\/www.billigtrikotde.com\/es\/wp-json\/wp\/v2\/product_cat?post=2997"},{"taxonomy":"product_tag","embeddable":true,"href":"https:\/\/www.billigtrikotde.com\/es\/wp-json\/wp\/v2\/product_tag?post=2997"}],"curies":[{"name":"wp","href":"https:\/\/api.w.org\/{rel}","templated":true}]}}