{"id":2983,"date":"2024-10-23T14:41:16","date_gmt":"2024-10-23T12:41:16","guid":{"rendered":"http:\/\/billigtrikots.com\/?post_type=product&#038;p=2983"},"modified":"2024-10-23T14:43:20","modified_gmt":"2024-10-23T12:43:20","slug":"trikotsatz-manchester-united-auswaertstrikot-2022-fuer-kinder-weiss-rashford-10","status":"publish","type":"product","link":"https:\/\/www.billigtrikotde.com\/es\/trikotsatz-manchester-united-auswaertstrikot-2022-fuer-kinder-weiss-rashford-10\/","title":{"rendered":"Manchester United fuera de casa kit 2022 para ni\u00f1os blanco Rashford 10"},"content":{"rendered":"<p>\u00a1Nunca olvides de d\u00f3nde vienes! La letra \u00abM\u00bb por la ciudad natal del club ha encontrado muchas veces su camino en los equipamientos legendarios del Manchester United. Esta camiseta de f\u00fatbol adidas en la versi\u00f3n para ni\u00f1os y adolescentes retoma la letra y presenta un aspecto moderno que recuerda a una camiseta cl\u00e1sica de principios de los a\u00f1os 90. El material de doble punto suave y la tecnolog\u00eda AEROREADY que absorbe la humedad garantizan una sensaci\u00f3n de comodidad y sequedad. Adem\u00e1s, el logotipo del club tejido muestra que eres un verdadero fan del Manchester United. Este producto es Primegreen: fabricado con diversos materiales reciclados funcionales.<\/p>\n<p>Consejos para la impresi\u00f3n: Si el nombre y el n\u00famero que aparecen en la imagen son exactamente los que desea, no es necesario que los vuelva a introducir. En caso contrario, deber\u00e1 introducir el nombre y el n\u00famero que desee.<\/p>\n<p>Consejos de lavado: Se recomienda lavar las camisetas de f\u00fatbol a mano. Si desea utilizar la lavadora, recuerde poner las camisetas de f\u00fatbol del rev\u00e9s y luego lavarlas. Llena la lavadora con agua fr\u00eda y utiliza un ciclo delicado para proteger mejor los colores.<\/p>","protected":false},"excerpt":{"rendered":"<p>Vergiss nie, wo du herkommst! Der Buchstabe \u201eM\u201c f\u00fcr die Heimatstadt des Vereins hat schon oft seinen Weg auf die legend\u00e4ren Ausr\u00fcstungen von Manchester United gefunden. Dieses adidas Fu\u00dfballtrikot in der Version f\u00fcr Kinder und Teens greift den Buchstaben wieder auf und kommt mit einem modernen Look, der an ein klassisches Trikot aus den fr\u00fchen [&hellip;]<\/p>","protected":false},"featured_media":3018,"comment_status":"open","ping_status":"closed","template":"","meta":[],"product_brand":[],"product_cat":[140],"product_tag":[20,94,51,52,142],"class_list":{"0":"post-2983","1":"product","2":"type-product","3":"status-publish","4":"has-post-thumbnail","6":"product_cat-manchester-united-kindertrikot","7":"product_tag-coole-fussballtrikots","8":"product_tag-kinder-fussball-trikotsatz","9":"product_tag-manchester-united-auswaertstrikot","10":"product_tag-manchester-united-trikots","11":"product_tag-manchester-united-trikotsatz-fuer-kinder","13":"first","14":"instock","15":"shipping-taxable","16":"purchasable","17":"product-type-variable"},"_links":{"self":[{"href":"https:\/\/www.billigtrikotde.com\/es\/wp-json\/wp\/v2\/product\/2983","targetHints":{"allow":["GET"]}}],"collection":[{"href":"https:\/\/www.billigtrikotde.com\/es\/wp-json\/wp\/v2\/product"}],"about":[{"href":"https:\/\/www.billigtrikotde.com\/es\/wp-json\/wp\/v2\/types\/product"}],"replies":[{"embeddable":true,"href":"https:\/\/www.billigtrikotde.com\/es\/wp-json\/wp\/v2\/comments?post=2983"}],"wp:featuredmedia":[{"embeddable":true,"href":"https:\/\/www.billigtrikotde.com\/es\/wp-json\/wp\/v2\/media\/3018"}],"wp:attachment":[{"href":"https:\/\/www.billigtrikotde.com\/es\/wp-json\/wp\/v2\/media?parent=2983"}],"wp:term":[{"taxonomy":"product_brand","embeddable":true,"href":"https:\/\/www.billigtrikotde.com\/es\/wp-json\/wp\/v2\/product_brand?post=2983"},{"taxonomy":"product_cat","embeddable":true,"href":"https:\/\/www.billigtrikotde.com\/es\/wp-json\/wp\/v2\/product_cat?post=2983"},{"taxonomy":"product_tag","embeddable":true,"href":"https:\/\/www.billigtrikotde.com\/es\/wp-json\/wp\/v2\/product_tag?post=2983"}],"curies":[{"name":"wp","href":"https:\/\/api.w.org\/{rel}","templated":true}]}}