{"id":2961,"date":"2024-10-23T14:40:11","date_gmt":"2024-10-23T12:40:11","guid":{"rendered":"http:\/\/billigtrikots.com\/?post_type=product&#038;p=2961"},"modified":"2024-10-23T14:42:16","modified_gmt":"2024-10-23T12:42:16","slug":"manchester-united-cup-heimtrikot-2022-fuer-kinder-rot-mit-aufdruck-shaw-23","status":"publish","type":"product","link":"https:\/\/www.billigtrikotde.com\/es\/manchester-united-cup-heimtrikot-2022-fuer-kinder-rot-mit-aufdruck-shaw-23\/","title":{"rendered":"Manchester United Copa casa camiseta 2022 para ni\u00f1os rojo con impresi\u00f3n SHAW 23"},"content":{"rendered":"<p>J\u00f3venes talentos, mordida y la porci\u00f3n necesaria de ambici\u00f3n. Estas tres columnas han tra\u00eddo a Manchester United \u00e9xitos resonantes durante m\u00e1s de un siglo. Esta camiseta de adidas Manchester United para ni\u00f1os y adolescentes est\u00e1 inspirada en su dise\u00f1o limpio en rojo y en el cuello redondo acanalado blanco, de la equipaci\u00f3n legendaria con la que el equipo logr\u00f3 algunos de sus triunfos m\u00e1s inolvidables. El dise\u00f1o para fans est\u00e1 hecho con material suave con tecnolog\u00eda absorbente de humedad AEROREADY y garantiza una sensaci\u00f3n de comodidad y sequedad agradable. Adem\u00e1s, el detalle en la parte trasera muestra que eres un verdadero fan. Este producto es Primegreen: fabricado con diversos materiales reciclados funcionales.<\/p>\n<p>Consejos para la impresi\u00f3n: Si el nombre y el n\u00famero que aparecen en la imagen son exactamente los que desea, no es necesario que los vuelva a introducir. En caso contrario, deber\u00e1 introducir el nombre y el n\u00famero que desee.<\/p>\n<p>Consejos de lavado: Se recomienda lavar las camisetas de f\u00fatbol a mano. Si desea utilizar la lavadora, recuerde poner las camisetas de f\u00fatbol del rev\u00e9s y luego lavarlas. Llena la lavadora con agua fr\u00eda y utiliza un ciclo delicado para proteger mejor los colores.<\/p>","protected":false},"excerpt":{"rendered":"<p>Junge Talente, Biss und die n\u00f6tige Portion Ehrgeiz. Diese drei S\u00e4ulen bescheren Manchester United schon mehr als ein Jahrhundert lang rauschende Erfolge. Dieses adidas Manchester United Trikot f\u00fcr Kinder und Teens ist mit seinem cleanen roten Design und dem wei\u00dfen, gerippten Rundhalsausschnitt von der legend\u00e4ren Ausr\u00fcstung inspiriert, mit der die Mannschaft einige ihrer unvergesslichsten Triumphe [&hellip;]<\/p>","protected":false},"featured_media":3002,"comment_status":"open","ping_status":"closed","template":"","meta":[],"product_brand":[],"product_cat":[140],"product_tag":[20,94,141,52,142],"class_list":{"0":"post-2961","1":"product","2":"type-product","3":"status-publish","4":"has-post-thumbnail","6":"product_cat-manchester-united-kindertrikot","7":"product_tag-coole-fussballtrikots","8":"product_tag-kinder-fussball-trikotsatz","9":"product_tag-manchester-united-heimtrikot","10":"product_tag-manchester-united-trikots","11":"product_tag-manchester-united-trikotsatz-fuer-kinder","13":"first","14":"instock","15":"shipping-taxable","16":"purchasable","17":"product-type-variable"},"_links":{"self":[{"href":"https:\/\/www.billigtrikotde.com\/es\/wp-json\/wp\/v2\/product\/2961","targetHints":{"allow":["GET"]}}],"collection":[{"href":"https:\/\/www.billigtrikotde.com\/es\/wp-json\/wp\/v2\/product"}],"about":[{"href":"https:\/\/www.billigtrikotde.com\/es\/wp-json\/wp\/v2\/types\/product"}],"replies":[{"embeddable":true,"href":"https:\/\/www.billigtrikotde.com\/es\/wp-json\/wp\/v2\/comments?post=2961"}],"wp:featuredmedia":[{"embeddable":true,"href":"https:\/\/www.billigtrikotde.com\/es\/wp-json\/wp\/v2\/media\/3002"}],"wp:attachment":[{"href":"https:\/\/www.billigtrikotde.com\/es\/wp-json\/wp\/v2\/media?parent=2961"}],"wp:term":[{"taxonomy":"product_brand","embeddable":true,"href":"https:\/\/www.billigtrikotde.com\/es\/wp-json\/wp\/v2\/product_brand?post=2961"},{"taxonomy":"product_cat","embeddable":true,"href":"https:\/\/www.billigtrikotde.com\/es\/wp-json\/wp\/v2\/product_cat?post=2961"},{"taxonomy":"product_tag","embeddable":true,"href":"https:\/\/www.billigtrikotde.com\/es\/wp-json\/wp\/v2\/product_tag?post=2961"}],"curies":[{"name":"wp","href":"https:\/\/api.w.org\/{rel}","templated":true}]}}