{"id":2870,"date":"2024-10-23T14:36:22","date_gmt":"2024-10-23T12:36:22","guid":{"rendered":"http:\/\/billigtrikots.com\/?post_type=product&#038;p=2870"},"modified":"2024-10-23T14:37:56","modified_gmt":"2024-10-23T12:37:56","slug":"fc-bayern-muenchen-trikot-3rd-in-weiss-2022-fuer-kinder-mit-aufdruck-pavard-5","status":"publish","type":"product","link":"https:\/\/www.billigtrikotde.com\/es\/fc-bayern-muenchen-trikot-3rd-in-weiss-2022-fuer-kinder-mit-aufdruck-pavard-5\/","title":{"rendered":"Camiseta FC Bayern M\u00fcnchen 3\u00aa en blanco 2022 para ni\u00f1o con estampado Pavard 5"},"content":{"rendered":"<p>La mejor manera de demostrar tu amor y lealtad a tu club es con la camiseta adidas de ni\u00f1o en color blanco. Ama a tu equipo: con la camiseta visitante del FC Bayern de M\u00fanich, que llevan incluso los jugadores de la 1\u00aa Bundesliga, podr\u00e1s demostrar por qui\u00e9n late tu coraz\u00f3n. El modelo transpirable, ligero, transpirable y c\u00f3modo te conquistar\u00e1 en todos los aspectos. No importa lo dura que sea la sesi\u00f3n de entrenamiento o el partido, siempre ir\u00e1s perfectamente vestido con este estilo. El escudo del club en el pecho realza el magn\u00edfico aspecto de esta camiseta deportiva.<\/p>\n<p>Consejos para la impresi\u00f3n: Si el nombre y el n\u00famero que aparecen en la imagen son exactamente los que desea, no es necesario que los vuelva a introducir. En caso contrario, deber\u00e1 introducir el nombre y el n\u00famero que desee.<\/p>\n<p>Consejos de lavado: Se recomienda lavar las camisetas de f\u00fatbol a mano. Si desea utilizar la lavadora, recuerde poner las camisetas de f\u00fatbol del rev\u00e9s y luego lavarlas. Llena la lavadora con agua fr\u00eda y utiliza un ciclo delicado para proteger mejor los colores.<\/p>","protected":false},"excerpt":{"rendered":"<p>Du kannst deine Liebe und Verbundenheit zu deinem Verein am besten mit dem adidas Kinder-Shirt in Wei\u00df zeigen. Liebe deine Mannschaft \u2013 mit dem Ausweich-Shirt des FC Bayern M\u00fcnchen, das sogar von den Spielern in der 1. Bundesliga getragen wird, zeigst du, f\u00fcr wen dein Herz schl\u00e4gt. Das atmungsaktive, leichte, schwei\u00dfableitende und bequeme Modell \u00fcberzeugt [&hellip;]<\/p>","protected":false},"featured_media":2908,"comment_status":"open","ping_status":"closed","template":"","meta":[],"product_brand":[],"product_cat":[135],"product_tag":[139,137,138,20,94],"class_list":{"0":"post-2870","1":"product","2":"type-product","3":"status-publish","4":"has-post-thumbnail","6":"product_cat-bayern-munich-kindertrikot","7":"product_tag-bayern-muenchen-ausweichtrikot","8":"product_tag-bayern-muenchen-trikots","9":"product_tag-bayern-munich-trikotsatz-fuer-kinder","10":"product_tag-coole-fussballtrikots","11":"product_tag-kinder-fussball-trikotsatz","13":"first","14":"instock","15":"shipping-taxable","16":"purchasable","17":"product-type-variable"},"_links":{"self":[{"href":"https:\/\/www.billigtrikotde.com\/es\/wp-json\/wp\/v2\/product\/2870","targetHints":{"allow":["GET"]}}],"collection":[{"href":"https:\/\/www.billigtrikotde.com\/es\/wp-json\/wp\/v2\/product"}],"about":[{"href":"https:\/\/www.billigtrikotde.com\/es\/wp-json\/wp\/v2\/types\/product"}],"replies":[{"embeddable":true,"href":"https:\/\/www.billigtrikotde.com\/es\/wp-json\/wp\/v2\/comments?post=2870"}],"wp:featuredmedia":[{"embeddable":true,"href":"https:\/\/www.billigtrikotde.com\/es\/wp-json\/wp\/v2\/media\/2908"}],"wp:attachment":[{"href":"https:\/\/www.billigtrikotde.com\/es\/wp-json\/wp\/v2\/media?parent=2870"}],"wp:term":[{"taxonomy":"product_brand","embeddable":true,"href":"https:\/\/www.billigtrikotde.com\/es\/wp-json\/wp\/v2\/product_brand?post=2870"},{"taxonomy":"product_cat","embeddable":true,"href":"https:\/\/www.billigtrikotde.com\/es\/wp-json\/wp\/v2\/product_cat?post=2870"},{"taxonomy":"product_tag","embeddable":true,"href":"https:\/\/www.billigtrikotde.com\/es\/wp-json\/wp\/v2\/product_tag?post=2870"}],"curies":[{"name":"wp","href":"https:\/\/api.w.org\/{rel}","templated":true}]}}