{"id":2861,"date":"2024-10-23T14:35:53","date_gmt":"2024-10-23T12:35:53","guid":{"rendered":"http:\/\/billigtrikots.com\/?post_type=product&#038;p=2861"},"modified":"2024-10-23T14:37:54","modified_gmt":"2024-10-23T12:37:54","slug":"kinder-trikotsatz-fc-bayern-muenchen-heimtrikot-rot-2022-mit-aufdruck-mueller-25","status":"publish","type":"product","link":"https:\/\/www.billigtrikotde.com\/es\/kinder-trikotsatz-fc-bayern-muenchen-heimtrikot-rot-2022-mit-aufdruck-mueller-25\/","title":{"rendered":"Juego de camisetas infantiles FC Bayern M\u00fanich home jersey red 2022 with print M\u00fcller 25"},"content":{"rendered":"<p>Aqu\u00ed llega el kit infantil de adidas en rojo, que te ayuda a apoyar a tu equipo favorito en cualquier situaci\u00f3n y a mostrar por qu\u00e9 late tu coraz\u00f3n. Como verdadero fan del FC Bayern M\u00fanich, necesitas este conjunto de casa, que llevan los jugadores en la Bundesliga. Su funcionamiento transpirable, c\u00f3modo y que absorbe el sudor te convence. Con este conjunto puedes ser a\u00fan m\u00e1s eficiente y prepararte para el pr\u00f3ximo partido. La excelente apariencia del kit se complementa con el escudo del club en el pecho y en los pantalones.<\/p>\n<p>Consejos para la impresi\u00f3n: Si el nombre y el n\u00famero que aparecen en la imagen son exactamente los que desea, no es necesario que los vuelva a introducir. En caso contrario, deber\u00e1 introducir el nombre y el n\u00famero que desee.<\/p>\n<p>Consejos de lavado: Se recomienda lavar las camisetas de f\u00fatbol a mano. Si desea utilizar la lavadora, recuerde poner las camisetas de f\u00fatbol del rev\u00e9s y luego lavarlas. Llena la lavadora con agua fr\u00eda y utiliza un ciclo delicado para proteger mejor los colores.<\/p>","protected":false},"excerpt":{"rendered":"<p>Hier kommt das adidas Kinder-Kit in Rot, das dir hilft, deinen Lieblingsverein in jeder Lage zu supporten und zu zeigen, wof\u00fcr dein Herz schl\u00e4gt. Als echter FC Bayern M\u00fcnchen-Fan brauchst du dieses Heim-Set, das die Spieler in der 1. Bundesliga tragen. Die schwei\u00dfableitende, bequeme und atmungsaktive Funktionsweise l\u00e4sst es \u00fcberzeugen. Mit diesem Set kannst du [&hellip;]<\/p>","protected":false},"featured_media":2906,"comment_status":"open","ping_status":"closed","template":"","meta":[],"product_brand":[],"product_cat":[135],"product_tag":[136,137,138,20,94],"class_list":{"0":"post-2861","1":"product","2":"type-product","3":"status-publish","4":"has-post-thumbnail","6":"product_cat-bayern-munich-kindertrikot","7":"product_tag-bayern-muenchen-heimtrikot","8":"product_tag-bayern-muenchen-trikots","9":"product_tag-bayern-munich-trikotsatz-fuer-kinder","10":"product_tag-coole-fussballtrikots","11":"product_tag-kinder-fussball-trikotsatz","13":"first","14":"instock","15":"shipping-taxable","16":"purchasable","17":"product-type-variable"},"_links":{"self":[{"href":"https:\/\/www.billigtrikotde.com\/es\/wp-json\/wp\/v2\/product\/2861","targetHints":{"allow":["GET"]}}],"collection":[{"href":"https:\/\/www.billigtrikotde.com\/es\/wp-json\/wp\/v2\/product"}],"about":[{"href":"https:\/\/www.billigtrikotde.com\/es\/wp-json\/wp\/v2\/types\/product"}],"replies":[{"embeddable":true,"href":"https:\/\/www.billigtrikotde.com\/es\/wp-json\/wp\/v2\/comments?post=2861"}],"wp:featuredmedia":[{"embeddable":true,"href":"https:\/\/www.billigtrikotde.com\/es\/wp-json\/wp\/v2\/media\/2906"}],"wp:attachment":[{"href":"https:\/\/www.billigtrikotde.com\/es\/wp-json\/wp\/v2\/media?parent=2861"}],"wp:term":[{"taxonomy":"product_brand","embeddable":true,"href":"https:\/\/www.billigtrikotde.com\/es\/wp-json\/wp\/v2\/product_brand?post=2861"},{"taxonomy":"product_cat","embeddable":true,"href":"https:\/\/www.billigtrikotde.com\/es\/wp-json\/wp\/v2\/product_cat?post=2861"},{"taxonomy":"product_tag","embeddable":true,"href":"https:\/\/www.billigtrikotde.com\/es\/wp-json\/wp\/v2\/product_tag?post=2861"}],"curies":[{"name":"wp","href":"https:\/\/api.w.org\/{rel}","templated":true}]}}