{"id":2839,"date":"2024-10-23T14:34:49","date_gmt":"2024-10-23T12:34:49","guid":{"rendered":"http:\/\/billigtrikots.com\/?post_type=product&#038;p=2839"},"modified":"2024-10-23T14:36:50","modified_gmt":"2024-10-23T12:36:50","slug":"kindertrikot-as-roma-heim-trikot-2022-rot-fuer-kinder-kumbulla-24-trikotsatz","status":"publish","type":"product","link":"https:\/\/www.billigtrikotde.com\/es\/kindertrikot-as-roma-heim-trikot-2022-rot-fuer-kinder-kumbulla-24-trikotsatz\/","title":{"rendered":"Camiseta Ni\u00f1os AS Roma Home Jersey 2022 rojo para Ni\u00f1os KUMBULLA 24 Jersey Set"},"content":{"rendered":"<p>Con la nueva camiseta local de la Roma con el look original de tus h\u00e9roes, no s\u00f3lo podr\u00e1s hacer que el estadio se vuelva inseguro, \u00a1sino tambi\u00e9n presumir en tus propios entrenamientos! Viene en los colores tradicionales de casa, rojo y amarillo, y est\u00e1 adornada con los detalles oficiales del club y los logotipos de los patrocinadores. Por primera vez, los Yellow-Reds ser\u00e1n equipados por New Balance para la pr\u00f3xima temporada.<\/p>\n<p>Adem\u00e1s del dise\u00f1o, el material y el corte tambi\u00e9n tienen mucho que ofrecer. La camiseta de casa es de la mejor calidad y est\u00e1 confeccionada con poli\u00e9ster duradero 100%. Adem\u00e1s, el material NB Dry expulsa inmediatamente el sudor del cuerpo, manteni\u00e9ndote seco y fresco en todo momento. El corte regular y c\u00f3modo te ofrece una gran libertad de movimientos y el suave cuello en V se ajusta perfectamente a la piel.<\/p>\n<p>Consejos para la impresi\u00f3n: Si el nombre y el n\u00famero que aparecen en la imagen son exactamente los que desea, no es necesario que los vuelva a introducir. En caso contrario, deber\u00e1 introducir el nombre y el n\u00famero que desee.<\/p>\n<p>Consejos de lavado: Se recomienda lavar las camisetas de f\u00fatbol a mano. Si desea utilizar la lavadora, recuerde poner las camisetas de f\u00fatbol del rev\u00e9s y luego lavarlas. Llena la lavadora con agua fr\u00eda y utiliza un ciclo delicado para proteger mejor los colores.<\/p>","protected":false},"excerpt":{"rendered":"<p>Con la nueva camiseta local de la Roma con el look original de tus h\u00e9roes, no s\u00f3lo podr\u00e1s hacer que el estadio se vuelva inseguro, \u00a1sino tambi\u00e9n presumir en tus propios entrenamientos! Viene en los colores tradicionales de casa, rojo y amarillo, y est\u00e1 adornada con los detalles oficiales del club y los logotipos de los patrocinadores. Por primera vez, los Yellow-Reds ser\u00e1n equipados por New Balance para la pr\u00f3xima temporada.<\/p>","protected":false},"featured_media":2879,"comment_status":"open","ping_status":"closed","template":"","meta":[],"product_brand":[],"product_cat":[133],"product_tag":[86,87,134,20,94],"class_list":{"0":"post-2839","1":"product","2":"type-product","3":"status-publish","4":"has-post-thumbnail","6":"product_cat-as-roma-kindertrikot","7":"product_tag-as-roma-heimtrikot","8":"product_tag-as-roma-trikots","9":"product_tag-as-roma-trikotsatz-fuer-kinder","10":"product_tag-coole-fussballtrikots","11":"product_tag-kinder-fussball-trikotsatz","13":"first","14":"instock","15":"shipping-taxable","16":"purchasable","17":"product-type-variable"},"_links":{"self":[{"href":"https:\/\/www.billigtrikotde.com\/es\/wp-json\/wp\/v2\/product\/2839","targetHints":{"allow":["GET"]}}],"collection":[{"href":"https:\/\/www.billigtrikotde.com\/es\/wp-json\/wp\/v2\/product"}],"about":[{"href":"https:\/\/www.billigtrikotde.com\/es\/wp-json\/wp\/v2\/types\/product"}],"replies":[{"embeddable":true,"href":"https:\/\/www.billigtrikotde.com\/es\/wp-json\/wp\/v2\/comments?post=2839"}],"wp:featuredmedia":[{"embeddable":true,"href":"https:\/\/www.billigtrikotde.com\/es\/wp-json\/wp\/v2\/media\/2879"}],"wp:attachment":[{"href":"https:\/\/www.billigtrikotde.com\/es\/wp-json\/wp\/v2\/media?parent=2839"}],"wp:term":[{"taxonomy":"product_brand","embeddable":true,"href":"https:\/\/www.billigtrikotde.com\/es\/wp-json\/wp\/v2\/product_brand?post=2839"},{"taxonomy":"product_cat","embeddable":true,"href":"https:\/\/www.billigtrikotde.com\/es\/wp-json\/wp\/v2\/product_cat?post=2839"},{"taxonomy":"product_tag","embeddable":true,"href":"https:\/\/www.billigtrikotde.com\/es\/wp-json\/wp\/v2\/product_tag?post=2839"}],"curies":[{"name":"wp","href":"https:\/\/api.w.org\/{rel}","templated":true}]}}