{"id":2788,"date":"2024-10-23T14:32:38","date_gmt":"2024-10-23T12:32:38","guid":{"rendered":"http:\/\/billigtrikots.com\/?post_type=product&#038;p=2788"},"modified":"2024-10-23T14:34:41","modified_gmt":"2024-10-23T12:34:41","slug":"uruguay-2022-heimtrikot-herren-trikotsatz-kurzarm-in-hellblau-kurze-hosen-schwarz","status":"publish","type":"product","link":"https:\/\/www.billigtrikotde.com\/es\/uruguay-2022-heimtrikot-herren-trikotsatz-kurzarm-in-hellblau-kurze-hosen-schwarz\/","title":{"rendered":"Uruguay 2022 home kit hombres manga corta en azul claro (+ shorts negro)"},"content":{"rendered":"<p>La camiseta Puma Uruguay 2022 combina los colores ic\u00f3nicos de Uruguay y es principalmente azul claro (\u00abSilver Lake Blue\u00bb).<\/p>\n<p>La base limpia se combina con logotipos blancos y rayas blancas en los laterales. El logotipo de la AUF (Federaci\u00f3n Uruguaya de F\u00fatbol) est\u00e1 colocado en una nueva aplicaci\u00f3n en blanco y dorado.<\/p>\n<p>Los pantalones de la camiseta local Puma Uruguay 2021 son negros.<\/p>\n<p>Consejos para la impresi\u00f3n: Si el nombre y el n\u00famero que aparecen en la imagen son exactamente los que desea, no es necesario que los vuelva a introducir. En caso contrario, deber\u00e1 introducir el nombre y el n\u00famero que desee.<\/p>\n<p>Consejos de lavado: Se recomienda lavar las camisetas de f\u00fatbol a mano. Si desea utilizar la lavadora, recuerde poner las camisetas de f\u00fatbol del rev\u00e9s y luego lavarlas. Llena la lavadora con agua fr\u00eda y utiliza un ciclo delicado para proteger mejor los colores.<\/p>","protected":false},"excerpt":{"rendered":"<p>Das Puma Uruguay 2022 Trikot kombiniert die ikonischen Farben Uruguays und ist haupts\u00e4chlich hellblau (\u201eSilver Lake Blue\u201c). Die saubere Basis wird mit wei\u00dfen Logos sowie wei\u00dfen Streifen an den Seitenbahnen kombiniert. Das AUF (Uruguayan Football Federation) Logo ist in einer neuen wei\u00df-goldenen Applikation angebracht. Die Hosen des Puma Uruguay 2021 Heimtrikots sind schwarz. Tipps zum [&hellip;]<\/p>","protected":false},"featured_media":2829,"comment_status":"open","ping_status":"closed","template":"","meta":[],"product_brand":[],"product_cat":[128],"product_tag":[20,21,22,23,24,129,130],"class_list":{"0":"post-2788","1":"product","2":"type-product","3":"status-publish","4":"has-post-thumbnail","6":"product_cat-uruguay-trikots","7":"product_tag-coole-fussballtrikots","8":"product_tag-fussballtrikot-fuer-herren","9":"product_tag-fussballtrikot-guenstig-kaufen","10":"product_tag-fussballtrikot-kurzarm","11":"product_tag-guenstiges-fussballtrikot","12":"product_tag-uruguay-heimtrikot","13":"product_tag-uruguay-trikots","15":"first","16":"instock","17":"shipping-taxable","18":"purchasable","19":"product-type-variable"},"_links":{"self":[{"href":"https:\/\/www.billigtrikotde.com\/es\/wp-json\/wp\/v2\/product\/2788","targetHints":{"allow":["GET"]}}],"collection":[{"href":"https:\/\/www.billigtrikotde.com\/es\/wp-json\/wp\/v2\/product"}],"about":[{"href":"https:\/\/www.billigtrikotde.com\/es\/wp-json\/wp\/v2\/types\/product"}],"replies":[{"embeddable":true,"href":"https:\/\/www.billigtrikotde.com\/es\/wp-json\/wp\/v2\/comments?post=2788"}],"wp:featuredmedia":[{"embeddable":true,"href":"https:\/\/www.billigtrikotde.com\/es\/wp-json\/wp\/v2\/media\/2829"}],"wp:attachment":[{"href":"https:\/\/www.billigtrikotde.com\/es\/wp-json\/wp\/v2\/media?parent=2788"}],"wp:term":[{"taxonomy":"product_brand","embeddable":true,"href":"https:\/\/www.billigtrikotde.com\/es\/wp-json\/wp\/v2\/product_brand?post=2788"},{"taxonomy":"product_cat","embeddable":true,"href":"https:\/\/www.billigtrikotde.com\/es\/wp-json\/wp\/v2\/product_cat?post=2788"},{"taxonomy":"product_tag","embeddable":true,"href":"https:\/\/www.billigtrikotde.com\/es\/wp-json\/wp\/v2\/product_tag?post=2788"}],"curies":[{"name":"wp","href":"https:\/\/api.w.org\/{rel}","templated":true}]}}