{"id":2784,"date":"2024-10-23T14:32:34","date_gmt":"2024-10-23T12:32:34","guid":{"rendered":"http:\/\/billigtrikots.com\/?post_type=product&#038;p=2784"},"modified":"2024-10-23T14:34:40","modified_gmt":"2024-10-23T12:34:40","slug":"herren-trikots-nationalteams-uruguay-heimtrikot-copa-america-2022-mit-aufdruck-bentancur-6","status":"publish","type":"product","link":"https:\/\/www.billigtrikotde.com\/es\/herren-trikots-nationalteams-uruguay-heimtrikot-copa-america-2022-mit-aufdruck-bentancur-6\/","title":{"rendered":"Camisetas Hombre - Selecciones Nacionales Camiseta local Uruguay Copa America 2022 con estampado Bentancur 6"},"content":{"rendered":"<p>El PUMA Uruguay Home Jersey 2022 en azul muestra tu fidelidad incondicional y tu conexi\u00f3n con tu equipo. El top deportivo provoca un absoluto entusiasmo entre los verdaderos aficionados de Uruguay. Es transpirable, s\u00faper c\u00f3modo y absorbe el sudor. As\u00ed eres a\u00fan m\u00e1s capaz y puedes darlo todo en cada entrenamiento. Destaca visualmente con un logotipo de la Federaci\u00f3n en el pecho.<\/p>\n<p>Consejos para la impresi\u00f3n: Si el nombre y el n\u00famero que aparecen en la imagen son exactamente los que desea, no es necesario que los vuelva a introducir. En caso contrario, deber\u00e1 introducir el nombre y el n\u00famero que desee.<\/p>\n<p>Consejos de lavado: Se recomienda lavar las camisetas de f\u00fatbol a mano. Si desea utilizar la lavadora, recuerde poner las camisetas de f\u00fatbol del rev\u00e9s y luego lavarlas. Llena la lavadora con agua fr\u00eda y utiliza un ciclo delicado para proteger mejor los colores.<\/p>","protected":false},"excerpt":{"rendered":"<p>El PUMA Uruguay Home Jersey 2022 en azul muestra tu fidelidad incondicional y tu conexi\u00f3n con tu equipo. El top deportivo provoca un absoluto entusiasmo entre los verdaderos aficionados de Uruguay. Es transpirable, s\u00faper c\u00f3modo y absorbe el sudor. As\u00ed eres a\u00fan m\u00e1s capaz y puedes darlo todo en cada entrenamiento. Destaca visualmente con un logotipo de la Federaci\u00f3n en el pecho.<\/p>","protected":false},"featured_media":2819,"comment_status":"open","ping_status":"closed","template":"","meta":[],"product_brand":[],"product_cat":[128],"product_tag":[20,21,22,23,24,129,130],"class_list":{"0":"post-2784","1":"product","2":"type-product","3":"status-publish","4":"has-post-thumbnail","6":"product_cat-uruguay-trikots","7":"product_tag-coole-fussballtrikots","8":"product_tag-fussballtrikot-fuer-herren","9":"product_tag-fussballtrikot-guenstig-kaufen","10":"product_tag-fussballtrikot-kurzarm","11":"product_tag-guenstiges-fussballtrikot","12":"product_tag-uruguay-heimtrikot","13":"product_tag-uruguay-trikots","15":"first","16":"instock","17":"shipping-taxable","18":"purchasable","19":"product-type-variable"},"_links":{"self":[{"href":"https:\/\/www.billigtrikotde.com\/es\/wp-json\/wp\/v2\/product\/2784","targetHints":{"allow":["GET"]}}],"collection":[{"href":"https:\/\/www.billigtrikotde.com\/es\/wp-json\/wp\/v2\/product"}],"about":[{"href":"https:\/\/www.billigtrikotde.com\/es\/wp-json\/wp\/v2\/types\/product"}],"replies":[{"embeddable":true,"href":"https:\/\/www.billigtrikotde.com\/es\/wp-json\/wp\/v2\/comments?post=2784"}],"wp:featuredmedia":[{"embeddable":true,"href":"https:\/\/www.billigtrikotde.com\/es\/wp-json\/wp\/v2\/media\/2819"}],"wp:attachment":[{"href":"https:\/\/www.billigtrikotde.com\/es\/wp-json\/wp\/v2\/media?parent=2784"}],"wp:term":[{"taxonomy":"product_brand","embeddable":true,"href":"https:\/\/www.billigtrikotde.com\/es\/wp-json\/wp\/v2\/product_brand?post=2784"},{"taxonomy":"product_cat","embeddable":true,"href":"https:\/\/www.billigtrikotde.com\/es\/wp-json\/wp\/v2\/product_cat?post=2784"},{"taxonomy":"product_tag","embeddable":true,"href":"https:\/\/www.billigtrikotde.com\/es\/wp-json\/wp\/v2\/product_tag?post=2784"}],"curies":[{"name":"wp","href":"https:\/\/api.w.org\/{rel}","templated":true}]}}