{"id":2778,"date":"2024-10-23T14:32:07","date_gmt":"2024-10-23T12:32:07","guid":{"rendered":"http:\/\/billigtrikots.com\/?post_type=product&#038;p=2778"},"modified":"2024-10-23T14:34:08","modified_gmt":"2024-10-23T12:34:08","slug":"uruguay-herren-heimtrikot-2022-copa-america-mit-aufdruck-nandez-8","status":"publish","type":"product","link":"https:\/\/www.billigtrikotde.com\/es\/uruguay-herren-heimtrikot-2022-copa-america-mit-aufdruck-nandez-8\/","title":{"rendered":"Camiseta local de Uruguay de la Copa Am\u00e9rica 2022 con estampado Nandez 8"},"content":{"rendered":"<p>El dise\u00f1o aut\u00e9ntico de este Puma Home Jersey se basa en las camisetas de juego de la selecci\u00f3n de Uruguay en la Copa Am\u00e9rica 2021. Con esta camiseta r\u00e9plica oficial de casa para hombres obtendr\u00e1s el look de tus jugadores favoritos. El material dryCELL de gesti\u00f3n de humedad proporciona un uso seco y c\u00f3modo, ya sea durante el entrenamiento o en el estadio. El ajuste deportivo te acompa\u00f1a en todos los movimientos. El emblema en el pecho no deja dudas sobre a qu\u00e9 equipo apoyas.<\/p>\n<p>Consejos para la impresi\u00f3n: Si el nombre y el n\u00famero que aparecen en la imagen son exactamente los que desea, no es necesario que los vuelva a introducir. En caso contrario, deber\u00e1 introducir el nombre y el n\u00famero que desee.<\/p>\n<p>Consejos de lavado: Se recomienda lavar las camisetas de f\u00fatbol a mano. Si desea utilizar la lavadora, recuerde poner las camisetas de f\u00fatbol del rev\u00e9s y luego lavarlas. Llena la lavadora con agua fr\u00eda y utiliza un ciclo delicado para proteger mejor los colores.<\/p>","protected":false},"excerpt":{"rendered":"<p>Das authentische Design dieses Puma Home Jerseys basiert auf den Spieltrikots des Uruguay-Teams bei der Copa Am\u00e9rica 2022. Mit diesem offiziellen Replica Heimtrikot f\u00fcr Herren erh\u00e4ltst du den Look deiner Lieblingsspieler. Das feuchtigkeitsleitende dryCELL-Material sorgt f\u00fcr trockenen und angenehmen Tragekomfort, egal ob beim Training oder im Stadion. Die sportliche Passform unterst\u00fctzt dich bei allen Bewegungsabl\u00e4ufen. [&hellip;]<\/p>","protected":false},"featured_media":2818,"comment_status":"open","ping_status":"closed","template":"","meta":[],"product_brand":[],"product_cat":[128],"product_tag":[20,21,22,23,24,129,130],"class_list":{"0":"post-2778","1":"product","2":"type-product","3":"status-publish","4":"has-post-thumbnail","6":"product_cat-uruguay-trikots","7":"product_tag-coole-fussballtrikots","8":"product_tag-fussballtrikot-fuer-herren","9":"product_tag-fussballtrikot-guenstig-kaufen","10":"product_tag-fussballtrikot-kurzarm","11":"product_tag-guenstiges-fussballtrikot","12":"product_tag-uruguay-heimtrikot","13":"product_tag-uruguay-trikots","15":"first","16":"instock","17":"shipping-taxable","18":"purchasable","19":"product-type-variable"},"_links":{"self":[{"href":"https:\/\/www.billigtrikotde.com\/es\/wp-json\/wp\/v2\/product\/2778","targetHints":{"allow":["GET"]}}],"collection":[{"href":"https:\/\/www.billigtrikotde.com\/es\/wp-json\/wp\/v2\/product"}],"about":[{"href":"https:\/\/www.billigtrikotde.com\/es\/wp-json\/wp\/v2\/types\/product"}],"replies":[{"embeddable":true,"href":"https:\/\/www.billigtrikotde.com\/es\/wp-json\/wp\/v2\/comments?post=2778"}],"wp:featuredmedia":[{"embeddable":true,"href":"https:\/\/www.billigtrikotde.com\/es\/wp-json\/wp\/v2\/media\/2818"}],"wp:attachment":[{"href":"https:\/\/www.billigtrikotde.com\/es\/wp-json\/wp\/v2\/media?parent=2778"}],"wp:term":[{"taxonomy":"product_brand","embeddable":true,"href":"https:\/\/www.billigtrikotde.com\/es\/wp-json\/wp\/v2\/product_brand?post=2778"},{"taxonomy":"product_cat","embeddable":true,"href":"https:\/\/www.billigtrikotde.com\/es\/wp-json\/wp\/v2\/product_cat?post=2778"},{"taxonomy":"product_tag","embeddable":true,"href":"https:\/\/www.billigtrikotde.com\/es\/wp-json\/wp\/v2\/product_tag?post=2778"}],"curies":[{"name":"wp","href":"https:\/\/api.w.org\/{rel}","templated":true}]}}