{"id":2722,"date":"2024-10-23T14:29:48","date_gmt":"2024-10-23T12:29:48","guid":{"rendered":"http:\/\/billigtrikots.com\/?post_type=product&#038;p=2722"},"modified":"2024-10-23T14:31:56","modified_gmt":"2024-10-23T12:31:56","slug":"frankreich-auswaertstrikot-em-2022-weiss-dunkelblau-mit-aufdruck-hernandez-21","status":"publish","type":"product","link":"https:\/\/www.billigtrikotde.com\/es\/frankreich-auswaertstrikot-em-2022-weiss-dunkelblau-mit-aufdruck-hernandez-21\/","title":{"rendered":"Equipaci\u00f3n de viaje de Francia EM 2022 blanco azul oscuro con estampado HERNANDEZ 21"},"content":{"rendered":"<p>Representa a tu equipo con la camiseta exterior NIKE France Breathe Stadium. El material altamente transpirable aleja el sudor de la piel, manteni\u00e9ndote fresco y c\u00f3modo en el campo o en las gradas. El material NIKE Breathe te mantiene seco y fresco. El dise\u00f1o aut\u00e9ntico te da el aspecto que llevan los profesionales en el campo.<\/p>\n<p>Consejos para la impresi\u00f3n: Si el nombre y el n\u00famero que aparecen en la imagen son exactamente los que desea, no es necesario que los vuelva a introducir. En caso contrario, deber\u00e1 introducir el nombre y el n\u00famero que desee.<\/p>\n<p>Consejos de lavado: Se recomienda lavar las camisetas de f\u00fatbol a mano. Si desea utilizar la lavadora, recuerde poner las camisetas de f\u00fatbol del rev\u00e9s y luego lavarlas. Llena la lavadora con agua fr\u00eda y utiliza un ciclo delicado para proteger mejor los colores.<\/p>","protected":false},"excerpt":{"rendered":"<p>Representa a tu equipo con la camiseta exterior NIKE France Breathe Stadium. El material altamente transpirable aleja el sudor de la piel, manteni\u00e9ndote fresco y c\u00f3modo en el campo o en las gradas. El material NIKE Breathe te mantiene seco y fresco. El dise\u00f1o aut\u00e9ntico te da el aspecto que llevan los profesionales en el campo.<\/p>","protected":false},"featured_media":2756,"comment_status":"open","ping_status":"closed","template":"","meta":[],"product_brand":[],"product_cat":[117],"product_tag":[20,118,119,21,22,23,24],"class_list":{"0":"post-2722","1":"product","2":"type-product","3":"status-publish","4":"has-post-thumbnail","6":"product_cat-frankreich-trikots","7":"product_tag-coole-fussballtrikots","8":"product_tag-frankreich-auswaertstrikot","9":"product_tag-frankreich-trikots","10":"product_tag-fussballtrikot-fuer-herren","11":"product_tag-fussballtrikot-guenstig-kaufen","12":"product_tag-fussballtrikot-kurzarm","13":"product_tag-guenstiges-fussballtrikot","15":"first","16":"instock","17":"shipping-taxable","18":"purchasable","19":"product-type-variable"},"_links":{"self":[{"href":"https:\/\/www.billigtrikotde.com\/es\/wp-json\/wp\/v2\/product\/2722","targetHints":{"allow":["GET"]}}],"collection":[{"href":"https:\/\/www.billigtrikotde.com\/es\/wp-json\/wp\/v2\/product"}],"about":[{"href":"https:\/\/www.billigtrikotde.com\/es\/wp-json\/wp\/v2\/types\/product"}],"replies":[{"embeddable":true,"href":"https:\/\/www.billigtrikotde.com\/es\/wp-json\/wp\/v2\/comments?post=2722"}],"wp:featuredmedia":[{"embeddable":true,"href":"https:\/\/www.billigtrikotde.com\/es\/wp-json\/wp\/v2\/media\/2756"}],"wp:attachment":[{"href":"https:\/\/www.billigtrikotde.com\/es\/wp-json\/wp\/v2\/media?parent=2722"}],"wp:term":[{"taxonomy":"product_brand","embeddable":true,"href":"https:\/\/www.billigtrikotde.com\/es\/wp-json\/wp\/v2\/product_brand?post=2722"},{"taxonomy":"product_cat","embeddable":true,"href":"https:\/\/www.billigtrikotde.com\/es\/wp-json\/wp\/v2\/product_cat?post=2722"},{"taxonomy":"product_tag","embeddable":true,"href":"https:\/\/www.billigtrikotde.com\/es\/wp-json\/wp\/v2\/product_tag?post=2722"}],"curies":[{"name":"wp","href":"https:\/\/api.w.org\/{rel}","templated":true}]}}