{"id":2665,"date":"2024-10-23T14:27:08","date_gmt":"2024-10-23T12:27:08","guid":{"rendered":"http:\/\/billigtrikots.com\/?post_type=product&#038;p=2665"},"modified":"2024-10-23T14:29:13","modified_gmt":"2024-10-23T12:29:13","slug":"england-heimtrikot-em-2022-weiss-blau-mit-aufdruck-chilwell-21","status":"publish","type":"product","link":"https:\/\/www.billigtrikotde.com\/es\/england-heimtrikot-em-2022-weiss-blau-mit-aufdruck-chilwell-21\/","title":{"rendered":"Camiseta local de Inglaterra EM 2022 blanca\/azul con estampado CHILWELL 21"},"content":{"rendered":"<p>Como verdadero aficionado, necesitas esta camiseta local que llevar\u00e1n los jugadores en la Eurocopa. Te recomendamos este modelo transpirable, ligero y muy c\u00f3modo con un tacto agradable. Tambi\u00e9n ofrece una gran durabilidad. El magn\u00edfico aspecto de la camiseta se acent\u00faa con el logotipo de la asociaci\u00f3n en el pecho. Con esta camiseta deportiva, estar\u00e1s perfectamente equipado para tu pr\u00f3xima sesi\u00f3n.<\/p>\n<p>Consejos para la impresi\u00f3n: Si el nombre y el n\u00famero que aparecen en la imagen son exactamente los que desea, no es necesario que los vuelva a introducir. En caso contrario, deber\u00e1 introducir el nombre y el n\u00famero que desee.<\/p>\n<p>Consejos de lavado: Se recomienda lavar las camisetas de f\u00fatbol a mano. Si desea utilizar la lavadora, recuerde poner las camisetas de f\u00fatbol del rev\u00e9s y luego lavarlas. Llena la lavadora con agua fr\u00eda y utiliza un ciclo delicado para proteger mejor los colores.<\/p>","protected":false},"excerpt":{"rendered":"<p>Als echter Fan brauchst du dieses Heim-Trikot, das die Spieler bei der Europameisterschaft tragen. Wir empfehlen dieses schwei\u00dfableitende, atmungsaktive, leichte und super bequeme Modell mit dem angenehmen Tragegef\u00fchl. Au\u00dferdem wird dir eine hohe Haltbarkeit geboten. Untermalt wird die tolle Optik des Shirts durch das Verbandslogo auf der Brust. Mit diesem Sporttop bist du f\u00fcr die [&hellip;]<\/p>","protected":false},"featured_media":2706,"comment_status":"open","ping_status":"closed","template":"","meta":[],"product_brand":[],"product_cat":[115],"product_tag":[20,116,21,22,23,24],"class_list":{"0":"post-2665","1":"product","2":"type-product","3":"status-publish","4":"has-post-thumbnail","6":"product_cat-england-trikots","7":"product_tag-coole-fussballtrikots","8":"product_tag-england-heimtrikot","9":"product_tag-fussballtrikot-fuer-herren","10":"product_tag-fussballtrikot-guenstig-kaufen","11":"product_tag-fussballtrikot-kurzarm","12":"product_tag-guenstiges-fussballtrikot","14":"first","15":"instock","16":"shipping-taxable","17":"purchasable","18":"product-type-variable"},"_links":{"self":[{"href":"https:\/\/www.billigtrikotde.com\/es\/wp-json\/wp\/v2\/product\/2665","targetHints":{"allow":["GET"]}}],"collection":[{"href":"https:\/\/www.billigtrikotde.com\/es\/wp-json\/wp\/v2\/product"}],"about":[{"href":"https:\/\/www.billigtrikotde.com\/es\/wp-json\/wp\/v2\/types\/product"}],"replies":[{"embeddable":true,"href":"https:\/\/www.billigtrikotde.com\/es\/wp-json\/wp\/v2\/comments?post=2665"}],"wp:featuredmedia":[{"embeddable":true,"href":"https:\/\/www.billigtrikotde.com\/es\/wp-json\/wp\/v2\/media\/2706"}],"wp:attachment":[{"href":"https:\/\/www.billigtrikotde.com\/es\/wp-json\/wp\/v2\/media?parent=2665"}],"wp:term":[{"taxonomy":"product_brand","embeddable":true,"href":"https:\/\/www.billigtrikotde.com\/es\/wp-json\/wp\/v2\/product_brand?post=2665"},{"taxonomy":"product_cat","embeddable":true,"href":"https:\/\/www.billigtrikotde.com\/es\/wp-json\/wp\/v2\/product_cat?post=2665"},{"taxonomy":"product_tag","embeddable":true,"href":"https:\/\/www.billigtrikotde.com\/es\/wp-json\/wp\/v2\/product_tag?post=2665"}],"curies":[{"name":"wp","href":"https:\/\/api.w.org\/{rel}","templated":true}]}}