{"id":2555,"date":"2024-10-23T14:22:08","date_gmt":"2024-10-23T12:22:08","guid":{"rendered":"http:\/\/billigtrikots.com\/?post_type=product&#038;p=2555"},"modified":"2024-10-23T14:24:18","modified_gmt":"2024-10-23T12:24:18","slug":"bvb-borussia-dortmund-heimtrikot-in-gelbe-2022-trikotsatz-fuer-kinder-mit-aufdruck-witsel-28","status":"publish","type":"product","link":"https:\/\/www.billigtrikotde.com\/es\/bvb-borussia-dortmund-heimtrikot-in-gelbe-2022-trikotsatz-fuer-kinder-mit-aufdruck-witsel-28\/","title":{"rendered":"BVB Borussia Dortmund camiseta local en amarillo 2022 conjunto de camisetas para ni\u00f1os con impresi\u00f3n Witsel 28"},"content":{"rendered":"<p>Camisetas infantiles con dise\u00f1o del BVB<br \/>\nUna camiseta del equipo de f\u00fatbol favorito es un sue\u00f1o para cualquier peque\u00f1o futuro estrella. Si tu hijo es un gran fan del BVB, aqu\u00ed encontrar\u00e1s una amplia selecci\u00f3n de camisetas para vestirlo o ella en amarillo y negro. Las camisetas las encuentras aqu\u00ed en muchas versiones diferentes. Sin importar cu\u00e1l elijas, recibir\u00e1s una prenda superior que se caracteriza por los siguientes atributos:<\/p>\n<p>Acabado de alta calidad<br \/>\nEstabilidad<br \/>\nAutenticidad<br \/>\nBuena calidad de material<br \/>\nSorprende a tu peque\u00f1o con una camiseta genial, ya que en los colores del equipo favorito la diversi\u00f3n en el juego es el doble de grande. Llevar una camiseta tambi\u00e9n es recomendable en muchas otras ocasiones. Especialmente los ni\u00f1os, que generalmente no est\u00e1n sujetos a un c\u00f3digo de vestimenta, suelen llevar las camisetas de su equipo en la vida cotidiana. Les gusta usarlas en la escuela y en su tiempo libre. Y si adem\u00e1s tienen la suerte de ver a su equipo en vivo en el estadio, una camiseta siempre ser\u00e1 la primera opci\u00f3n.<\/p>\n<p>Consejos para la impresi\u00f3n: Si el nombre y el n\u00famero que aparecen en la imagen son exactamente los que desea, no es necesario que los vuelva a introducir. En caso contrario, deber\u00e1 introducir el nombre y el n\u00famero que desee.<\/p>\n<p>Consejos de lavado: Se recomienda lavar las camisetas de f\u00fatbol a mano. Si desea utilizar la lavadora, recuerde poner las camisetas de f\u00fatbol del rev\u00e9s y luego lavarlas. Llena la lavadora con agua fr\u00eda y utiliza un ciclo delicado para proteger mejor los colores.<\/p>","protected":false},"excerpt":{"rendered":"<p>Kindertrikots im BVB-Design Ein Trikot des Lieblingsfu\u00dfballvereins ist ein Traum f\u00fcr jeden kleinen Nachwuchsstar. Wenn dein Kind ein gro\u00dfer BVB-Fan ist, findest du hier eine gro\u00dfe Auswahl an Trikots, um sie oder ihn in Gelb und Schwarz zu h\u00fcllen. Die Trikots findest du hier in vielen verschiedenen Ausf\u00fchrungen. Egal f\u00fcr welches du dich entscheidest, du [&hellip;]<\/p>","protected":false},"featured_media":2597,"comment_status":"open","ping_status":"closed","template":"","meta":[],"product_brand":[],"product_cat":[108],"product_tag":[20,110,65,109,66,94],"class_list":{"0":"post-2555","1":"product","2":"type-product","3":"status-publish","4":"has-post-thumbnail","6":"product_cat-borussia-dortmund-kindertrikot","7":"product_tag-coole-fussballtrikots","8":"product_tag-borussia-dortmund-heimtrikot","9":"product_tag-borussia-dortmund-trikots","10":"product_tag-borussia-dortmund-trikotsatz-fuer-kinder","11":"product_tag-bvb-trikots","12":"product_tag-kinder-fussball-trikotsatz","14":"first","15":"instock","16":"shipping-taxable","17":"purchasable","18":"product-type-variable"},"_links":{"self":[{"href":"https:\/\/www.billigtrikotde.com\/es\/wp-json\/wp\/v2\/product\/2555","targetHints":{"allow":["GET"]}}],"collection":[{"href":"https:\/\/www.billigtrikotde.com\/es\/wp-json\/wp\/v2\/product"}],"about":[{"href":"https:\/\/www.billigtrikotde.com\/es\/wp-json\/wp\/v2\/types\/product"}],"replies":[{"embeddable":true,"href":"https:\/\/www.billigtrikotde.com\/es\/wp-json\/wp\/v2\/comments?post=2555"}],"wp:featuredmedia":[{"embeddable":true,"href":"https:\/\/www.billigtrikotde.com\/es\/wp-json\/wp\/v2\/media\/2597"}],"wp:attachment":[{"href":"https:\/\/www.billigtrikotde.com\/es\/wp-json\/wp\/v2\/media?parent=2555"}],"wp:term":[{"taxonomy":"product_brand","embeddable":true,"href":"https:\/\/www.billigtrikotde.com\/es\/wp-json\/wp\/v2\/product_brand?post=2555"},{"taxonomy":"product_cat","embeddable":true,"href":"https:\/\/www.billigtrikotde.com\/es\/wp-json\/wp\/v2\/product_cat?post=2555"},{"taxonomy":"product_tag","embeddable":true,"href":"https:\/\/www.billigtrikotde.com\/es\/wp-json\/wp\/v2\/product_tag?post=2555"}],"curies":[{"name":"wp","href":"https:\/\/api.w.org\/{rel}","templated":true}]}}