{"id":2544,"date":"2024-10-23T14:21:33","date_gmt":"2024-10-23T12:21:33","guid":{"rendered":"http:\/\/billigtrikots.com\/?post_type=product&#038;p=2544"},"modified":"2024-10-23T14:23:45","modified_gmt":"2024-10-23T12:23:45","slug":"bvb-borussia-dortmund-heimtrikot-in-gelb-2022-fuer-kinder-mit-aufdruck-hazard-10","status":"publish","type":"product","link":"https:\/\/www.billigtrikotde.com\/es\/bvb-borussia-dortmund-heimtrikot-in-gelb-2022-fuer-kinder-mit-aufdruck-hazard-10\/","title":{"rendered":"BVB Borussia Dortmund camiseta local en amarillo 2022 para los ni\u00f1os con la impresi\u00f3n Hazard 10"},"content":{"rendered":"<p>Esta camiseta para ni\u00f1os har\u00e1 que tu joven futbolista parezca un profesional. Esta camiseta con escote redondo, mangas ragl\u00e1n con inserciones de malla en los hombros y cintura el\u00e1stica integrada es tan robusta como c\u00f3moda. Y gracias a su tecnolog\u00eda dryCELL, los peque\u00f1os se mantienen secos y c\u00f3modos sin que el sudor les estropee el humor. El escudo oficial del club Borussia Dortmund est\u00e1 estampado en la parte superior y en los pantalones cortos.<\/p>\n<p>Consejos para la impresi\u00f3n: Si el nombre y el n\u00famero que aparecen en la imagen son exactamente los que desea, no es necesario que los vuelva a introducir. En caso contrario, deber\u00e1 introducir el nombre y el n\u00famero que desee.<\/p>\n<p>Consejos de lavado: Se recomienda lavar las camisetas de f\u00fatbol a mano. Si desea utilizar la lavadora, recuerde poner las camisetas de f\u00fatbol del rev\u00e9s y luego lavarlas. Llena la lavadora con agua fr\u00eda y utiliza un ciclo delicado para proteger mejor los colores.<\/p>","protected":false},"excerpt":{"rendered":"<p>Esta camiseta para ni\u00f1os har\u00e1 que tu joven futbolista parezca un profesional. Esta camiseta con escote redondo, mangas ragl\u00e1n con inserciones de malla en los hombros y cintura el\u00e1stica integrada es tan robusta como c\u00f3moda. Y gracias a su tecnolog\u00eda dryCELL, los peque\u00f1os se mantienen secos y c\u00f3modos sin que el sudor les estropee el humor. El escudo oficial del club Borussia Dortmund est\u00e1 estampado en la parte superior y en los pantalones cortos.<\/p>","protected":false},"featured_media":2586,"comment_status":"open","ping_status":"closed","template":"","meta":[],"product_brand":[],"product_cat":[108],"product_tag":[20,110,65,109,66,94],"class_list":{"0":"post-2544","1":"product","2":"type-product","3":"status-publish","4":"has-post-thumbnail","6":"product_cat-borussia-dortmund-kindertrikot","7":"product_tag-coole-fussballtrikots","8":"product_tag-borussia-dortmund-heimtrikot","9":"product_tag-borussia-dortmund-trikots","10":"product_tag-borussia-dortmund-trikotsatz-fuer-kinder","11":"product_tag-bvb-trikots","12":"product_tag-kinder-fussball-trikotsatz","14":"first","15":"instock","16":"shipping-taxable","17":"purchasable","18":"product-type-variable"},"_links":{"self":[{"href":"https:\/\/www.billigtrikotde.com\/es\/wp-json\/wp\/v2\/product\/2544","targetHints":{"allow":["GET"]}}],"collection":[{"href":"https:\/\/www.billigtrikotde.com\/es\/wp-json\/wp\/v2\/product"}],"about":[{"href":"https:\/\/www.billigtrikotde.com\/es\/wp-json\/wp\/v2\/types\/product"}],"replies":[{"embeddable":true,"href":"https:\/\/www.billigtrikotde.com\/es\/wp-json\/wp\/v2\/comments?post=2544"}],"wp:featuredmedia":[{"embeddable":true,"href":"https:\/\/www.billigtrikotde.com\/es\/wp-json\/wp\/v2\/media\/2586"}],"wp:attachment":[{"href":"https:\/\/www.billigtrikotde.com\/es\/wp-json\/wp\/v2\/media?parent=2544"}],"wp:term":[{"taxonomy":"product_brand","embeddable":true,"href":"https:\/\/www.billigtrikotde.com\/es\/wp-json\/wp\/v2\/product_brand?post=2544"},{"taxonomy":"product_cat","embeddable":true,"href":"https:\/\/www.billigtrikotde.com\/es\/wp-json\/wp\/v2\/product_cat?post=2544"},{"taxonomy":"product_tag","embeddable":true,"href":"https:\/\/www.billigtrikotde.com\/es\/wp-json\/wp\/v2\/product_tag?post=2544"}],"curies":[{"name":"wp","href":"https:\/\/api.w.org\/{rel}","templated":true}]}}