{"id":2515,"date":"2024-10-23T14:20:21","date_gmt":"2024-10-23T12:20:21","guid":{"rendered":"http:\/\/billigtrikots.com\/?post_type=product&#038;p=2515"},"modified":"2024-10-23T14:22:36","modified_gmt":"2024-10-23T12:22:36","slug":"kinder-trikotsatz-tottenham-hotspur-trikot-home-2022-kids-weiss","status":"publish","type":"product","link":"https:\/\/www.billigtrikotde.com\/es\/kinder-trikotsatz-tottenham-hotspur-trikot-home-2022-kids-weiss\/","title":{"rendered":"Kit Ni\u00f1os Camiseta Tottenham Hotspur Home 2022 Ni\u00f1os Blanca"},"content":{"rendered":"<p>La camiseta Nike de color blanco te permite lucir los colores de tu club favorito y mostrar a todo el mundo por qu\u00e9 late tu coraz\u00f3n. Una prenda imprescindible para los verdaderos seguidores del Tottenham Hotspur: la camiseta local con el dise\u00f1o original que llevan los jugadores en la Premier League. Es transpirable, c\u00f3moda y ligera. Destaca visualmente con el escudo del club en el pecho. Con esta camiseta deportiva, podr\u00e1s rendir a\u00fan m\u00e1s y prepararte para el pr\u00f3ximo partido.<\/p>\n<p>Consejos para la impresi\u00f3n: Si el nombre y el n\u00famero que aparecen en la imagen son exactamente los que desea, no es necesario que los vuelva a introducir. En caso contrario, deber\u00e1 introducir el nombre y el n\u00famero que desee.<\/p>\n<p>Consejos de lavado: Se recomienda lavar las camisetas de f\u00fatbol a mano. Si desea utilizar la lavadora, recuerde poner las camisetas de f\u00fatbol del rev\u00e9s y luego lavarlas. Llena la lavadora con agua fr\u00eda y utiliza un ciclo delicado para proteger mejor los colores.<\/p>","protected":false},"excerpt":{"rendered":"<p>Das Trikot von Nike in Wei\u00df l\u00e4sst dich die Farben deines Lieblingsclubs tragen und allen zeigen, wof\u00fcr dein Herz schl\u00e4gt. F\u00fcr wahre Tottenham Hotspur-Fans ein Must-Have: das Heim-Trikot im Originaldesign, wie es die Spieler in der Premier League tragen. Es ist atmungsaktiv, bequem und leicht. Es besticht optisch mit einem Vereinswappen auf der Brust. Mit [&hellip;]<\/p>","protected":false},"featured_media":2550,"comment_status":"open","ping_status":"closed","template":"","meta":[],"product_brand":[],"product_cat":[102],"product_tag":[20,21,22,23,24,94,106,104,105],"class_list":{"0":"post-2515","1":"product","2":"type-product","3":"status-publish","4":"has-post-thumbnail","6":"product_cat-tottenham-hotspur-kindertrikot","7":"product_tag-coole-fussballtrikots","8":"product_tag-fussballtrikot-fuer-herren","9":"product_tag-fussballtrikot-guenstig-kaufen","10":"product_tag-fussballtrikot-kurzarm","11":"product_tag-guenstiges-fussballtrikot","12":"product_tag-kinder-fussball-trikotsatz","13":"product_tag-tottenham-hotspur-heimtrikot","14":"product_tag-tottenham-hotspur-trikots","15":"product_tag-tottenham-hotspur-trikotsatz-fuer-kinder","17":"first","18":"instock","19":"shipping-taxable","20":"purchasable","21":"product-type-variable"},"_links":{"self":[{"href":"https:\/\/www.billigtrikotde.com\/es\/wp-json\/wp\/v2\/product\/2515","targetHints":{"allow":["GET"]}}],"collection":[{"href":"https:\/\/www.billigtrikotde.com\/es\/wp-json\/wp\/v2\/product"}],"about":[{"href":"https:\/\/www.billigtrikotde.com\/es\/wp-json\/wp\/v2\/types\/product"}],"replies":[{"embeddable":true,"href":"https:\/\/www.billigtrikotde.com\/es\/wp-json\/wp\/v2\/comments?post=2515"}],"wp:featuredmedia":[{"embeddable":true,"href":"https:\/\/www.billigtrikotde.com\/es\/wp-json\/wp\/v2\/media\/2550"}],"wp:attachment":[{"href":"https:\/\/www.billigtrikotde.com\/es\/wp-json\/wp\/v2\/media?parent=2515"}],"wp:term":[{"taxonomy":"product_brand","embeddable":true,"href":"https:\/\/www.billigtrikotde.com\/es\/wp-json\/wp\/v2\/product_brand?post=2515"},{"taxonomy":"product_cat","embeddable":true,"href":"https:\/\/www.billigtrikotde.com\/es\/wp-json\/wp\/v2\/product_cat?post=2515"},{"taxonomy":"product_tag","embeddable":true,"href":"https:\/\/www.billigtrikotde.com\/es\/wp-json\/wp\/v2\/product_tag?post=2515"}],"curies":[{"name":"wp","href":"https:\/\/api.w.org\/{rel}","templated":true}]}}