{"id":2513,"date":"2024-10-23T14:20:20","date_gmt":"2024-10-23T12:20:20","guid":{"rendered":"http:\/\/billigtrikots.com\/?post_type=product&#038;p=2513"},"modified":"2024-10-23T14:22:03","modified_gmt":"2024-10-23T12:22:03","slug":"tottenham-hotspur-2022-heimtrikot-in-weiss-fuer-kinder-mit-aufdruck-lloris-1","status":"publish","type":"product","link":"https:\/\/www.billigtrikotde.com\/es\/tottenham-hotspur-2022-heimtrikot-in-weiss-fuer-kinder-mit-aufdruck-lloris-1\/","title":{"rendered":"Camiseta de casa del Tottenham Hotspur 2022 en blanco para ni\u00f1o con estampado LLORIS 1"},"content":{"rendered":"<p>Apoya al Tottenham Hotspur en la temporada 2021\/2022 y muestra tu orgullo con la camiseta oficial de r\u00e9plica de Nike. El dise\u00f1o aut\u00e9ntico de la camiseta de local para ni\u00f1os se basa en las camisetas de juego de los profesionales. El material funcional ligero con tecnolog\u00eda Dri-FIT es especialmente transpirable y proporciona una sensaci\u00f3n de frescura al llevarla. Detalles de equipo caracter\u00edsticos como el escudo en el pecho no dejan dudas de que apoyas a los Spurs.<\/p>\n<p>Consejos para la impresi\u00f3n: Si el nombre y el n\u00famero que aparecen en la imagen son exactamente los que desea, no es necesario que los vuelva a introducir. En caso contrario, deber\u00e1 introducir el nombre y el n\u00famero que desee.<\/p>\n<p>Consejos de lavado: Se recomienda lavar las camisetas de f\u00fatbol a mano. Si desea utilizar la lavadora, recuerde poner las camisetas de f\u00fatbol del rev\u00e9s y luego lavarlas. Llena la lavadora con agua fr\u00eda y utiliza un ciclo delicado para proteger mejor los colores.<\/p>","protected":false},"excerpt":{"rendered":"<p>Apoya al Tottenham Hotspur en la temporada 2021\/2022 y muestra tu orgullo con la camiseta oficial de r\u00e9plica de Nike. El dise\u00f1o aut\u00e9ntico de la camiseta de local para ni\u00f1os se basa en las camisetas de juego de los profesionales. El material funcional ligero con tecnolog\u00eda Dri-FIT es especialmente transpirable y proporciona una sensaci\u00f3n de frescura al llevarla. Detalles de equipo caracter\u00edsticos como el escudo en el pecho no dejan dudas de que apoyas a los Spurs.<\/p>","protected":false},"featured_media":2549,"comment_status":"open","ping_status":"closed","template":"","meta":[],"product_brand":[],"product_cat":[102],"product_tag":[20,21,22,23,24,94,106,104,105],"class_list":{"0":"post-2513","1":"product","2":"type-product","3":"status-publish","4":"has-post-thumbnail","6":"product_cat-tottenham-hotspur-kindertrikot","7":"product_tag-coole-fussballtrikots","8":"product_tag-fussballtrikot-fuer-herren","9":"product_tag-fussballtrikot-guenstig-kaufen","10":"product_tag-fussballtrikot-kurzarm","11":"product_tag-guenstiges-fussballtrikot","12":"product_tag-kinder-fussball-trikotsatz","13":"product_tag-tottenham-hotspur-heimtrikot","14":"product_tag-tottenham-hotspur-trikots","15":"product_tag-tottenham-hotspur-trikotsatz-fuer-kinder","17":"first","18":"instock","19":"shipping-taxable","20":"purchasable","21":"product-type-variable"},"_links":{"self":[{"href":"https:\/\/www.billigtrikotde.com\/es\/wp-json\/wp\/v2\/product\/2513","targetHints":{"allow":["GET"]}}],"collection":[{"href":"https:\/\/www.billigtrikotde.com\/es\/wp-json\/wp\/v2\/product"}],"about":[{"href":"https:\/\/www.billigtrikotde.com\/es\/wp-json\/wp\/v2\/types\/product"}],"replies":[{"embeddable":true,"href":"https:\/\/www.billigtrikotde.com\/es\/wp-json\/wp\/v2\/comments?post=2513"}],"wp:featuredmedia":[{"embeddable":true,"href":"https:\/\/www.billigtrikotde.com\/es\/wp-json\/wp\/v2\/media\/2549"}],"wp:attachment":[{"href":"https:\/\/www.billigtrikotde.com\/es\/wp-json\/wp\/v2\/media?parent=2513"}],"wp:term":[{"taxonomy":"product_brand","embeddable":true,"href":"https:\/\/www.billigtrikotde.com\/es\/wp-json\/wp\/v2\/product_brand?post=2513"},{"taxonomy":"product_cat","embeddable":true,"href":"https:\/\/www.billigtrikotde.com\/es\/wp-json\/wp\/v2\/product_cat?post=2513"},{"taxonomy":"product_tag","embeddable":true,"href":"https:\/\/www.billigtrikotde.com\/es\/wp-json\/wp\/v2\/product_tag?post=2513"}],"curies":[{"name":"wp","href":"https:\/\/api.w.org\/{rel}","templated":true}]}}