{"id":2454,"date":"2024-10-23T14:17:36","date_gmt":"2024-10-23T12:17:36","guid":{"rendered":"http:\/\/billigtrikots.com\/?post_type=product&#038;p=2454"},"modified":"2024-10-23T14:19:43","modified_gmt":"2024-10-23T12:19:43","slug":"ac-mailand-auswaertstrikot-2022-beige-rot-fuer-kinder","status":"publish","type":"product","link":"https:\/\/www.billigtrikotde.com\/es\/ac-mailand-auswaertstrikot-2022-beige-rot-fuer-kinder\/","title":{"rendered":"AC Milan Away Jersey 2022 Beige Rojo para Ni\u00f1os"},"content":{"rendered":"<p>Tu joven futbolista apreciar\u00e1 la tecnolog\u00eda dryCELL de esta camiseta, que garantiza la evacuaci\u00f3n de la humedad del cuerpo. As\u00ed se mantendr\u00e1 seco y c\u00f3modo durante toda la sesi\u00f3n. Pero esta camiseta tambi\u00e9n celebra el poder y el impacto que el deporte puede tener en el mundo en general. Forma parte del programa Sports for Change, cuyo objetivo es ayudar a j\u00f3venes necesitados en seis continentes. La parte delantera de esta camiseta presenta el ic\u00f3nico logotipo del club AC Milan y el igualmente ic\u00f3nico logotipo del Gato PUMA en el lado opuesto.<\/p>\n<p>Consejos para la impresi\u00f3n: Si el nombre y el n\u00famero que aparecen en la imagen son exactamente los que desea, no es necesario que los vuelva a introducir. En caso contrario, deber\u00e1 introducir el nombre y el n\u00famero que desee.<\/p>\n<p>Consejos de lavado: Se recomienda lavar las camisetas de f\u00fatbol a mano. Si desea utilizar la lavadora, recuerde poner las camisetas de f\u00fatbol del rev\u00e9s y luego lavarlas. Llena la lavadora con agua fr\u00eda y utiliza un ciclo delicado para proteger mejor los colores.<\/p>","protected":false},"excerpt":{"rendered":"<p>Dein junger Fu\u00dfballer wird die dryCELL Technologie in diesem Trikot zu sch\u00e4tzen wissen, die daf\u00fcr sorgt, dass die Feuchtigkeit vom K\u00f6rper weggeleitet wird. Damit wird er die ganze Einheit \u00fcber trocken und bequem bleiben. Aber dieses Trikot zelebriert auch die Kraft und den Einfluss, den der Sport auf die Welt im Allgemeinen haben kann. Es [&hellip;]<\/p>","protected":false},"featured_media":2495,"comment_status":"open","ping_status":"closed","template":"","meta":[],"product_brand":[],"product_cat":[92],"product_tag":[19,93,20,94],"class_list":{"0":"post-2454","1":"product","2":"type-product","3":"status-publish","4":"has-post-thumbnail","6":"product_cat-ac-mailand-kindertrikot","7":"product_tag-ac-milan-auswaertstrikot","8":"product_tag-ac-milan-trikotsatz-fuer-kinder","9":"product_tag-coole-fussballtrikots","10":"product_tag-kinder-fussball-trikotsatz","12":"first","13":"instock","14":"shipping-taxable","15":"purchasable","16":"product-type-variable"},"_links":{"self":[{"href":"https:\/\/www.billigtrikotde.com\/es\/wp-json\/wp\/v2\/product\/2454","targetHints":{"allow":["GET"]}}],"collection":[{"href":"https:\/\/www.billigtrikotde.com\/es\/wp-json\/wp\/v2\/product"}],"about":[{"href":"https:\/\/www.billigtrikotde.com\/es\/wp-json\/wp\/v2\/types\/product"}],"replies":[{"embeddable":true,"href":"https:\/\/www.billigtrikotde.com\/es\/wp-json\/wp\/v2\/comments?post=2454"}],"wp:featuredmedia":[{"embeddable":true,"href":"https:\/\/www.billigtrikotde.com\/es\/wp-json\/wp\/v2\/media\/2495"}],"wp:attachment":[{"href":"https:\/\/www.billigtrikotde.com\/es\/wp-json\/wp\/v2\/media?parent=2454"}],"wp:term":[{"taxonomy":"product_brand","embeddable":true,"href":"https:\/\/www.billigtrikotde.com\/es\/wp-json\/wp\/v2\/product_brand?post=2454"},{"taxonomy":"product_cat","embeddable":true,"href":"https:\/\/www.billigtrikotde.com\/es\/wp-json\/wp\/v2\/product_cat?post=2454"},{"taxonomy":"product_tag","embeddable":true,"href":"https:\/\/www.billigtrikotde.com\/es\/wp-json\/wp\/v2\/product_tag?post=2454"}],"curies":[{"name":"wp","href":"https:\/\/api.w.org\/{rel}","templated":true}]}}