{"id":2417,"date":"2024-10-23T14:15:58","date_gmt":"2024-10-23T12:15:58","guid":{"rendered":"http:\/\/billigtrikots.com\/?post_type=product&#038;p=2417"},"modified":"2024-10-23T14:18:03","modified_gmt":"2024-10-23T12:18:03","slug":"fussball-trikots-langarm-atletico-madrid-2022-heimtrikot-mit-aufdruck-lemar-11","status":"publish","type":"product","link":"https:\/\/www.billigtrikotde.com\/es\/fussball-trikots-langarm-atletico-madrid-2022-heimtrikot-mit-aufdruck-lemar-11\/","title":{"rendered":"Camisetas F\u00fatbol manga larga Camiseta local Atl\u00e9tico Madrid 2022 con estampado LEMAR 11"},"content":{"rendered":"<p>Representa a tu equipo favorito con la camiseta de partido del Atl\u00e9tico de Madrid. El tejido resistente al sudor te mantiene seco y c\u00f3modo en el campo y en las gradas, y los detalles del equipo te permiten mostrar tu apoyo all\u00e1 donde vayas.<\/p>\n<p>Consejos para la impresi\u00f3n: Si el nombre y el n\u00famero que aparecen en la imagen son exactamente los que desea, no es necesario que los vuelva a introducir. En caso contrario, deber\u00e1 introducir el nombre y el n\u00famero que desee.<\/p>\n<p>Consejos de lavado: Se recomienda lavar las camisetas de f\u00fatbol a mano. Si desea utilizar la lavadora, recuerde poner las camisetas de f\u00fatbol del rev\u00e9s y luego lavarlas. Llena la lavadora con agua fr\u00eda y utiliza un ciclo delicado para proteger mejor los colores.<\/p>","protected":false},"excerpt":{"rendered":"<p>Repr\u00e4sentieren Sie Ihre Lieblingsmannschaft mit dem Atl\u00e9tico de Madrid Heimspieltrikot. Das schwei\u00dfresistente Gewebe h\u00e4lt Sie auf dem Spielfeld und auf der Trib\u00fcne trocken und komfortabel, und die Teamdetails lassen Sie Ihre Unterst\u00fctzung zeigen, wo immer Sie gehen. Tipps zum Drucken: Wenn der Name und die Nummer auf dem Bild genau Ihren W\u00fcnschen entsprechen, m\u00fcssen Sie [&hellip;]<\/p>","protected":false},"featured_media":2459,"comment_status":"open","ping_status":"closed","template":"","meta":[],"product_brand":[],"product_cat":[88],"product_tag":[89,90,20,38,21,24],"class_list":{"0":"post-2417","1":"product","2":"type-product","3":"status-publish","4":"has-post-thumbnail","6":"product_cat-atletico-madrid","7":"product_tag-atletico-madrid-heimtrikot","8":"product_tag-atletico-madrid-trikots","9":"product_tag-coole-fussballtrikots","10":"product_tag-fussball-trikot-langarm","11":"product_tag-fussballtrikot-fuer-herren","12":"product_tag-guenstiges-fussballtrikot","14":"first","15":"instock","16":"shipping-taxable","17":"purchasable","18":"product-type-variable"},"_links":{"self":[{"href":"https:\/\/www.billigtrikotde.com\/es\/wp-json\/wp\/v2\/product\/2417","targetHints":{"allow":["GET"]}}],"collection":[{"href":"https:\/\/www.billigtrikotde.com\/es\/wp-json\/wp\/v2\/product"}],"about":[{"href":"https:\/\/www.billigtrikotde.com\/es\/wp-json\/wp\/v2\/types\/product"}],"replies":[{"embeddable":true,"href":"https:\/\/www.billigtrikotde.com\/es\/wp-json\/wp\/v2\/comments?post=2417"}],"wp:featuredmedia":[{"embeddable":true,"href":"https:\/\/www.billigtrikotde.com\/es\/wp-json\/wp\/v2\/media\/2459"}],"wp:attachment":[{"href":"https:\/\/www.billigtrikotde.com\/es\/wp-json\/wp\/v2\/media?parent=2417"}],"wp:term":[{"taxonomy":"product_brand","embeddable":true,"href":"https:\/\/www.billigtrikotde.com\/es\/wp-json\/wp\/v2\/product_brand?post=2417"},{"taxonomy":"product_cat","embeddable":true,"href":"https:\/\/www.billigtrikotde.com\/es\/wp-json\/wp\/v2\/product_cat?post=2417"},{"taxonomy":"product_tag","embeddable":true,"href":"https:\/\/www.billigtrikotde.com\/es\/wp-json\/wp\/v2\/product_tag?post=2417"}],"curies":[{"name":"wp","href":"https:\/\/api.w.org\/{rel}","templated":true}]}}