{"id":24063,"date":"2026-01-18T08:35:40","date_gmt":"2026-01-18T07:35:40","guid":{"rendered":"https:\/\/www.billigtrikotde.com\/?post_type=product&#038;p=24063"},"modified":"2026-01-18T08:35:40","modified_gmt":"2026-01-18T07:35:40","slug":"manchester-united-guenstige-bryan-mbeumo-19-3rd-trikot-kinder-2025-26-fussballtrikots-set","status":"publish","type":"product","link":"https:\/\/www.billigtrikotde.com\/es\/manchester-united-guenstige-bryan-mbeumo-19-3rd-trikot-kinder-2025-26-fussballtrikots-set\/","title":{"rendered":"Manchester United G\u00fcnstige Bryan Mbeumo #19 3rd trikot Kinder 2025-26 Fu\u00dfballtrikots Set"},"content":{"rendered":"<p>Manchester United conjunto de camisetas de f\u00fatbol para ni\u00f1os Consejos de impresi\u00f3n: si el nombre y el n\u00famero de la imagen coinciden exactamente con tus deseos, no necesitas volver a introducirlos. Si no, deber\u00edas introducir el nombre y el n\u00famero que desees.<\/p>\n<p>Consejos de lavado: Se recomienda lavar las camisetas de f\u00fatbol a mano. Si desea utilizar la lavadora, recuerde poner las camisetas de f\u00fatbol del rev\u00e9s y luego lavarlas. Llena la lavadora con agua fr\u00eda y utiliza un ciclo delicado para proteger mejor los colores.<\/p>","protected":false},"excerpt":{"rendered":"<p>Manchester United Fu\u00dfball Trikotsatz Kinder Consejos de impresi\u00f3n: Si el nombre y el n\u00famero en la imagen corresponden exactamente a tus deseos, no necesitas volver a introducirlos. Si no, debes introducir el nombre y el n\u00famero que desees. Consejos de lavado: se recomienda lavar las camisetas de f\u00fatbol a mano. Si quieres usar la lavadora, [\u2026]<\/p>","protected":false},"featured_media":24065,"comment_status":"open","ping_status":"closed","template":"","meta":[],"product_brand":[],"product_cat":[140],"product_tag":[],"class_list":{"0":"post-24063","1":"product","2":"type-product","3":"status-publish","4":"has-post-thumbnail","6":"product_cat-manchester-united-kindertrikot","8":"first","9":"instock","10":"shipping-taxable","11":"purchasable","12":"product-type-variable"},"_links":{"self":[{"href":"https:\/\/www.billigtrikotde.com\/es\/wp-json\/wp\/v2\/product\/24063","targetHints":{"allow":["GET"]}}],"collection":[{"href":"https:\/\/www.billigtrikotde.com\/es\/wp-json\/wp\/v2\/product"}],"about":[{"href":"https:\/\/www.billigtrikotde.com\/es\/wp-json\/wp\/v2\/types\/product"}],"replies":[{"embeddable":true,"href":"https:\/\/www.billigtrikotde.com\/es\/wp-json\/wp\/v2\/comments?post=24063"}],"wp:featuredmedia":[{"embeddable":true,"href":"https:\/\/www.billigtrikotde.com\/es\/wp-json\/wp\/v2\/media\/24065"}],"wp:attachment":[{"href":"https:\/\/www.billigtrikotde.com\/es\/wp-json\/wp\/v2\/media?parent=24063"}],"wp:term":[{"taxonomy":"product_brand","embeddable":true,"href":"https:\/\/www.billigtrikotde.com\/es\/wp-json\/wp\/v2\/product_brand?post=24063"},{"taxonomy":"product_cat","embeddable":true,"href":"https:\/\/www.billigtrikotde.com\/es\/wp-json\/wp\/v2\/product_cat?post=24063"},{"taxonomy":"product_tag","embeddable":true,"href":"https:\/\/www.billigtrikotde.com\/es\/wp-json\/wp\/v2\/product_tag?post=24063"}],"curies":[{"name":"wp","href":"https:\/\/api.w.org\/{rel}","templated":true}]}}