{"id":2384,"date":"2024-10-23T14:14:21","date_gmt":"2024-10-23T12:14:21","guid":{"rendered":"http:\/\/billigtrikots.com\/?post_type=product&#038;p=2384"},"modified":"2024-10-23T14:16:24","modified_gmt":"2024-10-23T12:16:24","slug":"as-roma-2022-heimtrikot-rot-trikotsatz-kurzarm-kurze-hosen-spinazzola-37","status":"publish","type":"product","link":"https:\/\/www.billigtrikotde.com\/es\/as-roma-2022-heimtrikot-rot-trikotsatz-kurzarm-kurze-hosen-spinazzola-37\/","title":{"rendered":"AS Roma 2022 camiseta de casa roja set de equipaci\u00f3n de manga corta + pantal\u00f3n corto SPINAZZOLA 37"},"content":{"rendered":"<p>Cada verdadero seguidor de AS Roma necesita esta camiseta deportiva de local, ya que incluso los jugadores la llevan en la Serie A. Su funcionamiento transpirable, c\u00f3moda, ligera y que aleja el sudor, la hace convincente. Con esta camiseta puedes confiar en el escudo del club en el pecho. No importa cu\u00e1n duro sea el entrenamiento o el partido, con este modelo siempre estar\u00e1s [\u2026]<\/p>\n<p>Consejos para la impresi\u00f3n: Si el nombre y el n\u00famero que aparecen en la imagen son exactamente los que desea, no es necesario que los vuelva a introducir. En caso contrario, deber\u00e1 introducir el nombre y el n\u00famero que desee.<\/p>\n<p>Consejos de lavado: Se recomienda lavar las camisetas de f\u00fatbol a mano. Si desea utilizar la lavadora, recuerde poner las camisetas de f\u00fatbol del rev\u00e9s y luego lavarlas. Llena la lavadora con agua fr\u00eda y utiliza un ciclo delicado para proteger mejor los colores.<\/p>","protected":false},"excerpt":{"rendered":"<p>Cada verdadero seguidor de AS Roma necesita esta camiseta deportiva de local, ya que incluso los jugadores la llevan en la Serie A. Su funcionamiento transpirable, c\u00f3moda, ligera y que aleja el sudor, la hace convincente. Con esta camiseta puedes confiar en el escudo del club en el pecho. No importa cu\u00e1n duro sea el entrenamiento o el partido, con este modelo siempre estar\u00e1s [\u2026]<\/p>","protected":false},"featured_media":2424,"comment_status":"open","ping_status":"closed","template":"","meta":[],"product_brand":[],"product_cat":[85],"product_tag":[86,87,20,21,22,23,24],"class_list":{"0":"post-2384","1":"product","2":"type-product","3":"status-publish","4":"has-post-thumbnail","6":"product_cat-as-roma","7":"product_tag-as-roma-heimtrikot","8":"product_tag-as-roma-trikots","9":"product_tag-coole-fussballtrikots","10":"product_tag-fussballtrikot-fuer-herren","11":"product_tag-fussballtrikot-guenstig-kaufen","12":"product_tag-fussballtrikot-kurzarm","13":"product_tag-guenstiges-fussballtrikot","15":"first","16":"instock","17":"shipping-taxable","18":"purchasable","19":"product-type-variable"},"_links":{"self":[{"href":"https:\/\/www.billigtrikotde.com\/es\/wp-json\/wp\/v2\/product\/2384","targetHints":{"allow":["GET"]}}],"collection":[{"href":"https:\/\/www.billigtrikotde.com\/es\/wp-json\/wp\/v2\/product"}],"about":[{"href":"https:\/\/www.billigtrikotde.com\/es\/wp-json\/wp\/v2\/types\/product"}],"replies":[{"embeddable":true,"href":"https:\/\/www.billigtrikotde.com\/es\/wp-json\/wp\/v2\/comments?post=2384"}],"wp:featuredmedia":[{"embeddable":true,"href":"https:\/\/www.billigtrikotde.com\/es\/wp-json\/wp\/v2\/media\/2424"}],"wp:attachment":[{"href":"https:\/\/www.billigtrikotde.com\/es\/wp-json\/wp\/v2\/media?parent=2384"}],"wp:term":[{"taxonomy":"product_brand","embeddable":true,"href":"https:\/\/www.billigtrikotde.com\/es\/wp-json\/wp\/v2\/product_brand?post=2384"},{"taxonomy":"product_cat","embeddable":true,"href":"https:\/\/www.billigtrikotde.com\/es\/wp-json\/wp\/v2\/product_cat?post=2384"},{"taxonomy":"product_tag","embeddable":true,"href":"https:\/\/www.billigtrikotde.com\/es\/wp-json\/wp\/v2\/product_tag?post=2384"}],"curies":[{"name":"wp","href":"https:\/\/api.w.org\/{rel}","templated":true}]}}