{"id":23672,"date":"2025-11-05T11:43:29","date_gmt":"2025-11-05T10:43:29","guid":{"rendered":"https:\/\/www.billigtrikotde.com\/?post_type=product&#038;p=23672"},"modified":"2025-11-05T11:47:14","modified_gmt":"2025-11-05T10:47:14","slug":"manchester-city-guenstige-matheus-nunes-27-3rd-trikot-kinder-2025-26-fussballtrikots-set","status":"publish","type":"product","link":"https:\/\/www.billigtrikotde.com\/es\/manchester-city-guenstige-matheus-nunes-27-3rd-trikot-kinder-2025-26-fussballtrikots-set\/","title":{"rendered":"Manchester City Camiseta barata de Matheus Nunes #27 3\u00aa camiseta infantil 2025-26 conjuntos de camisetas de f\u00fatbol"},"content":{"rendered":"<p>Camisetas de f\u00fatbol infantiles de Manchester City - Consejos para imprimir: si el nombre y el n\u00famero en la imagen coinciden exactamente con tus deseos, no es necesario que los vuelvas a ingresar. Si no, debes ingresar el nombre y el n\u00famero que deseas.<\/p>\n<p>Consejos de lavado: Se recomienda lavar las camisetas de f\u00fatbol a mano. Si desea utilizar la lavadora, recuerde poner las camisetas de f\u00fatbol del rev\u00e9s y luego lavarlas. Llena la lavadora con agua fr\u00eda y utiliza un ciclo delicado para proteger mejor los colores.<\/p>","protected":false},"excerpt":{"rendered":"<p>Camisetas de f\u00fatbol de Manchester City para ni\u00f1os - Consejos para imprimir: Cuando el nombre y el n\u00famero en la imagen coincidan exactamente con tus deseos, no ser\u00e1 necesario ingresarlos nuevamente. Si no, debes ingresar el nombre y el n\u00famero que deseas. Consejos para lavar: Se recomienda lavar las camisetas de f\u00fatbol a mano. Si deseas usar la lavadora, recuerda que las camisetas de f\u00fatbol [\u2026]<\/p>","protected":false},"featured_media":23674,"comment_status":"open","ping_status":"closed","template":"","meta":[],"product_brand":[],"product_cat":[144],"product_tag":[1700,1699],"class_list":{"0":"post-23672","1":"product","2":"type-product","3":"status-publish","4":"has-post-thumbnail","6":"product_cat-manchester-city-kindertrikot","7":"product_tag-guenstige-matheus-nunes-trikot-kinder","8":"product_tag-matheus-nunes-trikot-kinder-kaufen","10":"first","11":"instock","12":"shipping-taxable","13":"purchasable","14":"product-type-variable"},"_links":{"self":[{"href":"https:\/\/www.billigtrikotde.com\/es\/wp-json\/wp\/v2\/product\/23672","targetHints":{"allow":["GET"]}}],"collection":[{"href":"https:\/\/www.billigtrikotde.com\/es\/wp-json\/wp\/v2\/product"}],"about":[{"href":"https:\/\/www.billigtrikotde.com\/es\/wp-json\/wp\/v2\/types\/product"}],"replies":[{"embeddable":true,"href":"https:\/\/www.billigtrikotde.com\/es\/wp-json\/wp\/v2\/comments?post=23672"}],"wp:featuredmedia":[{"embeddable":true,"href":"https:\/\/www.billigtrikotde.com\/es\/wp-json\/wp\/v2\/media\/23674"}],"wp:attachment":[{"href":"https:\/\/www.billigtrikotde.com\/es\/wp-json\/wp\/v2\/media?parent=23672"}],"wp:term":[{"taxonomy":"product_brand","embeddable":true,"href":"https:\/\/www.billigtrikotde.com\/es\/wp-json\/wp\/v2\/product_brand?post=23672"},{"taxonomy":"product_cat","embeddable":true,"href":"https:\/\/www.billigtrikotde.com\/es\/wp-json\/wp\/v2\/product_cat?post=23672"},{"taxonomy":"product_tag","embeddable":true,"href":"https:\/\/www.billigtrikotde.com\/es\/wp-json\/wp\/v2\/product_tag?post=23672"}],"curies":[{"name":"wp","href":"https:\/\/api.w.org\/{rel}","templated":true}]}}