{"id":23357,"date":"2025-11-04T15:22:48","date_gmt":"2025-11-04T14:22:48","guid":{"rendered":"https:\/\/www.billigtrikotde.com\/?post_type=product&#038;p=23357"},"modified":"2025-11-04T15:23:47","modified_gmt":"2025-11-04T14:23:47","slug":"barcelona-guenstige-dani-olmo-20-3rd-trikot-kinder-2025-26-fussball-trikotsatz","status":"publish","type":"product","link":"https:\/\/www.billigtrikotde.com\/es\/barcelona-guenstige-dani-olmo-20-3rd-trikot-kinder-2025-26-fussball-trikotsatz\/","title":{"rendered":"Barcelona Camiseta barata Dani Olmo #20 3\u00aa camiseta Infantil 2025-26 Conjunto de camisetas de f\u00fatbol"},"content":{"rendered":"<p>Camisetas de f\u00fatbol para ni\u00f1os de Barcelona Consejos para imprimir: Si el nombre y el n\u00famero en la imagen coinciden exactamente con sus deseos, no es necesario volver a ingresarlos. Si no, debe ingresar el nombre y el n\u00famero que desea.<\/p>\n<p>Camisetas de f\u00fatbol para ni\u00f1os de Barcelona Consejos para lavar: Se recomienda lavar las camisetas de f\u00fatbol a mano. Si desea usar la lavadora, recuerde voltear las camisetas y luego lavarlas. Llene la m\u00e1quina con agua fr\u00eda y utilice un ciclo suave para proteger mejor los colores.<\/p>","protected":false},"excerpt":{"rendered":"<p>Camisetas de f\u00fatbol para ni\u00f1os de Barcelona Consejos para imprimir: si el nombre y el n\u00famero en la imagen coinciden exactamente con sus deseos, no es necesario volver a ingresarlos. Si no, debe ingresar el nombre y el n\u00famero deseados. Consejos para lavar las camisetas de f\u00fatbol de Barcelona: se recomienda lavar las camisetas de f\u00fatbol a mano. Si desea usar la lavadora, piense en [\u2026]<\/p>","protected":false},"featured_media":23359,"comment_status":"open","ping_status":"closed","template":"","meta":[],"product_brand":[],"product_cat":[146],"product_tag":[1671,1672],"class_list":{"0":"post-23357","1":"product","2":"type-product","3":"status-publish","4":"has-post-thumbnail","6":"product_cat-barcelona-kindertrikot","7":"product_tag-dani-olmo-trikot-kinder-kaufen","8":"product_tag-guenstige-dani-olmo-trikot-kinder","10":"first","11":"instock","12":"shipping-taxable","13":"purchasable","14":"product-type-variable"},"_links":{"self":[{"href":"https:\/\/www.billigtrikotde.com\/es\/wp-json\/wp\/v2\/product\/23357","targetHints":{"allow":["GET"]}}],"collection":[{"href":"https:\/\/www.billigtrikotde.com\/es\/wp-json\/wp\/v2\/product"}],"about":[{"href":"https:\/\/www.billigtrikotde.com\/es\/wp-json\/wp\/v2\/types\/product"}],"replies":[{"embeddable":true,"href":"https:\/\/www.billigtrikotde.com\/es\/wp-json\/wp\/v2\/comments?post=23357"}],"wp:featuredmedia":[{"embeddable":true,"href":"https:\/\/www.billigtrikotde.com\/es\/wp-json\/wp\/v2\/media\/23359"}],"wp:attachment":[{"href":"https:\/\/www.billigtrikotde.com\/es\/wp-json\/wp\/v2\/media?parent=23357"}],"wp:term":[{"taxonomy":"product_brand","embeddable":true,"href":"https:\/\/www.billigtrikotde.com\/es\/wp-json\/wp\/v2\/product_brand?post=23357"},{"taxonomy":"product_cat","embeddable":true,"href":"https:\/\/www.billigtrikotde.com\/es\/wp-json\/wp\/v2\/product_cat?post=23357"},{"taxonomy":"product_tag","embeddable":true,"href":"https:\/\/www.billigtrikotde.com\/es\/wp-json\/wp\/v2\/product_tag?post=23357"}],"curies":[{"name":"wp","href":"https:\/\/api.w.org\/{rel}","templated":true}]}}