{"id":2330,"date":"2024-10-23T14:12:06","date_gmt":"2024-10-23T12:12:06","guid":{"rendered":"http:\/\/billigtrikots.com\/?post_type=product&#038;p=2330"},"modified":"2024-10-23T14:14:10","modified_gmt":"2024-10-23T12:14:10","slug":"manchester-city-auswaertstrikot-2022-weiss-hellblau-mit-aufdruck-mangala-15","status":"publish","type":"product","link":"https:\/\/www.billigtrikotde.com\/es\/manchester-city-auswaertstrikot-2022-weiss-hellblau-mit-aufdruck-mangala-15\/","title":{"rendered":"Manchester City away kit 2022 blanco\/azul claro con estampado MANGALA 15"},"content":{"rendered":"<p>La \u00faltima camiseta Puma MCFC de visitante para hombre viene en un color inusualmente brillante y, por lo tanto, \u00a1es realmente \u00fanica! Por supuesto, est\u00e1 adornada con el orgulloso logotipo del club, detalles del patrocinador oficial y el legendario Gato Puma. \u00a1No te pierdas este dise\u00f1o \u00fanico!<\/p>\n<p>Est\u00e1 confeccionada con poli\u00e9ster reciclado 100% y, gracias a la tecnolog\u00eda dryCELL, garantiza una buena gesti\u00f3n del calor y la humedad. Esto mantiene tu cuerpo seco y fresco, y puedes estar seguro de una calidad sostenible. El corte especial de la r\u00e9plica difiere ligeramente de las camisetas de jugador m\u00e1s ajustadas y garantiza la m\u00e1xima libertad de movimiento en todas las direcciones.<\/p>\n<p>\u00a1Demuestra tu lealtad y fidelidad sin importar cu\u00e1ndo y d\u00f3nde est\u00e9n los Citizens en el campo! Consigue la camiseta oficial Puma del Manchester City 2021\/22 y celebra el \u00e9xito del equipo.<\/p>\n<p>Consejos para la impresi\u00f3n: Si el nombre y el n\u00famero que aparecen en la imagen son exactamente los que desea, no es necesario que los vuelva a introducir. En caso contrario, deber\u00e1 introducir el nombre y el n\u00famero que desee.<\/p>\n<p>Consejos de lavado: Se recomienda lavar las camisetas de f\u00fatbol a mano. Si desea utilizar la lavadora, recuerde poner las camisetas de f\u00fatbol del rev\u00e9s y luego lavarlas. Llena la lavadora con agua fr\u00eda y utiliza un ciclo delicado para proteger mejor los colores.<\/p>","protected":false},"excerpt":{"rendered":"<p>Das aktuelle Puma MCFC Herren Ausw\u00e4rts Trikot zeigt sich in einer ungew\u00f6hnlich hellen Farbe und ist somit ein echtes Unikat! Es ist nat\u00fcrlich mit dem stolzen Vereinslogo, offiziellen Sponsorendetails und der legend\u00e4ren Puma Cat geschm\u00fcckt. Dieses einzigartige Design darfst du dir nicht entgehen lassen! Gefertigt wird es aus 100% recyceltem Polyester und dank der dryCELL [&hellip;]<\/p>","protected":false},"featured_media":2364,"comment_status":"open","ping_status":"closed","template":"","meta":[],"product_brand":[],"product_cat":[82],"product_tag":[20,21,22,23,24,83,84],"class_list":{"0":"post-2330","1":"product","2":"type-product","3":"status-publish","4":"has-post-thumbnail","6":"product_cat-manchester-city","7":"product_tag-coole-fussballtrikots","8":"product_tag-fussballtrikot-fuer-herren","9":"product_tag-fussballtrikot-guenstig-kaufen","10":"product_tag-fussballtrikot-kurzarm","11":"product_tag-guenstiges-fussballtrikot","12":"product_tag-manchester-city-auswaertstrikot","13":"product_tag-manchester-city-trikots","15":"first","16":"instock","17":"shipping-taxable","18":"purchasable","19":"product-type-variable"},"_links":{"self":[{"href":"https:\/\/www.billigtrikotde.com\/es\/wp-json\/wp\/v2\/product\/2330","targetHints":{"allow":["GET"]}}],"collection":[{"href":"https:\/\/www.billigtrikotde.com\/es\/wp-json\/wp\/v2\/product"}],"about":[{"href":"https:\/\/www.billigtrikotde.com\/es\/wp-json\/wp\/v2\/types\/product"}],"replies":[{"embeddable":true,"href":"https:\/\/www.billigtrikotde.com\/es\/wp-json\/wp\/v2\/comments?post=2330"}],"wp:featuredmedia":[{"embeddable":true,"href":"https:\/\/www.billigtrikotde.com\/es\/wp-json\/wp\/v2\/media\/2364"}],"wp:attachment":[{"href":"https:\/\/www.billigtrikotde.com\/es\/wp-json\/wp\/v2\/media?parent=2330"}],"wp:term":[{"taxonomy":"product_brand","embeddable":true,"href":"https:\/\/www.billigtrikotde.com\/es\/wp-json\/wp\/v2\/product_brand?post=2330"},{"taxonomy":"product_cat","embeddable":true,"href":"https:\/\/www.billigtrikotde.com\/es\/wp-json\/wp\/v2\/product_cat?post=2330"},{"taxonomy":"product_tag","embeddable":true,"href":"https:\/\/www.billigtrikotde.com\/es\/wp-json\/wp\/v2\/product_tag?post=2330"}],"curies":[{"name":"wp","href":"https:\/\/api.w.org\/{rel}","templated":true}]}}