{"id":2303,"date":"2024-10-23T14:11:23","date_gmt":"2024-10-23T12:11:23","guid":{"rendered":"http:\/\/billigtrikots.com\/?post_type=product&#038;p=2303"},"modified":"2024-10-23T14:11:44","modified_gmt":"2024-10-23T12:11:44","slug":"james-maddison-10-leicester-city-fc-2022-home-fussball-trikots-herren","status":"publish","type":"product","link":"https:\/\/www.billigtrikotde.com\/es\/james-maddison-10-leicester-city-fc-2022-home-fussball-trikots-herren\/","title":{"rendered":"James Maddison #10 Leicester City FC 2022 Home Camisetas de F\u00fatbol Hombre"},"content":{"rendered":"<p>Juegue como los profesionales en la cancha con estos pantalones cortos de home de Leicester City FC 2021\/22 para hombre. Estos pantalones cortos ligeros est\u00e1n disponibles en color blanco y est\u00e1n hechos de tejido de poli\u00e9ster suave Primegreen con tecnolog\u00eda AEROREADY, que absorbe el sudor para un confort fresco. Presenta una cintura el\u00e1stica con cordones ajustables para un ajuste personalizado, as\u00ed como tres rayas contrastadas en los laterales. Estampado con un logotipo deportivo y el ic\u00f3nico emblema de Foxes en cada pierna. Lavable a m\u00e1quina.<\/p>\n<p>Consejos para la impresi\u00f3n: Si el nombre y el n\u00famero que aparecen en la imagen son exactamente los que desea, no es necesario que los vuelva a introducir. En caso contrario, deber\u00e1 introducir el nombre y el n\u00famero que desee.<\/p>\n<p>Consejos de lavado: Se recomienda lavar las camisetas de f\u00fatbol a mano. Si desea utilizar la lavadora, recuerde poner las camisetas de f\u00fatbol del rev\u00e9s y luego lavarlas. Llena la lavadora con agua fr\u00eda y utiliza un ciclo delicado para proteger mejor los colores.<\/p>","protected":false},"excerpt":{"rendered":"<p>Spielen Sie wie die Profis auf dem Platz mit diesen Leicester City FC 2021\/22 Heimshorts f\u00fcr Herren. Diese leichte Shorts ist in einer wei\u00dfen Farbgebung erh\u00e4ltlich und besteht aus glattem Primegreen-Polyestergewebe mit AEROREADY-Technologie, die Schwei\u00df f\u00fcr k\u00fchlen Komfort ableitet. Sie verf\u00fcgt \u00fcber einen elastischen Bund mit verstellbaren Kordeln f\u00fcr eine individuelle Passform sowie kontrastierende 3-Streifen [&hellip;]<\/p>","protected":false},"featured_media":2307,"comment_status":"open","ping_status":"closed","template":"","meta":[],"product_brand":[],"product_cat":[80],"product_tag":[20,21,22,23,54,24,81],"class_list":{"0":"post-2303","1":"product","2":"type-product","3":"status-publish","4":"has-post-thumbnail","6":"product_cat-leicester-city","7":"product_tag-coole-fussballtrikots","8":"product_tag-fussballtrikot-fuer-herren","9":"product_tag-fussballtrikot-guenstig-kaufen","10":"product_tag-fussballtrikot-kurzarm","11":"product_tag-fussballtrikot-set","12":"product_tag-guenstiges-fussballtrikot","13":"product_tag-leicester-city-f-c-trikots","15":"first","16":"instock","17":"shipping-taxable","18":"purchasable","19":"product-type-variable"},"_links":{"self":[{"href":"https:\/\/www.billigtrikotde.com\/es\/wp-json\/wp\/v2\/product\/2303","targetHints":{"allow":["GET"]}}],"collection":[{"href":"https:\/\/www.billigtrikotde.com\/es\/wp-json\/wp\/v2\/product"}],"about":[{"href":"https:\/\/www.billigtrikotde.com\/es\/wp-json\/wp\/v2\/types\/product"}],"replies":[{"embeddable":true,"href":"https:\/\/www.billigtrikotde.com\/es\/wp-json\/wp\/v2\/comments?post=2303"}],"wp:featuredmedia":[{"embeddable":true,"href":"https:\/\/www.billigtrikotde.com\/es\/wp-json\/wp\/v2\/media\/2307"}],"wp:attachment":[{"href":"https:\/\/www.billigtrikotde.com\/es\/wp-json\/wp\/v2\/media?parent=2303"}],"wp:term":[{"taxonomy":"product_brand","embeddable":true,"href":"https:\/\/www.billigtrikotde.com\/es\/wp-json\/wp\/v2\/product_brand?post=2303"},{"taxonomy":"product_cat","embeddable":true,"href":"https:\/\/www.billigtrikotde.com\/es\/wp-json\/wp\/v2\/product_cat?post=2303"},{"taxonomy":"product_tag","embeddable":true,"href":"https:\/\/www.billigtrikotde.com\/es\/wp-json\/wp\/v2\/product_tag?post=2303"}],"curies":[{"name":"wp","href":"https:\/\/api.w.org\/{rel}","templated":true}]}}